{"id":672,"date":"2023-09-24T04:47:51","date_gmt":"2023-09-24T04:47:51","guid":{"rendered":"https:\/\/wordpress-969684-3873137.cloudwaysapps.com\/?page_id=672"},"modified":"2023-09-24T05:02:15","modified_gmt":"2023-09-24T05:02:15","slug":"agb","status":"publish","type":"page","link":"https:\/\/flatify-app.com\/en\/agb\/","title":{"rendered":"agb"},"content":{"rendered":"<div data-elementor-type=\"wp-page\" data-elementor-id=\"672\" class=\"elementor elementor-672\" data-elementor-post-type=\"page\">\n\t\t\t\t\t\t<section class=\"elementor-section elementor-top-section elementor-element elementor-element-b8f53dd elementor-section-boxed elementor-section-height-default elementor-section-height-default\" data-id=\"b8f53dd\" data-element_type=\"section\" data-settings=\"{&quot;background_background&quot;:&quot;classic&quot;}\">\n\t\t\t\t\t\t\t<div class=\"elementor-background-overlay\"><\/div>\n\t\t\t\t\t\t\t<div class=\"elementor-container elementor-column-gap-default\">\n\t\t\t\t\t<div class=\"elementor-column elementor-col-100 elementor-top-column elementor-element elementor-element-9f0195d\" data-id=\"9f0195d\" data-element_type=\"column\">\n\t\t\t<div class=\"elementor-widget-wrap elementor-element-populated\">\n\t\t\t\t\t\t<div class=\"elementor-element elementor-element-c198a5c elementor-widget elementor-widget-heading\" data-id=\"c198a5c\" data-element_type=\"widget\" data-widget_type=\"heading.default\">\n\t\t\t\t<div class=\"elementor-widget-container\">\n\t\t\t<style>\/*! elementor - v3.22.0 - 26-06-2024 *\/\n.elementor-heading-title{padding:0;margin:0;line-height:1}.elementor-widget-heading .elementor-heading-title[class*=elementor-size-]>a{color:inherit;font-size:inherit;line-height:inherit}.elementor-widget-heading .elementor-heading-title.elementor-size-small{font-size:15px}.elementor-widget-heading .elementor-heading-title.elementor-size-medium{font-size:19px}.elementor-widget-heading .elementor-heading-title.elementor-size-large{font-size:29px}.elementor-widget-heading .elementor-heading-title.elementor-size-xl{font-size:39px}.elementor-widget-heading .elementor-heading-title.elementor-size-xxl{font-size:59px}<\/style><h2 class=\"elementor-heading-title elementor-size-default\">Terms and Conditions<\/h2>\t\t<\/div>\n\t\t\t\t<\/div>\n\t\t\t\t<div class=\"elementor-element elementor-element-a0f58df elementor-widget elementor-widget-text-editor\" data-id=\"a0f58df\" data-element_type=\"widget\" data-widget_type=\"text-editor.default\">\n\t\t\t\t<div class=\"elementor-widget-container\">\n\t\t\t<style>\/*! elementor - v3.22.0 - 26-06-2024 *\/\n.elementor-widget-text-editor.elementor-drop-cap-view-stacked .elementor-drop-cap{background-color:#69727d;color:#fff}.elementor-widget-text-editor.elementor-drop-cap-view-framed .elementor-drop-cap{color:#69727d;border:3px solid;background-color:transparent}.elementor-widget-text-editor:not(.elementor-drop-cap-view-default) .elementor-drop-cap{margin-top:8px}.elementor-widget-text-editor:not(.elementor-drop-cap-view-default) .elementor-drop-cap-letter{width:1em;height:1em}.elementor-widget-text-editor .elementor-drop-cap{float:left;text-align:center;line-height:1;font-size:50px}.elementor-widget-text-editor .elementor-drop-cap-letter{display:inline-block}<\/style>\t\t\t\t<div class=\"my-6 text-center\"><p class=\"font-size-xl\">Perfect! You are in the right place.<\/p><\/div>\t\t\t\t\t\t<\/div>\n\t\t\t\t<\/div>\n\t\t\t\t\t<\/div>\n\t\t<\/div>\n\t\t\t\t\t<\/div>\n\t\t<\/section>\n\t\t\t\t<section class=\"elementor-section elementor-top-section elementor-element elementor-element-7c3b8e3 elementor-section-boxed elementor-section-height-default elementor-section-height-default\" data-id=\"7c3b8e3\" data-element_type=\"section\">\n\t\t\t\t\t\t<div class=\"elementor-container elementor-column-gap-default\">\n\t\t\t\t\t<div class=\"elementor-column elementor-col-100 elementor-top-column elementor-element elementor-element-2b64f7e\" data-id=\"2b64f7e\" data-element_type=\"column\">\n\t\t\t<div class=\"elementor-widget-wrap elementor-element-populated\">\n\t\t\t\t\t\t<div class=\"elementor-element elementor-element-de03d13 elementor-widget elementor-widget-text-editor\" data-id=\"de03d13\" data-element_type=\"widget\" data-widget_type=\"text-editor.default\">\n\t\t\t\t<div class=\"elementor-widget-container\">\n\t\t\t\t\t\t\t<h5 style=\"font-weight: var(--heading--font-weight);\"><b>GENERAL TERMS AND CONDITIONS OF USE<\/b><\/h5><h6 style=\"font-weight: var(--heading--font-weight);\"><b>01) Scope<\/b><strong>\u00a0<\/strong><\/h6><p style=\"font-weight: 400;\"><span style=\"font-weight: 400;\">(1) These terms and conditions govern the use of the Flatify app. They apply regardless of whether the use is free or subject to a fee.<\/span><\/p><p style=\"font-weight: 400;\"><span style=\"font-weight: 400;\">(2) In the relationship between AppMates UG (limited liability) (hereinafter referred to as the \"Provider\") and the user (hereinafter referred to as the \"User\"), only the following terms and conditions in their current version at the time of use or purchase shall apply.<\/span><\/p><h6 style=\"font-weight: var(--heading--font-weight);\"><b>02) Definitions<\/b><\/h6><p style=\"font-weight: 400;\"><span style=\"font-weight: 400;\">(1) \"Flatify App\" refers to the program distributed under the name \"Flatify.\" This program can be installed and operated on mobile phones, tablets, and other mobile devices.<\/span><\/p><p style=\"font-weight: 400;\"><span style=\"font-weight: 400;\">(2) The terms \"Consumer\" and \"Entrepreneur\" are understood here in accordance with the legal definitions in \u00a7\u00a7 13 and 14 of the German Civil Code (BGB). Accordingly, the user is a \"Consumer\" if the use or purchase of the Flatify App cannot predominantly be attributed to their commercial or self-employed professional activity. In contrast, an \"Entrepreneur\" is any natural or legal person or legally responsible partnership acting in the use of the Flatify App or in the conclusion of the contract in the course of their commercial or self-employed professional activity.<\/span><\/p><p style=\"font-weight: 400;\"><span style=\"font-weight: 400;\">(3) \"Marketplace\" refers to the shops (stores) of marketplace operators such as Google (\"Google Play\") and Apple (\"App Store\") where users can select and download the Flatify App for installation.<\/span><\/p><h6 style=\"font-weight: var(--heading--font-weight);\"><b>03) Usage Options<\/b><\/h6><p style=\"font-weight: 400;\"><span style=\"font-weight: 400;\">The Flatify App can be operated for free or subject to charges. During installation, for example, through Google or Apple marketplaces, the app is always free. Paid use always requires separate, express consent of the user within the app (\"In-App Purchase,\" see section 4 below). 04) Use of the Flatify App;<\/span><\/p><h6 style=\"font-weight: var(--heading--font-weight);\"><b>04) In-App Purchases<\/b><\/h6><p style=\"font-weight: 400;\"><span style=\"font-weight: 400;\">(1) The user has the option to select and install the Flatify App on the respective marketplace. By installing, the user declares agreement with these General Terms and Conditions of Use.<\/span><\/p><p style=\"font-weight: 400;\"><span style=\"font-weight: 400;\">(2) Use of the Flatify App requires the setup of a user account, for which the user must enter their email address and password.<\/span><\/p><p style=\"font-weight: 400;\"><span style=\"font-weight: 400;\">(3) If the user wishes to use the functionality of the paid version of the Flatify App, they can upgrade the app through an \"In-App Purchase.\" The manner in which this upgrade can be made varies from marketplace to marketplace; the specific procedure can be found in the terms of the respective marketplace operator. The purchase contract is concluded according to the terms of the respective marketplace. These terms also determine whether the purchase contract is between the user and the marketplace or between the user and AppMates UG (limited liability).<\/span><\/p><p style=\"font-weight: 400;\"><span style=\"font-weight: 400;\">(4) In-App purchases are billed through the respective marketplace, and the payment terms specified by the marketplace operator apply.<\/span><\/p><h6 style=\"font-weight: var(--heading--font-weight);\"><b>05) Warranty for Defects, Guarantee<\/b><\/h6><p style=\"font-weight: 400;\"><span style=\"font-weight: 400;\">If the purchase contract is concluded between the provider and the user, the provider is liable for defects in the app according to the applicable statutory provisions, especially the general regulations of \u00a7\u00a7 434 et seq. of the German Civil Code (BGB). For entrepreneurs, the warranty period for the app provided by the provider is twelve months.<\/span><\/p><p style=\"font-weight: 400;\"><span style=\"font-weight: 400;\">We do not guarantee for industry-standard server downtime, but we work to provide a new version as soon as possible.<\/span><\/p><h6 style=\"font-weight: var(--heading--font-weight);\"><b>06) Liability<\/b><\/h6><p style=\"font-weight: 400;\"><span style=\"font-weight: 400;\">(1) Claims for damages by the user are excluded. Excluded from this are claims for damages by the user due to injury to life, body, health, or the violation of essential contractual obligations (cardinal obligations) as well as liability for other damages based on intentional or grossly negligent breaches of duty by the provider, its legal representatives, or vicarious agents. Essential contractual obligations are those whose fulfillment is necessary for the achievement of the purpose of the contract.<\/span><\/p><p style=\"font-weight: 400;\"><span style=\"font-weight: 400;\">(2) In cases of violations of essential contractual obligations, the provider is only liable for typical, foreseeable damages if these were caused by simple negligence unless they concern claims for damages by the user arising from injury to life, body, or health.<\/span><\/p><p style=\"font-weight: 400;\"><span style=\"font-weight: 400;\">(3) The limitations of paragraphs 1 and 2 also apply in favor of the legal representatives and vicarious agents of the provider if claims are asserted directly against them.<\/span><\/p><h6 style=\"font-weight: var(--heading--font-weight);\"><b>07) Right of Withdrawal<\/b><\/h6><p><span style=\"font-weight: 400;\">(7.1) If the contract is concluded with the provider (and not with the marketplace operator), the user has a legal right of withdrawal from the provider, as explained below in (2). Exceptions to the right of withdrawal are regulated in (3). A sample withdrawal form is provided in (4). (7.2) Right of Withdrawal<\/span><\/p><h6 style=\"font-weight: var(--heading--font-weight);\"><b>(7.2) Right of Withdrawal<\/b><\/h6><p style=\"font-weight: 400;\">Right of Withdrawal<\/p><p style=\"font-weight: 400;\"><span style=\"font-weight: 400;\">You have the right to withdraw from this contract within fourteen days without giving any reason. The withdrawal period is fourteen days from the date of the conclusion of the contract. To exercise your right of withdrawal, you must inform us (AppMates UG (limited liability), Schallmauerweg 52, 50354 H\u00fcrth <\/span><span style=\"font-weight: 400;\"><a href=\"mailto:support@flatify.de\">support@flatify.<\/a>com<\/span><span style=\"font-weight: 400;\">by means of a clear statement (e.g., a letter sent by post, fax, or email) about your decision to withdraw from this contract. You can use the attached sample withdrawal form, but it is not mandatory. To meet the withdrawal deadline, it is sufficient for you to send your communication concerning the exercise of the right of withdrawal before the withdrawal period has expired.<\/span><\/p><p style=\"font-weight: 400;\"><span style=\"font-weight: 400;\">Consequences of Withdrawal<\/span><\/p><p style=\"font-weight: 400;\"><span style=\"font-weight: 400;\">If you withdraw from this contract, we will reimburse you for all payments received from you promptly and no later than fourteen days from the day on which we received notice of your withdrawal from this contract. We will use the same means of payment that you used for the original transaction, unless expressly agreed otherwise with you; in no event will you be charged any fees for this reimbursement.<\/span><\/p><p style=\"font-weight: 400;\"><span style=\"font-weight: 400;\">(7.3) The right to withdraw a purchase through the Flatify App expires if the provider has begun the performance of the contract, i.e., providing the paid functions of the Flatify App, after the user has expressly agreed that the provider may begin performing the contract before the withdrawal period expires and has confirmed their awareness that by giving their consent, they lose their right of withdrawal.<\/span><\/p><p style=\"font-weight: 400;\"><span style=\"font-weight: 400;\">(7.4) Sample Withdrawal Form<\/span><\/p><p style=\"font-weight: 400;\"><strong>To exercise your right of withdrawal, use the respective option in the App Store and Play Store<br \/>or use the following withdrawal form:<\/strong><\/p><p style=\"font-weight: 400;\"><span style=\"font-weight: 400;\">(If you wish to withdraw from the contract, please fill out this form and return it.)<\/span><\/p><ul><li style=\"font-weight: 400;\"><span style=\"font-weight: 400;\">To: <\/span><a href=\"mailto:support@flatify.de\"><span style=\"font-weight: 400;\">support@flatify.de<\/span><\/a><\/li><li style=\"font-weight: 400;\"><span style=\"font-weight: 400;\">OR<\/span><\/li><li style=\"font-weight: 400;\"><span style=\"font-weight: 400;\">To: AppMates UG (limited liability), Schallmauerweg 52, 50354 H\u00fcrth<\/span><\/li><li style=\"font-weight: 400;\"><span style=\"font-weight: 400;\">I\/we () hereby withdraw from the contract concluded by me\/us () for the purchase of the following goods ()\/the provision of the following service ()<\/span><\/li><li style=\"font-weight: 400;\"><span style=\"font-weight: 400;\">Ordered on ()\/received on ()<\/span><\/li><li style=\"font-weight: 400;\"><span style=\"font-weight: 400;\">Name of consumer(s)<\/span><\/li><li style=\"font-weight: 400;\"><span style=\"font-weight: 400;\">Address of consumer(s)<\/span><\/li><li style=\"font-weight: 400;\"><span style=\"font-weight: 400;\">Email address of consumer(s)<\/span><\/li><li style=\"font-weight: 400;\"><span style=\"font-weight: 400;\">registered with Flatify Signature of consumer(s) (only if this form is notified on paper)<\/span><\/li><li style=\"font-weight: 400;\"><span style=\"font-weight: 400;\">Date<\/span><\/li><li style=\"font-weight: 400;\"><span style=\"font-weight: 400;\">Delete as appropriate<\/span><\/li><\/ul><p style=\"font-weight: 400;\"><strong>\u00a0<\/strong><\/p><h6 style=\"font-weight: var(--heading--font-weight);\"><b>08) Final Provisions<\/b><\/h6><p style=\"font-weight: 400;\"><span style=\"font-weight: 400;\">(1) Contracts between the provider and the user are governed by the laws of the Federal Republic of Germany, excluding the United Nations Convention on Contracts for the International Sale of Goods (CISG). The statutory provisions regarding restrictions on the choice of law and the applicability of mandatory provisions, especially the laws of the state in which the user has their habitual residence as a consumer, remain unaffected.<\/span><\/p><p style=\"font-weight: 400;\"><span style=\"font-weight: 400;\">(2) If the user is a merchant, a legal entity under public law, or a special fund under public law, the place of jurisdiction for all disputes arising from contractual relationships between the user and the provider is the registered office of the provider.<\/span><\/p><p style=\"font-weight: 400;\"><span style=\"font-weight: 400;\">(3) If individual provisions of this contract are or become ineffective, the remaining provisions shall remain valid. In place of the ineffective provisions, if available, the relevant statutory provisions shall apply. However, if this would constitute an unreasonable hardship for one of the parties to the contract, the contract as a whole shall be deemed ineffective.<\/span><\/p>\t\t\t\t\t\t<\/div>\n\t\t\t\t<\/div>\n\t\t\t\t\t<\/div>\n\t\t<\/div>\n\t\t\t\t\t<\/div>\n\t\t<\/section>\n\t\t\t\t<section class=\"elementor-section elementor-top-section elementor-element elementor-element-5f65413 elementor-section-boxed elementor-section-height-default elementor-section-height-default\" data-id=\"5f65413\" data-element_type=\"section\">\n\t\t\t\t\t\t<div class=\"elementor-container elementor-column-gap-default\">\n\t\t\t\t\t<div class=\"elementor-column elementor-col-100 elementor-top-column elementor-element elementor-element-2eddab9\" data-id=\"2eddab9\" data-element_type=\"column\">\n\t\t\t<div class=\"elementor-widget-wrap elementor-element-populated\">\n\t\t\t\t\t\t<div class=\"elementor-element elementor-element-8e51145 elementor-widget elementor-widget-image\" data-id=\"8e51145\" data-element_type=\"widget\" data-widget_type=\"image.default\">\n\t\t\t\t<div class=\"elementor-widget-container\">\n\t\t\t<style>\/*! elementor - v3.22.0 - 26-06-2024 *\/\n.elementor-widget-image{text-align:center}.elementor-widget-image a{display:inline-block}.elementor-widget-image a img[src$=\".svg\"]{width:48px}.elementor-widget-image img{vertical-align:middle;display:inline-block}<\/style>\t\t\t\t\t\t\t\t\t\t<img fetchpriority=\"high\" decoding=\"async\" width=\"723\" height=\"353\" src=\"https:\/\/flatify-app.com\/wp-content\/uploads\/2023\/09\/Appstore_survey.jpg\" class=\"attachment-large size-large wp-image-687\" alt=\"\" srcset=\"https:\/\/flatify-app.com\/wp-content\/uploads\/2023\/09\/Appstore_survey.jpg 723w, https:\/\/flatify-app.com\/wp-content\/uploads\/2023\/09\/Appstore_survey-300x146.jpg 300w, https:\/\/flatify-app.com\/wp-content\/uploads\/2023\/09\/Appstore_survey-18x9.jpg 18w\" sizes=\"(max-width: 723px) 100vw, 723px\" \/>\t\t\t\t\t\t\t\t\t\t\t\t\t<\/div>\n\t\t\t\t<\/div>\n\t\t\t\t<div class=\"elementor-element elementor-element-2f59ec9 elementor-widget elementor-widget-image\" data-id=\"2f59ec9\" data-element_type=\"widget\" data-widget_type=\"image.default\">\n\t\t\t\t<div class=\"elementor-widget-container\">\n\t\t\t\t\t\t\t\t\t\t\t\t\t<img decoding=\"async\" width=\"310\" height=\"310\" src=\"https:\/\/flatify-app.com\/wp-content\/uploads\/2023\/09\/ms-icon-310x310-1.png\" class=\"attachment-large size-large wp-image-688\" alt=\"\" srcset=\"https:\/\/flatify-app.com\/wp-content\/uploads\/2023\/09\/ms-icon-310x310-1.png 310w, https:\/\/flatify-app.com\/wp-content\/uploads\/2023\/09\/ms-icon-310x310-1-300x300.png 300w, https:\/\/flatify-app.com\/wp-content\/uploads\/2023\/09\/ms-icon-310x310-1-150x150.png 150w, https:\/\/flatify-app.com\/wp-content\/uploads\/2023\/09\/ms-icon-310x310-1-12x12.png 12w\" sizes=\"(max-width: 310px) 100vw, 310px\" \/>\t\t\t\t\t\t\t\t\t\t\t\t\t<\/div>\n\t\t\t\t<\/div>\n\t\t\t\t\t<\/div>\n\t\t<\/div>\n\t\t\t\t\t<\/div>\n\t\t<\/section>\n\t\t\t\t<\/div>","protected":false},"excerpt":{"rendered":"<p>AGB Perfect! You\u2019re in the right place. ALLGEMEINE NUTZUNGS- UND GESCH\u00c4FTSBEDINGUNGEN 01) Geltungsbereich\u00a0 (1) Diese Bedingungen regeln die Nutzung der Flatify-App. Sie gelten unabh\u00e4ngig davon, ob die Benutzung kostenlos oder gegen Entgelt erfolgt. (2) Im Verh\u00e4ltnis zwischen der AppMates UG (haftungsbeschr\u00e4nkt) (nachfolgend \u201eAnbieter\u201c) und dem Nutzer (nachfolgend \u201eNutzer\u201c) gelten ausschlie\u00dflich die nachfolgenden Bedingungen in ihrer [&hellip;]<\/p>","protected":false},"author":1,"featured_media":0,"parent":0,"menu_order":0,"comment_status":"closed","ping_status":"closed","template":"elementor_header_footer","meta":{"footnotes":"","iawp_total_views":313},"_links":{"self":[{"href":"https:\/\/flatify-app.com\/en\/wp-json\/wp\/v2\/pages\/672"}],"collection":[{"href":"https:\/\/flatify-app.com\/en\/wp-json\/wp\/v2\/pages"}],"about":[{"href":"https:\/\/flatify-app.com\/en\/wp-json\/wp\/v2\/types\/page"}],"author":[{"embeddable":true,"href":"https:\/\/flatify-app.com\/en\/wp-json\/wp\/v2\/users\/1"}],"replies":[{"embeddable":true,"href":"https:\/\/flatify-app.com\/en\/wp-json\/wp\/v2\/comments?post=672"}],"version-history":[{"count":13,"href":"https:\/\/flatify-app.com\/en\/wp-json\/wp\/v2\/pages\/672\/revisions"}],"predecessor-version":[{"id":694,"href":"https:\/\/flatify-app.com\/en\/wp-json\/wp\/v2\/pages\/672\/revisions\/694"}],"wp:attachment":[{"href":"https:\/\/flatify-app.com\/en\/wp-json\/wp\/v2\/media?parent=672"}],"curies":[{"name":"wp","href":"https:\/\/api.w.org\/{rel}","templated":true}]}}