{"id":699,"date":"2023-09-24T05:09:32","date_gmt":"2023-09-24T05:09:32","guid":{"rendered":"https:\/\/wordpress-969684-3873137.cloudwaysapps.com\/?page_id=699"},"modified":"2023-09-24T05:10:27","modified_gmt":"2023-09-24T05:10:27","slug":"impressum","status":"publish","type":"page","link":"https:\/\/flatify-app.com\/en\/impressum\/","title":{"rendered":"Impressum"},"content":{"rendered":"<div data-elementor-type=\"wp-page\" data-elementor-id=\"699\" class=\"elementor elementor-699\" data-elementor-post-type=\"page\">\n\t\t\t\t\t\t<section class=\"elementor-section elementor-top-section elementor-element elementor-element-d776008 elementor-section-boxed elementor-section-height-default elementor-section-height-default\" data-id=\"d776008\" data-element_type=\"section\" data-settings=\"{&quot;background_background&quot;:&quot;classic&quot;}\">\n\t\t\t\t\t\t\t<div class=\"elementor-background-overlay\"><\/div>\n\t\t\t\t\t\t\t<div class=\"elementor-container elementor-column-gap-default\">\n\t\t\t\t\t<div class=\"elementor-column elementor-col-100 elementor-top-column elementor-element elementor-element-792e864\" data-id=\"792e864\" data-element_type=\"column\">\n\t\t\t<div class=\"elementor-widget-wrap elementor-element-populated\">\n\t\t\t\t\t\t<div class=\"elementor-element elementor-element-d7c36cf elementor-widget elementor-widget-heading\" data-id=\"d7c36cf\" data-element_type=\"widget\" data-widget_type=\"heading.default\">\n\t\t\t\t<div class=\"elementor-widget-container\">\n\t\t\t<style>\/*! elementor - v3.22.0 - 26-06-2024 *\/\n.elementor-heading-title{padding:0;margin:0;line-height:1}.elementor-widget-heading .elementor-heading-title[class*=elementor-size-]>a{color:inherit;font-size:inherit;line-height:inherit}.elementor-widget-heading .elementor-heading-title.elementor-size-small{font-size:15px}.elementor-widget-heading .elementor-heading-title.elementor-size-medium{font-size:19px}.elementor-widget-heading .elementor-heading-title.elementor-size-large{font-size:29px}.elementor-widget-heading .elementor-heading-title.elementor-size-xl{font-size:39px}.elementor-widget-heading .elementor-heading-title.elementor-size-xxl{font-size:59px}<\/style><h2 class=\"elementor-heading-title elementor-size-default\">Impressum<\/h2>\t\t<\/div>\n\t\t\t\t<\/div>\n\t\t\t\t<div class=\"elementor-element elementor-element-f70bd0b elementor-widget elementor-widget-text-editor\" data-id=\"f70bd0b\" data-element_type=\"widget\" data-widget_type=\"text-editor.default\">\n\t\t\t\t<div class=\"elementor-widget-container\">\n\t\t\t<style>\/*! elementor - v3.22.0 - 26-06-2024 *\/\n.elementor-widget-text-editor.elementor-drop-cap-view-stacked .elementor-drop-cap{background-color:#69727d;color:#fff}.elementor-widget-text-editor.elementor-drop-cap-view-framed .elementor-drop-cap{color:#69727d;border:3px solid;background-color:transparent}.elementor-widget-text-editor:not(.elementor-drop-cap-view-default) .elementor-drop-cap{margin-top:8px}.elementor-widget-text-editor:not(.elementor-drop-cap-view-default) .elementor-drop-cap-letter{width:1em;height:1em}.elementor-widget-text-editor .elementor-drop-cap{float:left;text-align:center;line-height:1;font-size:50px}.elementor-widget-text-editor .elementor-drop-cap-letter{display:inline-block}<\/style>\t\t\t\t<div class=\"my-6 text-center\"><p class=\"font-size-xl\">Perfect! You are in the right place.<\/p><\/div>\t\t\t\t\t\t<\/div>\n\t\t\t\t<\/div>\n\t\t\t\t\t<\/div>\n\t\t<\/div>\n\t\t\t\t\t<\/div>\n\t\t<\/section>\n\t\t\t\t<section class=\"elementor-section elementor-top-section elementor-element elementor-element-5381ad1 elementor-section-boxed elementor-section-height-default elementor-section-height-default\" data-id=\"5381ad1\" data-element_type=\"section\">\n\t\t\t\t\t\t<div class=\"elementor-container elementor-column-gap-default\">\n\t\t\t\t\t<div class=\"elementor-column elementor-col-100 elementor-top-column elementor-element elementor-element-7fe3940\" data-id=\"7fe3940\" data-element_type=\"column\">\n\t\t\t<div class=\"elementor-widget-wrap elementor-element-populated\">\n\t\t\t\t\t\t<div class=\"elementor-element elementor-element-6327849 elementor-widget elementor-widget-text-editor\" data-id=\"6327849\" data-element_type=\"widget\" data-widget_type=\"text-editor.default\">\n\t\t\t\t<div class=\"elementor-widget-container\">\n\t\t\t\t\t\t\t<p><strong>Impressum<\/strong><\/p><p>Information according to \u00a7 5 TMG (German Telemedia Act)<\/p><p>AppMates UG (limited liability)<br \/>Schallmauerweg 52<br \/>50354 H\u00fcrth Germany<\/p><p><strong>Represented by:<\/strong><br \/>Robert Freudenthal<br \/>Emil Tomaszewski<\/p><p><strong>Registration:<\/strong><br \/>Registered in the commercial register<br \/>Court of registration: Mannheim<br \/>Registration number: HRB 737900<\/p><p><strong>Responsible for content according to \u00a7 55 Abs. 2 RStV (German Interstate Broadcasting Treaty):<\/strong><br \/>Appmates UG (limited liability)<br \/>Schallmauerweg 52<br \/>50354 H\u00fcrth Germany<\/p><p><strong>Disclaimer:<\/strong><\/p><p><strong>Liability for Content<\/strong><\/p><p>The contents of our pages have been created with the utmost care. However, we cannot guarantee the accuracy, completeness, and timeliness of the content. As a service provider, we are responsible for our own content on these pages in accordance with \u00a7 7 Abs.1 TMG (German Telemedia Act) and general laws. According to \u00a7\u00a7 8 to 10 TMG, we are not obliged to monitor transmitted or stored third-party information or to investigate circumstances that indicate illegal activity. Obligations to remove or block the use of information under general laws remain unaffected. However, liability in this regard is only possible from the time of knowledge of a specific legal violation. Upon becoming aware of corresponding legal violations, we will remove these contents immediately.<\/p><p><strong>Liability for Links<\/strong><\/p><p>Our offer contains links to external websites of third parties, the contents of which we have no influence over. Therefore, we cannot assume any liability for these external contents. The respective provider or operator of the pages is always responsible for the contents of the linked pages. The linked pages were checked for possible legal violations at the time of linking. Illegal contents were not recognizable at the time of linking. However, a permanent control of the contents of the linked pages is not reasonable without concrete evidence of a violation of the law. Upon becoming aware of legal violations, we will remove such links immediately.<\/p><p><strong>Copyright<\/strong><\/p><p>The content and works created by the site operators on these pages are subject to German copyright law. The reproduction, editing, distribution, and any kind of use outside the limits of copyright law require the written consent of the respective author or creator. Downloads and copies of these pages are only permitted for private, non-commercial use. Insofar as the content on this site was not created by the operator, the copyrights of third parties are respected. In particular, third-party content is identified as such. Should you nevertheless become aware of a copyright infringement, please inform us accordingly. Upon becoming aware of legal violations, we will remove such content immediately.<\/p>\t\t\t\t\t\t<\/div>\n\t\t\t\t<\/div>\n\t\t\t\t\t<\/div>\n\t\t<\/div>\n\t\t\t\t\t<\/div>\n\t\t<\/section>\n\t\t\t\t<\/div>","protected":false},"excerpt":{"rendered":"<p>Impressum Perfect! You\u2019re in the right place. Impressum Angaben gem\u00e4\u00df \u00a7 5 TMG AppMates UG (haftungsbeschr\u00e4nkt)Schallmauerweg 5250354 H\u00fcrth Vertreten durch:Robert FreudenthalEmil Tomaszewski Registereintrag:Eintragung im Handelsregister.Registergericht: MannheimRegisternummer: HRB 737900 Verantwortlich f\u00fcr den Inhalt nach \u00a7 55 Abs. 2 RStV:Appmates UG (haftungsbeschr\u00e4nkt)Schallmauerweg 5250354 H\u00fcrth Haftungsausschluss: Haftung f\u00fcr Inhalte Die Inhalte auf unserer Seiten wurden mit gr\u00f6\u00dfter Sorgfalt [&hellip;]<\/p>","protected":false},"author":1,"featured_media":0,"parent":0,"menu_order":0,"comment_status":"closed","ping_status":"closed","template":"elementor_header_footer","meta":{"footnotes":"","iawp_total_views":199},"_links":{"self":[{"href":"https:\/\/flatify-app.com\/en\/wp-json\/wp\/v2\/pages\/699"}],"collection":[{"href":"https:\/\/flatify-app.com\/en\/wp-json\/wp\/v2\/pages"}],"about":[{"href":"https:\/\/flatify-app.com\/en\/wp-json\/wp\/v2\/types\/page"}],"author":[{"embeddable":true,"href":"https:\/\/flatify-app.com\/en\/wp-json\/wp\/v2\/users\/1"}],"replies":[{"embeddable":true,"href":"https:\/\/flatify-app.com\/en\/wp-json\/wp\/v2\/comments?post=699"}],"version-history":[{"count":4,"href":"https:\/\/flatify-app.com\/en\/wp-json\/wp\/v2\/pages\/699\/revisions"}],"predecessor-version":[{"id":704,"href":"https:\/\/flatify-app.com\/en\/wp-json\/wp\/v2\/pages\/699\/revisions\/704"}],"wp:attachment":[{"href":"https:\/\/flatify-app.com\/en\/wp-json\/wp\/v2\/media?parent=699"}],"curies":[{"name":"wp","href":"https:\/\/api.w.org\/{rel}","templated":true}]}}