{"id":24,"date":"2023-09-11T20:21:38","date_gmt":"2023-09-11T20:21:38","guid":{"rendered":"https:\/\/wordpress-969684-3873137.cloudwaysapps.com\/?page_id=24"},"modified":"2023-10-04T19:11:48","modified_gmt":"2023-10-04T19:11:48","slug":"install-and-invite","status":"publish","type":"page","link":"https:\/\/flatify-app.com\/es\/install-and-invite\/","title":{"rendered":"Install and Invite"},"content":{"rendered":"<style>\/*! elementor - v3.15.0 - 20-08-2023 *\/<br \/>\n.elementor-heading-title{padding:0;margin:0;line-height:1}.elementor-widget-heading .elementor-heading-title[class*=elementor-size-]>a{color:inherit;font-size:inherit;line-height:inherit}.elementor-widget-heading .elementor-heading-title.elementor-size-small{font-size:15px}.elementor-widget-heading .elementor-heading-title.elementor-size-medium{font-size:19px}.elementor-widget-heading .elementor-heading-title.elementor-size-large{font-size:29px}.elementor-widget-heading .elementor-heading-title.elementor-size-xl{font-size:39px}.elementor-widget-heading .elementor-heading-title.elementor-size-xxl{font-size:59px}<\/style>\n<h2>Install and Invite<\/h2>\n<link rel=\"stylesheet\" href=\"http:\/\/flatify-app.com\/wp-content\/plugins\/elementor\/assets\/css\/widget-icon-list.min.css\">\n<ul>\n<li>\n\t\t\t\t\t\t\t\t\t\tPrograma Citas<\/li>\n<li>\n\t\t\t\t\t\t\t\t\t\tGestiona gastos compartidos<\/li>\n<li>\n\t\t\t\t\t\t\t\t\t\t Crea una lista de compras<\/li>\n<li>\n\t\t\t\t\t\t\t\t\t\t Plan de Limpieza Justo<\/li>\n<li>\n\t\t\t\t\t\t\t\t\t\tChat grupal<\/li>\n<\/ul>\n<style>\/*! elementor - v3.15.0 - 20-08-2023 *\/<br \/>\n.elementor-widget-image{text-align:center}.elementor-widget-image a{display:inline-block}.elementor-widget-image a img[src$=\".svg\"]{width:48px}.elementor-widget-image img{vertical-align:middle;display:inline-block}<\/style>\n<p>\t\t\t\t\t\t\t\t\t\t\t\t\t<a href=\"http:\/\/flatify-app.com\/wp-content\/uploads\/2023\/09\/QR_Code.gif\" data-elementor-open-lightbox=\"yes\" data-elementor-lightbox-title=\"QR_Code\" data-e-action-hash=\"#elementor-action%3Aaction%3Dlightbox%26settings%3DeyJpZCI6MTQ0LCJ1cmwiOiJodHRwczpcL1wvd29yZHByZXNzLTk2OTY4NC0zODczMTM3LmNsb3Vkd2F5c2FwcHMuY29tXC93cC1jb250ZW50XC91cGxvYWRzXC8yMDIzXC8wOVwvUVJfQ29kZS5naWYifQ%3D%3D\"><br \/>\n<img loading=\"lazy\" width=\"125\" height=\"125\" src=\"http:\/\/flatify-app.com\/wp-content\/uploads\/2023\/09\/QR_Code.gif\" alt=\"\" decoding=\"async\" srcset=\"http:\/\/flatify-app.com\/wp-content\/uploads\/2023\/09\/QR_Code.gif 125w, http:\/\/flatify-app.com\/wp-content\/uploads\/2023\/09\/QR_Code-12x12.gif 12w\" sizes=\"(max-width: 125px) 100vw, 125px\" \/>\t\t\t\t\t\t\t\t<\/a><br \/>\n<a href=\"https:\/\/play.google.com\/store\/apps\/details?id=flatify.com.flatify\" target=\"_blank\" rel=\"noopener\"><br \/>\n<img loading=\"lazy\" width=\"564\" height=\"167\" src=\"http:\/\/flatify-app.com\/wp-content\/uploads\/2023\/09\/58623078-55c4-46dc-bf0c-44b88e4167ca.png\" alt=\"\" decoding=\"async\" srcset=\"http:\/\/flatify-app.com\/wp-content\/uploads\/2023\/09\/58623078-55c4-46dc-bf0c-44b88e4167ca.png 564w, http:\/\/flatify-app.com\/wp-content\/uploads\/2023\/09\/58623078-55c4-46dc-bf0c-44b88e4167ca-300x89.png 300w, http:\/\/flatify-app.com\/wp-content\/uploads\/2023\/09\/58623078-55c4-46dc-bf0c-44b88e4167ca-18x5.png 18w\" sizes=\"(max-width: 564px) 100vw, 564px\" \/>\t\t\t\t\t\t\t\t<\/a><br \/>\n<a href=\"https:\/\/apps.apple.com\/us\/app\/flatify-wg-haushaltsapp\/id1541584461\" target=\"_blank\" rel=\"noopener\"><br \/>\n<img loading=\"lazy\" width=\"566\" height=\"168\" src=\"http:\/\/flatify-app.com\/wp-content\/uploads\/2023\/09\/a95ea7ab-79dc-44ac-afb2-6ecdebdc9b9d.png\" alt=\"\" decoding=\"async\" srcset=\"http:\/\/flatify-app.com\/wp-content\/uploads\/2023\/09\/a95ea7ab-79dc-44ac-afb2-6ecdebdc9b9d.png 566w, http:\/\/flatify-app.com\/wp-content\/uploads\/2023\/09\/a95ea7ab-79dc-44ac-afb2-6ecdebdc9b9d-300x89.png 300w, http:\/\/flatify-app.com\/wp-content\/uploads\/2023\/09\/a95ea7ab-79dc-44ac-afb2-6ecdebdc9b9d-18x5.png 18w\" sizes=\"(max-width: 566px) 100vw, 566px\" \/>\t\t\t\t\t\t\t\t<\/a><br \/>\n<img loading=\"lazy\" width=\"800\" height=\"800\" src=\"http:\/\/flatify-app.com\/wp-content\/uploads\/2023\/09\/Uebersicht-1536x1536-1-1024x1024.png\" alt=\"\" decoding=\"async\" srcset=\"http:\/\/flatify-app.com\/wp-content\/uploads\/2023\/09\/Uebersicht-1536x1536-1-1024x1024.png 1024w, http:\/\/flatify-app.com\/wp-content\/uploads\/2023\/09\/Uebersicht-1536x1536-1-300x300.png 300w, http:\/\/flatify-app.com\/wp-content\/uploads\/2023\/09\/Uebersicht-1536x1536-1-150x150.png 150w, http:\/\/flatify-app.com\/wp-content\/uploads\/2023\/09\/Uebersicht-1536x1536-1-768x768.png 768w, http:\/\/flatify-app.com\/wp-content\/uploads\/2023\/09\/Uebersicht-1536x1536-1-12x12.png 12w, http:\/\/flatify-app.com\/wp-content\/uploads\/2023\/09\/Uebersicht-1536x1536-1.png 1536w\" sizes=\"(max-width: 800px) 100vw, 800px\" \/><br \/>\n<img loading=\"lazy\" width=\"296\" height=\"589\" src=\"http:\/\/flatify-app.com\/wp-content\/uploads\/2023\/09\/Putzplan_White-1-3-1-1-1-1-1-1-1-1-1-1-1-1.png\" alt=\"\" decoding=\"async\" srcset=\"http:\/\/flatify-app.com\/wp-content\/uploads\/2023\/09\/Putzplan_White-1-3-1-1-1-1-1-1-1-1-1-1-1-1.png 296w, http:\/\/flatify-app.com\/wp-content\/uploads\/2023\/09\/Putzplan_White-1-3-1-1-1-1-1-1-1-1-1-1-1-1-151x300.png 151w, http:\/\/flatify-app.com\/wp-content\/uploads\/2023\/09\/Putzplan_White-1-3-1-1-1-1-1-1-1-1-1-1-1-1-6x12.png 6w\" sizes=\"(max-width: 296px) 100vw, 296px\" \/><\/p>\n<h2>Plan de limpieza justo<\/h2>\n<p>El piso compartido est\u00e1 desordenado de nuevo, \u00bfy el plan de limpieza se ignora?<\/p>\n<ul>\n<li>\n\t\t\t\t\t\t\t\t\t\tDistribuye las tareas en tu piso de manera justa<\/li>\n<li>\n\t\t\t\t\t\t\t\t\t\tQuienes limpian o completan tareas son recompensados con estrellas<\/li>\n<li>\n\t\t\t\t\t\t\t\t\t\tUtiliza la lista de verificaci\u00f3n para definir claramente el horario de limpieza<\/li>\n<li>\n\t\t\t\t\t\t\t\t\t\tRecuerda a tus compa\u00f1eros de piso cuando no completen sus tareas<\/li>\n<li>\n\t\t\t\t\t\t\t\t\t\tAsume tareas si tu compa\u00f1ero de piso no tiene tiempo<\/li>\n<\/ul>\n<style>\/*! elementor - v3.15.0 - 20-08-2023 *\/<br \/>\n.elementor-widget-image-box .elementor-image-box-content{width:100%}@media (min-width:768px){.elementor-widget-image-box.elementor-position-left .elementor-image-box-wrapper,.elementor-widget-image-box.elementor-position-right .elementor-image-box-wrapper{display:flex}.elementor-widget-image-box.elementor-position-right .elementor-image-box-wrapper{text-align:right;flex-direction:row-reverse}.elementor-widget-image-box.elementor-position-left .elementor-image-box-wrapper{text-align:left;flex-direction:row}.elementor-widget-image-box.elementor-position-top .elementor-image-box-img{margin:auto}.elementor-widget-image-box.elementor-vertical-align-top .elementor-image-box-wrapper{align-items:flex-start}.elementor-widget-image-box.elementor-vertical-align-middle .elementor-image-box-wrapper{align-items:center}.elementor-widget-image-box.elementor-vertical-align-bottom .elementor-image-box-wrapper{align-items:flex-end}}@media (max-width:767px){.elementor-widget-image-box .elementor-image-box-img{margin-left:auto!important;margin-right:auto!important;margin-bottom:15px}}.elementor-widget-image-box .elementor-image-box-img{display:inline-block}.elementor-widget-image-box .elementor-image-box-title a{color:inherit}.elementor-widget-image-box .elementor-image-box-wrapper{text-align:center}.elementor-widget-image-box .elementor-image-box-description{margin:0}<\/style>\n<figure><img loading=\"lazy\" width=\"512\" height=\"512\" src=\"http:\/\/flatify-app.com\/wp-content\/uploads\/2023\/09\/roommate-1.png\" alt=\"\" decoding=\"async\" srcset=\"http:\/\/flatify-app.com\/wp-content\/uploads\/2023\/09\/roommate-1.png 512w, http:\/\/flatify-app.com\/wp-content\/uploads\/2023\/09\/roommate-1-300x300.png 300w, http:\/\/flatify-app.com\/wp-content\/uploads\/2023\/09\/roommate-1-150x150.png 150w, http:\/\/flatify-app.com\/wp-content\/uploads\/2023\/09\/roommate-1-12x12.png 12w\" sizes=\"(max-width: 512px) 100vw, 512px\" \/><\/figure>\n<h3>PARA PISOS COMPARTIDOS<\/h3>\n<p>En los pisos compartidos, a menudo vives con personas nuevas a quienes quiz\u00e1s no conoces bien. La organizaci\u00f3n del hogar juega un papel importante en llevarse bien. Con Flatify, se evita el estr\u00e9s innecesario porque tienes todos los asuntos esenciales del hogar en una sola aplicaci\u00f3n.<\/p>\n<figure><img loading=\"lazy\" width=\"512\" height=\"512\" src=\"http:\/\/flatify-app.com\/wp-content\/uploads\/2023\/09\/family-1.png\" alt=\"\" decoding=\"async\" srcset=\"http:\/\/flatify-app.com\/wp-content\/uploads\/2023\/09\/family-1.png 512w, http:\/\/flatify-app.com\/wp-content\/uploads\/2023\/09\/family-1-300x300.png 300w, http:\/\/flatify-app.com\/wp-content\/uploads\/2023\/09\/family-1-150x150.png 150w, http:\/\/flatify-app.com\/wp-content\/uploads\/2023\/09\/family-1-12x12.png 12w\" sizes=\"(max-width: 512px) 100vw, 512px\" \/><\/figure>\n<h3>PARA FAMILIAS<\/h3>\n<p>Tener un plan de hogar adecuado es esencial para las familias tambi\u00e9n. Puedes motivar a tus hijos a hacer m\u00e1s en casa con el sistema de puntos. Adem\u00e1s, todos pueden ver los eventos pr\u00f3ximos en el calendario.<\/p>\n<figure><img loading=\"lazy\" width=\"512\" height=\"512\" src=\"http:\/\/flatify-app.com\/wp-content\/uploads\/2023\/09\/couple.png\" alt=\"\" decoding=\"async\" srcset=\"http:\/\/flatify-app.com\/wp-content\/uploads\/2023\/09\/couple.png 512w, http:\/\/flatify-app.com\/wp-content\/uploads\/2023\/09\/couple-300x300.png 300w, http:\/\/flatify-app.com\/wp-content\/uploads\/2023\/09\/couple-150x150.png 150w, http:\/\/flatify-app.com\/wp-content\/uploads\/2023\/09\/couple-12x12.png 12w\" sizes=\"(max-width: 512px) 100vw, 512px\" \/><\/figure>\n<h3>PARA PAREJAS<\/h3>\n<p>Incluso como pareja, es fundamental organizar el hogar juntos. \u00bfQui\u00e9n es responsable de qu\u00e9 tareas y qu\u00e9 compras se necesitan para la pr\u00f3xima cena? Referencias<\/p>\n<h2>Descargar ahora<\/h2>\n<p>La aplicaci\u00f3n para pisos compartidos y la aplicaci\u00f3n de planificaci\u00f3n de limpieza Flatify son la soluci\u00f3n perfecta si deseas llevar un seguimiento de tu hogar en tu alojamiento compartido. Flatify es valioso para todo tipo de hogares, ya sea un piso de estudiantes, una pareja o una familia. Con el plan de limpieza, puedes llevar un registro de qui\u00e9n debe hacer qu\u00e9 tareas, y la clasificaci\u00f3n muestra qui\u00e9n contribuye m\u00e1s al hogar en tu piso. Si tienes gastos en el piso, ingr\u00e9salos en la secci\u00f3n de gastos para asegurarte de que todo se divida de manera justa y nadie olvide sus deudas. Con la lista de compras, siempre sabr\u00e1s qu\u00e9 elementos faltan en el piso. El calendario asegura que nunca te pierdas una noche en el piso o el pr\u00f3ximo casting de compa\u00f1eros de piso. Con Flatify, tienes todas las funciones que necesitas en una aplicaci\u00f3n para pisos compartidos.<\/p>\n<p><a style=\"color:black;\" href=\"hhttp:\/\/flatify-app.com\/faqs\/\">M\u00e1s informaci\u00f3n sobre las funciones en las Preguntas frecuentes.<\/a><br \/>\n<a href=\"https:\/\/play.google.com\/store\/apps\/details?id=flatify.com.flatify\" target=\"_blank\" rel=\"noopener\"><br \/>\n<img loading=\"lazy\" width=\"564\" height=\"167\" src=\"http:\/\/flatify-app.com\/wp-content\/uploads\/2023\/09\/58623078-55c4-46dc-bf0c-44b88e4167ca.png\" alt=\"\" decoding=\"async\" srcset=\"http:\/\/flatify-app.com\/wp-content\/uploads\/2023\/09\/58623078-55c4-46dc-bf0c-44b88e4167ca.png 564w, http:\/\/flatify-app.com\/wp-content\/uploads\/2023\/09\/58623078-55c4-46dc-bf0c-44b88e4167ca-300x89.png 300w, http:\/\/flatify-app.com\/wp-content\/uploads\/2023\/09\/58623078-55c4-46dc-bf0c-44b88e4167ca-18x5.png 18w\" sizes=\"(max-width: 564px) 100vw, 564px\" \/>\t\t\t\t\t\t\t\t<\/a><br \/>\n<a href=\"https:\/\/apps.apple.com\/us\/app\/flatify-wg-haushaltsapp\/id1541584461\" target=\"_blank\" rel=\"noopener\"><br \/>\n<img loading=\"lazy\" width=\"566\" height=\"168\" src=\"http:\/\/flatify-app.com\/wp-content\/uploads\/2023\/09\/a95ea7ab-79dc-44ac-afb2-6ecdebdc9b9d.png\" alt=\"\" decoding=\"async\" srcset=\"http:\/\/flatify-app.com\/wp-content\/uploads\/2023\/09\/a95ea7ab-79dc-44ac-afb2-6ecdebdc9b9d.png 566w, http:\/\/flatify-app.com\/wp-content\/uploads\/2023\/09\/a95ea7ab-79dc-44ac-afb2-6ecdebdc9b9d-300x89.png 300w, http:\/\/flatify-app.com\/wp-content\/uploads\/2023\/09\/a95ea7ab-79dc-44ac-afb2-6ecdebdc9b9d-18x5.png 18w\" sizes=\"(max-width: 566px) 100vw, 566px\" \/>\t\t\t\t\t\t\t\t<\/a><\/p>","protected":false},"excerpt":{"rendered":"<p>Install and Invite Termine einstellen WG-Ausgaben verwalten Einkaufsliste erstellen Fairer Putzplan Gruppenchat Putzplan Die WG ist wieder nicht sauber und der Putzplan wird nicht beachtet? Teilt die Aufgaben in euer WG fair auf Wer putzt oder Aufgaben erledigt, wird mit Sternen belohnt Mit der Checkliste k\u00f6nnt ihr den Putzplan klar definieren Erinnert eure Mitbewohner, wenn [&hellip;]<\/p>","protected":false},"author":1,"featured_media":0,"parent":0,"menu_order":0,"comment_status":"closed","ping_status":"closed","template":"elementor_header_footer","meta":{"footnotes":"","iawp_total_views":72},"_links":{"self":[{"href":"https:\/\/flatify-app.com\/es\/wp-json\/wp\/v2\/pages\/24"}],"collection":[{"href":"https:\/\/flatify-app.com\/es\/wp-json\/wp\/v2\/pages"}],"about":[{"href":"https:\/\/flatify-app.com\/es\/wp-json\/wp\/v2\/types\/page"}],"author":[{"embeddable":true,"href":"https:\/\/flatify-app.com\/es\/wp-json\/wp\/v2\/users\/1"}],"replies":[{"embeddable":true,"href":"https:\/\/flatify-app.com\/es\/wp-json\/wp\/v2\/comments?post=24"}],"version-history":[{"count":11,"href":"https:\/\/flatify-app.com\/es\/wp-json\/wp\/v2\/pages\/24\/revisions"}],"predecessor-version":[{"id":1017,"href":"https:\/\/flatify-app.com\/es\/wp-json\/wp\/v2\/pages\/24\/revisions\/1017"}],"wp:attachment":[{"href":"https:\/\/flatify-app.com\/es\/wp-json\/wp\/v2\/media?parent=24"}],"curies":[{"name":"wp","href":"https:\/\/api.w.org\/{rel}","templated":true}]}}