{"id":672,"date":"2023-09-24T04:47:51","date_gmt":"2023-09-24T04:47:51","guid":{"rendered":"https:\/\/wordpress-969684-3873137.cloudwaysapps.com\/?page_id=672"},"modified":"2023-09-24T05:02:15","modified_gmt":"2023-09-24T05:02:15","slug":"agb","status":"publish","type":"page","link":"https:\/\/flatify-app.com\/es\/agb\/","title":{"rendered":"agb"},"content":{"rendered":"<div data-elementor-type=\"wp-page\" data-elementor-id=\"672\" class=\"elementor elementor-672\" data-elementor-post-type=\"page\">\n\t\t\t\t\t\t<section class=\"elementor-section elementor-top-section elementor-element elementor-element-b8f53dd elementor-section-boxed elementor-section-height-default elementor-section-height-default\" data-id=\"b8f53dd\" data-element_type=\"section\" data-settings=\"{&quot;background_background&quot;:&quot;classic&quot;}\">\n\t\t\t\t\t\t\t<div class=\"elementor-background-overlay\"><\/div>\n\t\t\t\t\t\t\t<div class=\"elementor-container elementor-column-gap-default\">\n\t\t\t\t\t<div class=\"elementor-column elementor-col-100 elementor-top-column elementor-element elementor-element-9f0195d\" data-id=\"9f0195d\" data-element_type=\"column\">\n\t\t\t<div class=\"elementor-widget-wrap elementor-element-populated\">\n\t\t\t\t\t\t<div class=\"elementor-element elementor-element-c198a5c elementor-widget elementor-widget-heading\" data-id=\"c198a5c\" data-element_type=\"widget\" data-widget_type=\"heading.default\">\n\t\t\t\t<div class=\"elementor-widget-container\">\n\t\t\t<style>\/*! elementor - v3.22.0 - 26-06-2024 *\/\n.elementor-heading-title{padding:0;margin:0;line-height:1}.elementor-widget-heading .elementor-heading-title[class*=elementor-size-]>a{color:inherit;font-size:inherit;line-height:inherit}.elementor-widget-heading .elementor-heading-title.elementor-size-small{font-size:15px}.elementor-widget-heading .elementor-heading-title.elementor-size-medium{font-size:19px}.elementor-widget-heading .elementor-heading-title.elementor-size-large{font-size:29px}.elementor-widget-heading .elementor-heading-title.elementor-size-xl{font-size:39px}.elementor-widget-heading .elementor-heading-title.elementor-size-xxl{font-size:59px}<\/style><h2 class=\"elementor-heading-title elementor-size-default\">T\u00e9rminos y condiciones<\/h2>\t\t<\/div>\n\t\t\t\t<\/div>\n\t\t\t\t<div class=\"elementor-element elementor-element-a0f58df elementor-widget elementor-widget-text-editor\" data-id=\"a0f58df\" data-element_type=\"widget\" data-widget_type=\"text-editor.default\">\n\t\t\t\t<div class=\"elementor-widget-container\">\n\t\t\t<style>\/*! elementor - v3.22.0 - 26-06-2024 *\/\n.elementor-widget-text-editor.elementor-drop-cap-view-stacked .elementor-drop-cap{background-color:#69727d;color:#fff}.elementor-widget-text-editor.elementor-drop-cap-view-framed .elementor-drop-cap{color:#69727d;border:3px solid;background-color:transparent}.elementor-widget-text-editor:not(.elementor-drop-cap-view-default) .elementor-drop-cap{margin-top:8px}.elementor-widget-text-editor:not(.elementor-drop-cap-view-default) .elementor-drop-cap-letter{width:1em;height:1em}.elementor-widget-text-editor .elementor-drop-cap{float:left;text-align:center;line-height:1;font-size:50px}.elementor-widget-text-editor .elementor-drop-cap-letter{display:inline-block}<\/style>\t\t\t\t<div class=\"my-6 text-center\"><p class=\"font-size-xl\">\u00a1Perfecto! Est\u00e1s en el lugar correcto.<\/p><\/div>\t\t\t\t\t\t<\/div>\n\t\t\t\t<\/div>\n\t\t\t\t\t<\/div>\n\t\t<\/div>\n\t\t\t\t\t<\/div>\n\t\t<\/section>\n\t\t\t\t<section class=\"elementor-section elementor-top-section elementor-element elementor-element-7c3b8e3 elementor-section-boxed elementor-section-height-default elementor-section-height-default\" data-id=\"7c3b8e3\" data-element_type=\"section\">\n\t\t\t\t\t\t<div class=\"elementor-container elementor-column-gap-default\">\n\t\t\t\t\t<div class=\"elementor-column elementor-col-100 elementor-top-column elementor-element elementor-element-2b64f7e\" data-id=\"2b64f7e\" data-element_type=\"column\">\n\t\t\t<div class=\"elementor-widget-wrap elementor-element-populated\">\n\t\t\t\t\t\t<div class=\"elementor-element elementor-element-de03d13 elementor-widget elementor-widget-text-editor\" data-id=\"de03d13\" data-element_type=\"widget\" data-widget_type=\"text-editor.default\">\n\t\t\t\t<div class=\"elementor-widget-container\">\n\t\t\t\t\t\t\t<h5 style=\"font-weight: var(--heading--font-weight);\"><b>T\u00c9RMINOS Y CONDICIONES GENERALES DE USO<\/b><\/h5><h6 style=\"font-weight: var(--heading--font-weight);\"><b>01) \u00c1mbito de aplicaci\u00f3n<\/b><strong>\u00a0<\/strong><\/h6><p style=\"font-weight: 400;\"><span style=\"font-weight: 400;\">(1) Estos t\u00e9rminos y condiciones regulan el uso de la aplicaci\u00f3n Flatify. Se aplican independientemente de si el uso es gratuito o sujeto a una tarifa.<\/span><\/p><p style=\"font-weight: 400;\"><span style=\"font-weight: 400;\">(2) En la relaci\u00f3n entre AppMates UG (responsabilidad limitada) (en adelante, el \"Proveedor\") y el usuario (en adelante, el \"Usuario\"), solo se aplicar\u00e1n los siguientes t\u00e9rminos y condiciones en su versi\u00f3n actual en el momento de uso o compra.<\/span><\/p><h6 style=\"font-weight: var(--heading--font-weight);\"><b>02) Definitions<\/b><\/h6><p style=\"font-weight: 400;\"><span style=\"font-weight: 400;\">(1) \"Flatify App\" se refiere al programa distribuido bajo el nombre \"Flatify\". Este programa se puede instalar y utilizar en tel\u00e9fonos m\u00f3viles, tabletas y otros dispositivos m\u00f3viles.<\/span><\/p><p style=\"font-weight: 400;\"><span style=\"font-weight: 400;\">(2) Los t\u00e9rminos \"Consumidor\" y \"Empresario\" se entienden aqu\u00ed de acuerdo con las definiciones legales en los \u00a7\u00a7 13 y 14 del C\u00f3digo Civil Alem\u00e1n (BGB). Por lo tanto, el usuario es un \"Consumidor\" si el uso o la compra de la aplicaci\u00f3n Flatify no se puede atribuir predominantemente a su actividad comercial o profesional independiente. En contraste, un \"Empresario\" es cualquier persona natural o jur\u00eddica o sociedad con personalidad jur\u00eddica que act\u00faa en el uso de la aplicaci\u00f3n Flatify o en la celebraci\u00f3n del contrato en el curso de su actividad comercial o profesional independiente.<\/span><\/p><p style=\"font-weight: 400;\"><span style=\"font-weight: 400;\">(3) \"Marketplace\" se refiere a las tiendas de operadores de mercado como Google (\"Google Play\") y Apple (\"App Store\") donde los usuarios pueden seleccionar y descargar la aplicaci\u00f3n Flatify para su instalaci\u00f3n.<\/span><\/p><h6 style=\"font-weight: var(--heading--font-weight);\"><b>03) Opciones de uso<\/b><\/h6><p style=\"font-weight: 400;\"><span style=\"font-weight: 400;\">La aplicaci\u00f3n Flatify puede utilizarse de forma gratuita o sujeta a tarifas. Durante la instalaci\u00f3n, por ejemplo, a trav\u00e9s de los mercados de Google o Apple, la aplicaci\u00f3n siempre es gratuita. El uso de pago siempre requiere el consentimiento expreso y separado del usuario dentro de la aplicaci\u00f3n (\"Compra dentro de la aplicaci\u00f3n\", ver secci\u00f3n 4 a continuaci\u00f3n).<\/span><\/p><h6 style=\"font-weight: var(--heading--font-weight);\"><b>04) Uso de la aplicaci\u00f3n Flatify; Compras dentro de la aplicaci\u00f3n<\/b><\/h6><p style=\"font-weight: 400;\"><span style=\"font-weight: 400;\">(1) El usuario tiene la opci\u00f3n de seleccionar e instalar la aplicaci\u00f3n Flatify en el mercado respectivo. Al instalarla, el usuario declara su acuerdo con estos T\u00e9rminos y Condiciones Generales de Uso.<\/span><\/p><p style=\"font-weight: 400;\"><span style=\"font-weight: 400;\">(2) El uso de la aplicaci\u00f3n Flatify requiere la configuraci\u00f3n de una cuenta de usuario, para lo cual el usuario debe ingresar su direcci\u00f3n de correo electr\u00f3nico y contrase\u00f1a.<\/span><\/p><p style=\"font-weight: 400;\"><span style=\"font-weight: 400;\">(3) Si el usuario desea utilizar la funcionalidad de la versi\u00f3n de pago de la aplicaci\u00f3n Flatify, puede actualizar la aplicaci\u00f3n a trav\u00e9s de una \"Compra dentro de la aplicaci\u00f3n\". La forma en que se puede realizar esta actualizaci\u00f3n var\u00eda de un mercado a otro; el procedimiento espec\u00edfico se puede encontrar en los t\u00e9rminos del operador del mercado respectivo. El contrato de compra se celebra de acuerdo con los t\u00e9rminos del mercado respectivo. Estos t\u00e9rminos tambi\u00e9n determinan si el contrato de compra es entre el usuario y el mercado o entre el usuario y AppMates UG (responsabilidad limitada).<\/span><\/p><p style=\"font-weight: 400;\"><span style=\"font-weight: 400;\">(4) Las compras dentro de la aplicaci\u00f3n se facturan a trav\u00e9s del mercado respectivo y se aplican los t\u00e9rminos de pago especificados por el operador del mercado.<\/span><\/p><h6 style=\"font-weight: var(--heading--font-weight);\"><b>05) Garant\u00eda de defectos, garant\u00eda<\/b><\/h6><p style=\"font-weight: 400;\"><span style=\"font-weight: 400;\">Si el contrato de compra se celebra entre el proveedor y el usuario, el proveedor es responsable de los defectos de la aplicaci\u00f3n de acuerdo con las disposiciones legales aplicables, especialmente las regulaciones generales de los \u00a7\u00a7 434 y siguientes del C\u00f3digo Civil Alem\u00e1n (BGB). Para los empresarios, el per\u00edodo de garant\u00eda para la aplicaci\u00f3n proporcionada por el proveedor es de doce meses.<\/span><\/p><p style=\"font-weight: 400;\"><span style=\"font-weight: 400;\">No garantizamos las interrupciones de servidor habituales en la industria, pero trabajamos para proporcionar una nueva versi\u00f3n lo antes posible.<\/span><\/p><h6 style=\"font-weight: var(--heading--font-weight);\"><b>06) Responsabilidad<\/b><\/h6><p style=\"font-weight: 400;\"><span style=\"font-weight: 400;\">(1) Se excluyen las reclamaciones por da\u00f1os y perjuicios por parte del usuario. Excluidas de esto est\u00e1n las reclamaciones por da\u00f1os y perjuicios por parte del usuario debido a lesiones a la vida, el cuerpo, la salud o la violaci\u00f3n de obligaciones contractuales esenciales (obligaciones cardinales), as\u00ed como la responsabilidad por otros da\u00f1os basados en incumplimientos intencionales o gravemente negligentes por parte del proveedor, sus representantes legales o agentes autorizados. Las obligaciones contractuales esenciales son aquellas cuyo cumplimiento es necesario para lograr el prop\u00f3sito del contrato.<\/span><\/p><p style=\"font-weight: 400;\"><span style=\"font-weight: 400;\">(2) En casos de incumplimiento de obligaciones contractuales esenciales, el proveedor solo ser\u00e1 responsable de los da\u00f1os t\u00edpicos y previsibles si fueron causados por simple negligencia, a menos que se trate de reclamaciones por da\u00f1os y perjuicios por parte del usuario derivadas de lesiones a la vida, el cuerpo o la salud.<\/span><\/p><p style=\"font-weight: 400;\"><span style=\"font-weight: 400;\">(3) Las limitaciones de los p\u00e1rrafos 1 y 2 tambi\u00e9n se aplican en favor de los representantes legales y agentes autorizados del proveedor si se presentan reclamaciones directamente contra ellos.<\/span><\/p><h6 style=\"font-weight: var(--heading--font-weight);\"><b>07) Derecho de desistimiento<\/b><\/h6><p><span style=\"font-weight: 400;\">(7.1) Si el contrato se celebra con el proveedor (y no con el operador del mercado), el usuario tiene un derecho legal de desistimiento del proveedor, como se explica a continuaci\u00f3n en (2). Las excepciones al derecho de desistimiento se regulan en (3). Se proporciona un formulario de desistimiento de muestra en (4). (7.2) Derecho de desistimiento<\/span><\/p><h6 style=\"font-weight: var(--heading--font-weight);\"><b>(7.2) Derecho de desistimiento<\/b><\/h6><p style=\"font-weight: 400;\">Derecho de desistimiento<\/p><p style=\"font-weight: 400;\"><span style=\"font-weight: 400;\">Tiene usted el derecho de desistir del presente contrato dentro de un plazo de catorce d\u00edas sin necesidad de justificaci\u00f3n. El plazo de desistimiento es de catorce d\u00edas a partir de la fecha de celebraci\u00f3n del contrato. Para ejercer su derecho de desistimiento, deber\u00e1 informarnos (AppMates UG (responsabilidad limitada), Schallmauerweg 52, 50354 H\u00fcrth, <\/span><span style=\"font-weight: 400;\"><a href=\"mailto:support@flatify.de\">support@flatify.<\/a>com<\/span><span style=\"font-weight: 400;\">mediante una declaraci\u00f3n clara (por ejemplo, una carta enviada por correo postal, fax o correo electr\u00f3nico) de su decisi\u00f3n de desistir de este contrato. Puede utilizar el formulario de desistimiento adjunto, pero no es obligatorio. Para cumplir con el plazo de desistimiento, basta con que env\u00ede su comunicaci\u00f3n relativa al ejercicio del derecho de desistimiento antes de que expire el plazo de desistimiento.<\/span><\/p><p style=\"font-weight: 400;\"><span style=\"font-weight: 400;\">Efectos del desistimiento<\/span><\/p><p style=\"font-weight: 400;\"><span style=\"font-weight: 400;\">Si desiste del presente contrato, le reembolsaremos todos los pagos que hayamos recibido de usted, incluidos los gastos de entrega (con la excepci\u00f3n de los gastos adicionales resultantes de la elecci\u00f3n por su parte de una modalidad de entrega diferente a la modalidad menos costosa de entrega ordinaria que ofrezcamos), sin demora indebida y, en todo caso, a m\u00e1s tardar catorce d\u00edas a partir de la fecha en que se nos informe de su decisi\u00f3n de desistir del presente contrato. Procederemos a efectuar dicho reembolso utilizando el mismo medio de pago empleado por usted para la transacci\u00f3n inicial, a menos que haya usted dispuesto expresamente lo contrario; en todo caso, no incurrir\u00e1 en ning\u00fan gasto como consecuencia del reembolso.<\/span><\/p><p style=\"font-weight: 400;\"><span style=\"font-weight: 400;\">(7.3) El derecho a desistir de una compra a trav\u00e9s de la aplicaci\u00f3n Flatify caduca cuando el proveedor ha comenzado la ejecuci\u00f3n del contrato, es decir, la provisi\u00f3n de las funciones de pago de la aplicaci\u00f3n Flatify, despu\u00e9s de que el usuario haya dado su consentimiento expreso para que el proveedor pueda comenzar la ejecuci\u00f3n del contrato antes de que expire el plazo de desistimiento y haya confirmado su conocimiento de que, al dar su consentimiento, pierde su derecho de desistimiento.<\/span><\/p><p style=\"font-weight: 400;\"><span style=\"font-weight: 400;\">(7.4) Formulario de desistimiento de muestra<\/span><\/p><p style=\"font-weight: 400;\"><strong>Para ejercer su derecho de desistimiento, utilice la opci\u00f3n correspondiente en App Store y Play Store<br \/>o utilice el siguiente formulario de desistimiento:<\/strong><\/p><p style=\"font-weight: 400;\"><span style=\"font-weight: 400;\">(Si desea desistir del contrato, complete este formulario y env\u00edelo.)<\/span><\/p><ul><li style=\"font-weight: 400;\"><span style=\"font-weight: 400;\">A: <\/span><a href=\"mailto:support@flatify.de\"><span style=\"font-weight: 400;\">support@flatify.de<\/span><\/a><\/li><li style=\"font-weight: 400;\"><span style=\"font-weight: 400;\">O<\/span><\/li><li style=\"font-weight: 400;\"><span style=\"font-weight: 400;\">A: AppMates UG (responsabilidad limitada Schallmauerweg 52, 50354<\/span><\/li><li style=\"font-weight: 400;\"><span style=\"font-weight: 400;\">H\u00fcrth ,Por la presente, () desisto del contrato celebrado por m\u00ed\/nosotros () para la compra de los siguientes bienes ()\/la prestaci\u00f3n del siguiente servicio ()<\/span><\/li><li style=\"font-weight: 400;\"><span style=\"font-weight: 400;\">Solicitado el ()\/recibido el ()<\/span><\/li><li style=\"font-weight: 400;\"><span style=\"font-weight: 400;\">Nombre del consumidor\/consumidores<\/span><\/li><li style=\"font-weight: 400;\"><span style=\"font-weight: 400;\">Direcci\u00f3n del consumidor\/consumidores<\/span><\/li><li style=\"font-weight: 400;\"><span style=\"font-weight: 400;\">Direcci\u00f3n de correo electr\u00f3nico del consumidor\/consumidores<\/span><\/li><li style=\"font-weight: 400;\"><span style=\"font-weight: 400;\">registrada en Flatify Firma del consumidor\/consumidores (solo si el formulario se presenta en papel)<\/span><\/li><li style=\"font-weight: 400;\"><span style=\"font-weight: 400;\">Fecha<\/span><\/li><li style=\"font-weight: 400;\"><span style=\"font-weight: 400;\">T\u00e1chese lo que no corresponda<\/span><\/li><\/ul><p style=\"font-weight: 400;\"><strong>\u00a0<\/strong><\/p><h6 style=\"font-weight: var(--heading--font-weight);\"><b>08) Disposiciones finales<\/b><\/h6><p style=\"font-weight: 400;\"><span style=\"font-weight: 400;\">(1) Los contratos entre el proveedor y el usuario se rigen por las leyes de la Rep\u00fablica Federal de Alemania, excluyendo la Convenci\u00f3n de las Naciones Unidas sobre los Contratos de Compraventa Internacional de Mercader\u00edas (CISG). Las disposiciones legales sobre restricciones a la elecci\u00f3n de ley y la aplicabilidad de disposiciones obligatorias, en particular las leyes del Estado en el que el usuario tiene su residencia habitual como consumidor, quedan sin efecto.<\/span><\/p><p style=\"font-weight: 400;\"><span style=\"font-weight: 400;\">(2) Si el usuario es un comerciante, una entidad legal de derecho p\u00fablico o un patrimonio especial de derecho p\u00fablico, el lugar de jurisdicci\u00f3n para todas las disputas derivadas de las relaciones contractuales entre el usuario y el proveedor es el domicilio social del proveedor.<\/span><\/p><p style=\"font-weight: 400;\"><span style=\"font-weight: 400;\">(3) Si disposiciones individuales de este contrato son o llegan a ser inv\u00e1lidas, las disposiciones restantes seguir\u00e1n siendo v\u00e1lidas. En lugar de las disposiciones inv\u00e1lidas, si est\u00e1n disponibles, se aplicar\u00e1n las disposiciones legales pertinentes. Sin embargo, si esto constituye una carga desproporcionada para una de las partes del contrato, el contrato en su conjunto se considerar\u00e1 inv\u00e1lido.<\/span><\/p>\t\t\t\t\t\t<\/div>\n\t\t\t\t<\/div>\n\t\t\t\t\t<\/div>\n\t\t<\/div>\n\t\t\t\t\t<\/div>\n\t\t<\/section>\n\t\t\t\t<section class=\"elementor-section elementor-top-section elementor-element elementor-element-5f65413 elementor-section-boxed elementor-section-height-default elementor-section-height-default\" data-id=\"5f65413\" data-element_type=\"section\">\n\t\t\t\t\t\t<div class=\"elementor-container elementor-column-gap-default\">\n\t\t\t\t\t<div class=\"elementor-column elementor-col-100 elementor-top-column elementor-element elementor-element-2eddab9\" data-id=\"2eddab9\" data-element_type=\"column\">\n\t\t\t<div class=\"elementor-widget-wrap elementor-element-populated\">\n\t\t\t\t\t\t<div class=\"elementor-element elementor-element-8e51145 elementor-widget elementor-widget-image\" data-id=\"8e51145\" data-element_type=\"widget\" data-widget_type=\"image.default\">\n\t\t\t\t<div class=\"elementor-widget-container\">\n\t\t\t<style>\/*! elementor - v3.22.0 - 26-06-2024 *\/\n.elementor-widget-image{text-align:center}.elementor-widget-image a{display:inline-block}.elementor-widget-image a img[src$=\".svg\"]{width:48px}.elementor-widget-image img{vertical-align:middle;display:inline-block}<\/style>\t\t\t\t\t\t\t\t\t\t<img fetchpriority=\"high\" decoding=\"async\" width=\"723\" height=\"353\" src=\"https:\/\/flatify-app.com\/wp-content\/uploads\/2023\/09\/Appstore_survey.jpg\" class=\"attachment-large size-large wp-image-687\" alt=\"\" srcset=\"https:\/\/flatify-app.com\/wp-content\/uploads\/2023\/09\/Appstore_survey.jpg 723w, https:\/\/flatify-app.com\/wp-content\/uploads\/2023\/09\/Appstore_survey-300x146.jpg 300w, https:\/\/flatify-app.com\/wp-content\/uploads\/2023\/09\/Appstore_survey-18x9.jpg 18w\" sizes=\"(max-width: 723px) 100vw, 723px\" \/>\t\t\t\t\t\t\t\t\t\t\t\t\t<\/div>\n\t\t\t\t<\/div>\n\t\t\t\t<div class=\"elementor-element elementor-element-2f59ec9 elementor-widget elementor-widget-image\" data-id=\"2f59ec9\" data-element_type=\"widget\" data-widget_type=\"image.default\">\n\t\t\t\t<div class=\"elementor-widget-container\">\n\t\t\t\t\t\t\t\t\t\t\t\t\t<img decoding=\"async\" width=\"310\" height=\"310\" src=\"https:\/\/flatify-app.com\/wp-content\/uploads\/2023\/09\/ms-icon-310x310-1.png\" class=\"attachment-large size-large wp-image-688\" alt=\"\" srcset=\"https:\/\/flatify-app.com\/wp-content\/uploads\/2023\/09\/ms-icon-310x310-1.png 310w, https:\/\/flatify-app.com\/wp-content\/uploads\/2023\/09\/ms-icon-310x310-1-300x300.png 300w, https:\/\/flatify-app.com\/wp-content\/uploads\/2023\/09\/ms-icon-310x310-1-150x150.png 150w, https:\/\/flatify-app.com\/wp-content\/uploads\/2023\/09\/ms-icon-310x310-1-12x12.png 12w\" sizes=\"(max-width: 310px) 100vw, 310px\" \/>\t\t\t\t\t\t\t\t\t\t\t\t\t<\/div>\n\t\t\t\t<\/div>\n\t\t\t\t\t<\/div>\n\t\t<\/div>\n\t\t\t\t\t<\/div>\n\t\t<\/section>\n\t\t\t\t<\/div>","protected":false},"excerpt":{"rendered":"<p>AGB Perfect! You\u2019re in the right place. ALLGEMEINE NUTZUNGS- UND GESCH\u00c4FTSBEDINGUNGEN 01) Geltungsbereich\u00a0 (1) Diese Bedingungen regeln die Nutzung der Flatify-App. Sie gelten unabh\u00e4ngig davon, ob die Benutzung kostenlos oder gegen Entgelt erfolgt. (2) Im Verh\u00e4ltnis zwischen der AppMates UG (haftungsbeschr\u00e4nkt) (nachfolgend \u201eAnbieter\u201c) und dem Nutzer (nachfolgend \u201eNutzer\u201c) gelten ausschlie\u00dflich die nachfolgenden Bedingungen in ihrer [&hellip;]<\/p>","protected":false},"author":1,"featured_media":0,"parent":0,"menu_order":0,"comment_status":"closed","ping_status":"closed","template":"elementor_header_footer","meta":{"footnotes":"","iawp_total_views":314},"_links":{"self":[{"href":"https:\/\/flatify-app.com\/es\/wp-json\/wp\/v2\/pages\/672"}],"collection":[{"href":"https:\/\/flatify-app.com\/es\/wp-json\/wp\/v2\/pages"}],"about":[{"href":"https:\/\/flatify-app.com\/es\/wp-json\/wp\/v2\/types\/page"}],"author":[{"embeddable":true,"href":"https:\/\/flatify-app.com\/es\/wp-json\/wp\/v2\/users\/1"}],"replies":[{"embeddable":true,"href":"https:\/\/flatify-app.com\/es\/wp-json\/wp\/v2\/comments?post=672"}],"version-history":[{"count":13,"href":"https:\/\/flatify-app.com\/es\/wp-json\/wp\/v2\/pages\/672\/revisions"}],"predecessor-version":[{"id":694,"href":"https:\/\/flatify-app.com\/es\/wp-json\/wp\/v2\/pages\/672\/revisions\/694"}],"wp:attachment":[{"href":"https:\/\/flatify-app.com\/es\/wp-json\/wp\/v2\/media?parent=672"}],"curies":[{"name":"wp","href":"https:\/\/api.w.org\/{rel}","templated":true}]}}