{"id":699,"date":"2023-09-24T05:09:32","date_gmt":"2023-09-24T05:09:32","guid":{"rendered":"https:\/\/wordpress-969684-3873137.cloudwaysapps.com\/?page_id=699"},"modified":"2023-09-24T05:10:27","modified_gmt":"2023-09-24T05:10:27","slug":"impressum","status":"publish","type":"page","link":"https:\/\/flatify-app.com\/es\/impressum\/","title":{"rendered":"Aviso Legal"},"content":{"rendered":"<div data-elementor-type=\"wp-page\" data-elementor-id=\"699\" class=\"elementor elementor-699\" data-elementor-post-type=\"page\">\n\t\t\t\t\t\t<section class=\"elementor-section elementor-top-section elementor-element elementor-element-d776008 elementor-section-boxed elementor-section-height-default elementor-section-height-default\" data-id=\"d776008\" data-element_type=\"section\" data-settings=\"{&quot;background_background&quot;:&quot;classic&quot;}\">\n\t\t\t\t\t\t\t<div class=\"elementor-background-overlay\"><\/div>\n\t\t\t\t\t\t\t<div class=\"elementor-container elementor-column-gap-default\">\n\t\t\t\t\t<div class=\"elementor-column elementor-col-100 elementor-top-column elementor-element elementor-element-792e864\" data-id=\"792e864\" data-element_type=\"column\">\n\t\t\t<div class=\"elementor-widget-wrap elementor-element-populated\">\n\t\t\t\t\t\t<div class=\"elementor-element elementor-element-d7c36cf elementor-widget elementor-widget-heading\" data-id=\"d7c36cf\" data-element_type=\"widget\" data-widget_type=\"heading.default\">\n\t\t\t\t<div class=\"elementor-widget-container\">\n\t\t\t<style>\/*! elementor - v3.22.0 - 26-06-2024 *\/\n.elementor-heading-title{padding:0;margin:0;line-height:1}.elementor-widget-heading .elementor-heading-title[class*=elementor-size-]>a{color:inherit;font-size:inherit;line-height:inherit}.elementor-widget-heading .elementor-heading-title.elementor-size-small{font-size:15px}.elementor-widget-heading .elementor-heading-title.elementor-size-medium{font-size:19px}.elementor-widget-heading .elementor-heading-title.elementor-size-large{font-size:29px}.elementor-widget-heading .elementor-heading-title.elementor-size-xl{font-size:39px}.elementor-widget-heading .elementor-heading-title.elementor-size-xxl{font-size:59px}<\/style><h2 class=\"elementor-heading-title elementor-size-default\">Aviso Legal<\/h2>\t\t<\/div>\n\t\t\t\t<\/div>\n\t\t\t\t<div class=\"elementor-element elementor-element-f70bd0b elementor-widget elementor-widget-text-editor\" data-id=\"f70bd0b\" data-element_type=\"widget\" data-widget_type=\"text-editor.default\">\n\t\t\t\t<div class=\"elementor-widget-container\">\n\t\t\t<style>\/*! elementor - v3.22.0 - 26-06-2024 *\/\n.elementor-widget-text-editor.elementor-drop-cap-view-stacked .elementor-drop-cap{background-color:#69727d;color:#fff}.elementor-widget-text-editor.elementor-drop-cap-view-framed .elementor-drop-cap{color:#69727d;border:3px solid;background-color:transparent}.elementor-widget-text-editor:not(.elementor-drop-cap-view-default) .elementor-drop-cap{margin-top:8px}.elementor-widget-text-editor:not(.elementor-drop-cap-view-default) .elementor-drop-cap-letter{width:1em;height:1em}.elementor-widget-text-editor .elementor-drop-cap{float:left;text-align:center;line-height:1;font-size:50px}.elementor-widget-text-editor .elementor-drop-cap-letter{display:inline-block}<\/style>\t\t\t\t<div class=\"my-6 text-center\"><p class=\"font-size-xl\">\u00a1Perfecto! Est\u00e1s en el lugar correcto.<\/p><\/div>\t\t\t\t\t\t<\/div>\n\t\t\t\t<\/div>\n\t\t\t\t\t<\/div>\n\t\t<\/div>\n\t\t\t\t\t<\/div>\n\t\t<\/section>\n\t\t\t\t<section class=\"elementor-section elementor-top-section elementor-element elementor-element-5381ad1 elementor-section-boxed elementor-section-height-default elementor-section-height-default\" data-id=\"5381ad1\" data-element_type=\"section\">\n\t\t\t\t\t\t<div class=\"elementor-container elementor-column-gap-default\">\n\t\t\t\t\t<div class=\"elementor-column elementor-col-100 elementor-top-column elementor-element elementor-element-7fe3940\" data-id=\"7fe3940\" data-element_type=\"column\">\n\t\t\t<div class=\"elementor-widget-wrap elementor-element-populated\">\n\t\t\t\t\t\t<div class=\"elementor-element elementor-element-6327849 elementor-widget elementor-widget-text-editor\" data-id=\"6327849\" data-element_type=\"widget\" data-widget_type=\"text-editor.default\">\n\t\t\t\t<div class=\"elementor-widget-container\">\n\t\t\t\t\t\t\t<p><strong>Aviso Legal<\/strong><\/p><p>Informaci\u00f3n de acuerdo con el \u00a7 5 TMG (Ley alemana de medios de comunicaci\u00f3n)<\/p><p>AppMates UG (responsabilidad limitada)<br \/>Schallmauerweg 52<br \/>50354 H\u00fcrth<\/p><p><strong>Representado por:<\/strong><br \/>Robert Freudenthal<br \/>Emil Tomaszewski<\/p><p><strong>Registro:<\/strong><br \/>Inscrito en el Registro Mercantil<br \/>Tribunal de registro: Mannheim<br \/>N\u00famero de registro: HRB 737900<\/p><p><strong>Responsable del contenido seg\u00fan el \u00a7 55 Abs. 2 RStV (Tratado alem\u00e1n de radiodifusi\u00f3n interestatal):<\/strong><br \/>Appmates UG (responsabilidad limitada)<br \/>Schallmauerweg 52<br \/>50354 H\u00fcrth<\/p><p><strong>Descargo de responsabilidad:<\/strong><\/p><p><strong>Responsabilidad por el contenido<\/strong><\/p><p>Los contenidos de nuestras p\u00e1ginas han sido creados con el mayor cuidado. Sin embargo, no podemos garantizar la precisi\u00f3n, integridad y actualidad del contenido. Como proveedores de servicios, somos responsables de nuestro propio contenido en estas p\u00e1ginas de acuerdo con el \u00a7 7 Abs.1 TMG (Ley alemana de medios de comunicaci\u00f3n) y las leyes generales. Seg\u00fan los \u00a7\u00a7 8 a 10 TMG, no estamos obligados a supervisar la informaci\u00f3n de terceros transmitida o almacenada ni a investigar circunstancias que indiquen actividad ilegal. Las obligaciones de eliminar o bloquear el uso de informaci\u00f3n de acuerdo con las leyes generales no se ven afectadas. Sin embargo, la responsabilidad en este sentido solo es posible a partir del momento de tener conocimiento de una infracci\u00f3n legal espec\u00edfica. Al tomar conocimiento de infracciones legales correspondientes, eliminaremos estos contenidos de inmediato.<\/p><p><strong>Responsabilidad por enlaces<\/strong><\/p><p>Nuestra oferta contiene enlaces a sitios web externos de terceros, cuyos contenidos no tenemos influencia. Por lo tanto, no podemos asumir ninguna responsabilidad por estos contenidos externos. El proveedor u operador respectivo de las p\u00e1ginas es siempre responsable de los contenidos de las p\u00e1ginas enlazadas. Las p\u00e1ginas enlazadas fueron revisadas en busca de posibles violaciones legales en el momento de la vinculaci\u00f3n. Los contenidos ilegales no eran reconocibles en el momento de la vinculaci\u00f3n. Sin embargo, un control permanente de los contenidos de las p\u00e1ginas enlazadas no es razonable sin pruebas concretas de una violaci\u00f3n de la ley. Al tomar conocimiento de violaciones legales, eliminaremos de inmediato dichos enlaces.<\/p><p><strong>Derechos de autor<\/strong><\/p><p>El contenido y las obras creadas por los operadores del sitio en estas p\u00e1ginas est\u00e1n sujetos a la ley de derechos de autor alemana. La reproducci\u00f3n, edici\u00f3n, distribuci\u00f3n y cualquier tipo de uso fuera de los l\u00edmites de la ley de derechos de autor requieren el consentimiento por escrito del respectivo autor o creador. Las descargas y copias de estas p\u00e1ginas solo est\u00e1n permitidas para uso privado y no comercial. En la medida en que el contenido de este sitio no haya sido creado por el operador, se respetan los derechos de autor de terceros. En particular, el contenido de terceros se identifica como tal. Si, a pesar de esto, se produce una infracci\u00f3n de derechos de autor, le rogamos que nos informe al respecto. Al tomar conocimiento de infracciones legales, eliminaremos de inmediato dicho contenido.<\/p>\t\t\t\t\t\t<\/div>\n\t\t\t\t<\/div>\n\t\t\t\t\t<\/div>\n\t\t<\/div>\n\t\t\t\t\t<\/div>\n\t\t<\/section>\n\t\t\t\t<\/div>","protected":false},"excerpt":{"rendered":"<p>Impressum Perfect! You\u2019re in the right place. Impressum Angaben gem\u00e4\u00df \u00a7 5 TMG AppMates UG (haftungsbeschr\u00e4nkt)Schallmauerweg 5250354 H\u00fcrth Vertreten durch:Robert FreudenthalEmil Tomaszewski Registereintrag:Eintragung im Handelsregister.Registergericht: MannheimRegisternummer: HRB 737900 Verantwortlich f\u00fcr den Inhalt nach \u00a7 55 Abs. 2 RStV:Appmates UG (haftungsbeschr\u00e4nkt)Schallmauerweg 5250354 H\u00fcrth Haftungsausschluss: Haftung f\u00fcr Inhalte Die Inhalte auf unserer Seiten wurden mit gr\u00f6\u00dfter Sorgfalt [&hellip;]<\/p>","protected":false},"author":1,"featured_media":0,"parent":0,"menu_order":0,"comment_status":"closed","ping_status":"closed","template":"elementor_header_footer","meta":{"footnotes":"","iawp_total_views":199},"_links":{"self":[{"href":"https:\/\/flatify-app.com\/es\/wp-json\/wp\/v2\/pages\/699"}],"collection":[{"href":"https:\/\/flatify-app.com\/es\/wp-json\/wp\/v2\/pages"}],"about":[{"href":"https:\/\/flatify-app.com\/es\/wp-json\/wp\/v2\/types\/page"}],"author":[{"embeddable":true,"href":"https:\/\/flatify-app.com\/es\/wp-json\/wp\/v2\/users\/1"}],"replies":[{"embeddable":true,"href":"https:\/\/flatify-app.com\/es\/wp-json\/wp\/v2\/comments?post=699"}],"version-history":[{"count":4,"href":"https:\/\/flatify-app.com\/es\/wp-json\/wp\/v2\/pages\/699\/revisions"}],"predecessor-version":[{"id":704,"href":"https:\/\/flatify-app.com\/es\/wp-json\/wp\/v2\/pages\/699\/revisions\/704"}],"wp:attachment":[{"href":"https:\/\/flatify-app.com\/es\/wp-json\/wp\/v2\/media?parent=699"}],"curies":[{"name":"wp","href":"https:\/\/api.w.org\/{rel}","templated":true}]}}