{"id":24,"date":"2023-09-11T20:21:38","date_gmt":"2023-09-11T20:21:38","guid":{"rendered":"https:\/\/wordpress-969684-3873137.cloudwaysapps.com\/?page_id=24"},"modified":"2023-10-04T19:11:48","modified_gmt":"2023-10-04T19:11:48","slug":"install-and-invite","status":"publish","type":"page","link":"https:\/\/flatify-app.com\/fr\/install-and-invite\/","title":{"rendered":"Install and Invite"},"content":{"rendered":"<style>\/*! elementor - v3.15.0 - 20-08-2023 *\/<br \/>\n.elementor-heading-title{padding:0;margin:0;line-height:1}.elementor-widget-heading .elementor-heading-title[class*=elementor-size-]>a{color:inherit;font-size:inherit;line-height:inherit}.elementor-widget-heading .elementor-heading-title.elementor-size-small{font-size:15px}.elementor-widget-heading .elementor-heading-title.elementor-size-medium{font-size:19px}.elementor-widget-heading .elementor-heading-title.elementor-size-large{font-size:29px}.elementor-widget-heading .elementor-heading-title.elementor-size-xl{font-size:39px}.elementor-widget-heading .elementor-heading-title.elementor-size-xxl{font-size:59px}<\/style>\n<h2>Install and Invite<\/h2>\n<link rel=\"stylesheet\" href=\"http:\/\/flatify-app.com\/wp-content\/plugins\/elementor\/assets\/css\/widget-icon-list.min.css\">\n<ul>\n<li>\n\t\t\t\t\t\t\t\t\t\tPlanifier des Rendez-vous<\/li>\n<li>\n\t\t\t\t\t\t\t\t\t\tG\u00e9rer les d\u00e9penses partag\u00e9es<\/li>\n<li>\n\t\t\t\t\t\t\t\t\t\t Cr\u00e9er une liste de courses<\/li>\n<li>\n\t\t\t\t\t\t\t\t\t\t Plan de nettoyage \u00e9quitable<\/li>\n<li>\n\t\t\t\t\t\t\t\t\t\tDiscussion de Groupe<\/li>\n<\/ul>\n<style>\/*! elementor - v3.15.0 - 20-08-2023 *\/<br \/>\n.elementor-widget-image{text-align:center}.elementor-widget-image a{display:inline-block}.elementor-widget-image a img[src$=\".svg\"]{width:48px}.elementor-widget-image img{vertical-align:middle;display:inline-block}<\/style>\n<p>\t\t\t\t\t\t\t\t\t\t\t\t\t<a href=\"http:\/\/flatify-app.com\/wp-content\/uploads\/2023\/09\/QR_Code.gif\" data-elementor-open-lightbox=\"yes\" data-elementor-lightbox-title=\"QR_Code\" data-e-action-hash=\"#elementor-action%3Aaction%3Dlightbox%26settings%3DeyJpZCI6MTQ0LCJ1cmwiOiJodHRwczpcL1wvd29yZHByZXNzLTk2OTY4NC0zODczMTM3LmNsb3Vkd2F5c2FwcHMuY29tXC93cC1jb250ZW50XC91cGxvYWRzXC8yMDIzXC8wOVwvUVJfQ29kZS5naWYifQ%3D%3D\"><br \/>\n<img loading=\"lazy\" width=\"125\" height=\"125\" src=\"http:\/\/flatify-app.com\/wp-content\/uploads\/2023\/09\/QR_Code.gif\" alt=\"\" decoding=\"async\" srcset=\"http:\/\/flatify-app.com\/wp-content\/uploads\/2023\/09\/QR_Code.gif 125w, http:\/\/flatify-app.com\/wp-content\/uploads\/2023\/09\/QR_Code-12x12.gif 12w\" sizes=\"(max-width: 125px) 100vw, 125px\" \/>\t\t\t\t\t\t\t\t<\/a><br \/>\n<a href=\"https:\/\/play.google.com\/store\/apps\/details?id=flatify.com.flatify\" target=\"_blank\" rel=\"noopener\"><br \/>\n<img loading=\"lazy\" width=\"564\" height=\"167\" src=\"http:\/\/flatify-app.com\/wp-content\/uploads\/2023\/09\/58623078-55c4-46dc-bf0c-44b88e4167ca.png\" alt=\"\" decoding=\"async\" srcset=\"http:\/\/flatify-app.com\/wp-content\/uploads\/2023\/09\/58623078-55c4-46dc-bf0c-44b88e4167ca.png 564w, http:\/\/flatify-app.com\/wp-content\/uploads\/2023\/09\/58623078-55c4-46dc-bf0c-44b88e4167ca-300x89.png 300w, http:\/\/flatify-app.com\/wp-content\/uploads\/2023\/09\/58623078-55c4-46dc-bf0c-44b88e4167ca-18x5.png 18w\" sizes=\"(max-width: 564px) 100vw, 564px\" \/>\t\t\t\t\t\t\t\t<\/a><br \/>\n<a href=\"https:\/\/apps.apple.com\/us\/app\/flatify-wg-haushaltsapp\/id1541584461\" target=\"_blank\" rel=\"noopener\"><br \/>\n<img loading=\"lazy\" width=\"566\" height=\"168\" src=\"http:\/\/flatify-app.com\/wp-content\/uploads\/2023\/09\/a95ea7ab-79dc-44ac-afb2-6ecdebdc9b9d.png\" alt=\"\" decoding=\"async\" srcset=\"http:\/\/flatify-app.com\/wp-content\/uploads\/2023\/09\/a95ea7ab-79dc-44ac-afb2-6ecdebdc9b9d.png 566w, http:\/\/flatify-app.com\/wp-content\/uploads\/2023\/09\/a95ea7ab-79dc-44ac-afb2-6ecdebdc9b9d-300x89.png 300w, http:\/\/flatify-app.com\/wp-content\/uploads\/2023\/09\/a95ea7ab-79dc-44ac-afb2-6ecdebdc9b9d-18x5.png 18w\" sizes=\"(max-width: 566px) 100vw, 566px\" \/>\t\t\t\t\t\t\t\t<\/a><br \/>\n<img loading=\"lazy\" width=\"800\" height=\"800\" src=\"http:\/\/flatify-app.com\/wp-content\/uploads\/2023\/09\/Uebersicht-1536x1536-1-1024x1024.png\" alt=\"\" decoding=\"async\" srcset=\"http:\/\/flatify-app.com\/wp-content\/uploads\/2023\/09\/Uebersicht-1536x1536-1-1024x1024.png 1024w, http:\/\/flatify-app.com\/wp-content\/uploads\/2023\/09\/Uebersicht-1536x1536-1-300x300.png 300w, http:\/\/flatify-app.com\/wp-content\/uploads\/2023\/09\/Uebersicht-1536x1536-1-150x150.png 150w, http:\/\/flatify-app.com\/wp-content\/uploads\/2023\/09\/Uebersicht-1536x1536-1-768x768.png 768w, http:\/\/flatify-app.com\/wp-content\/uploads\/2023\/09\/Uebersicht-1536x1536-1-12x12.png 12w, http:\/\/flatify-app.com\/wp-content\/uploads\/2023\/09\/Uebersicht-1536x1536-1.png 1536w\" sizes=\"(max-width: 800px) 100vw, 800px\" \/><br \/>\n<img loading=\"lazy\" width=\"296\" height=\"589\" src=\"http:\/\/flatify-app.com\/wp-content\/uploads\/2023\/09\/Putzplan_White-1-3-1-1-1-1-1-1-1-1-1-1-1-1.png\" alt=\"\" decoding=\"async\" srcset=\"http:\/\/flatify-app.com\/wp-content\/uploads\/2023\/09\/Putzplan_White-1-3-1-1-1-1-1-1-1-1-1-1-1-1.png 296w, http:\/\/flatify-app.com\/wp-content\/uploads\/2023\/09\/Putzplan_White-1-3-1-1-1-1-1-1-1-1-1-1-1-1-151x300.png 151w, http:\/\/flatify-app.com\/wp-content\/uploads\/2023\/09\/Putzplan_White-1-3-1-1-1-1-1-1-1-1-1-1-1-1-6x12.png 6w\" sizes=\"(max-width: 296px) 100vw, 296px\" \/><\/p>\n<h2>Plan de nettoyage \u00e9quitable<\/h2>\n<p>La colocation est \u00e0 nouveau en d\u00e9sordre, et le plan de nettoyage est ignor\u00e9?<\/p>\n<ul>\n<li>\n\t\t\t\t\t\t\t\t\t\tR\u00e9partissez \u00e9quitablement les t\u00e2ches dans votre colocation<\/li>\n<li>\n\t\t\t\t\t\t\t\t\t\tCeux qui nettoient ou accomplissent des t\u00e2ches sont r\u00e9compens\u00e9s par des \u00e9toiles<\/li>\n<li>\n\t\t\t\t\t\t\t\t\t\tUtilisez la liste de contr\u00f4le pour d\u00e9finir clairement le planning de nettoyage<\/li>\n<li>\n\t\t\t\t\t\t\t\t\t\tRappellez \u00e0 vos colocataires lorsqu'ils ne terminent pas leurs t\u00e2ches<\/li>\n<li>\n\t\t\t\t\t\t\t\t\t\tEffectuez des t\u00e2ches si votre colocataire n'a pas le temps<\/li>\n<\/ul>\n<style>\/*! elementor - v3.15.0 - 20-08-2023 *\/<br \/>\n.elementor-widget-image-box .elementor-image-box-content{width:100%}@media (min-width:768px){.elementor-widget-image-box.elementor-position-left .elementor-image-box-wrapper,.elementor-widget-image-box.elementor-position-right .elementor-image-box-wrapper{display:flex}.elementor-widget-image-box.elementor-position-right .elementor-image-box-wrapper{text-align:right;flex-direction:row-reverse}.elementor-widget-image-box.elementor-position-left .elementor-image-box-wrapper{text-align:left;flex-direction:row}.elementor-widget-image-box.elementor-position-top .elementor-image-box-img{margin:auto}.elementor-widget-image-box.elementor-vertical-align-top .elementor-image-box-wrapper{align-items:flex-start}.elementor-widget-image-box.elementor-vertical-align-middle .elementor-image-box-wrapper{align-items:center}.elementor-widget-image-box.elementor-vertical-align-bottom .elementor-image-box-wrapper{align-items:flex-end}}@media (max-width:767px){.elementor-widget-image-box .elementor-image-box-img{margin-left:auto!important;margin-right:auto!important;margin-bottom:15px}}.elementor-widget-image-box .elementor-image-box-img{display:inline-block}.elementor-widget-image-box .elementor-image-box-title a{color:inherit}.elementor-widget-image-box .elementor-image-box-wrapper{text-align:center}.elementor-widget-image-box .elementor-image-box-description{margin:0}<\/style>\n<figure><img loading=\"lazy\" width=\"512\" height=\"512\" src=\"http:\/\/flatify-app.com\/wp-content\/uploads\/2023\/09\/roommate-1.png\" alt=\"\" decoding=\"async\" srcset=\"http:\/\/flatify-app.com\/wp-content\/uploads\/2023\/09\/roommate-1.png 512w, http:\/\/flatify-app.com\/wp-content\/uploads\/2023\/09\/roommate-1-300x300.png 300w, http:\/\/flatify-app.com\/wp-content\/uploads\/2023\/09\/roommate-1-150x150.png 150w, http:\/\/flatify-app.com\/wp-content\/uploads\/2023\/09\/roommate-1-12x12.png 12w\" sizes=\"(max-width: 512px) 100vw, 512px\" \/><\/figure>\n<h3>POUR LES COLOCATAIRES<\/h3>\n<p>En colocation, vous vivez souvent avec des personnes que vous ne connaissez peut-\u00eatre pas bien. L'organisation du m\u00e9nage joue un r\u00f4le important dans les relations. Avec Flatify, le stress inutile est \u00e9vit\u00e9 car vous avez tous les \u00e9l\u00e9ments essentiels du m\u00e9nage dans une seule application.<\/p>\n<figure><img loading=\"lazy\" width=\"512\" height=\"512\" src=\"http:\/\/flatify-app.com\/wp-content\/uploads\/2023\/09\/family-1.png\" alt=\"\" decoding=\"async\" srcset=\"http:\/\/flatify-app.com\/wp-content\/uploads\/2023\/09\/family-1.png 512w, http:\/\/flatify-app.com\/wp-content\/uploads\/2023\/09\/family-1-300x300.png 300w, http:\/\/flatify-app.com\/wp-content\/uploads\/2023\/09\/family-1-150x150.png 150w, http:\/\/flatify-app.com\/wp-content\/uploads\/2023\/09\/family-1-12x12.png 12w\" sizes=\"(max-width: 512px) 100vw, 512px\" \/><\/figure>\n<h3>POUR LES FAMILLES<\/h3>\n<p>Avoir un plan de m\u00e9nage ad\u00e9quat est essentiel pour les familles aussi. Vous pouvez motiver vos enfants \u00e0 faire plus de choses dans la maison avec le syst\u00e8me de points. De plus, tout le monde peut voir les \u00e9v\u00e9nements \u00e0 venir dans le calendrier.<\/p>\n<figure><img loading=\"lazy\" width=\"512\" height=\"512\" src=\"http:\/\/flatify-app.com\/wp-content\/uploads\/2023\/09\/couple.png\" alt=\"\" decoding=\"async\" srcset=\"http:\/\/flatify-app.com\/wp-content\/uploads\/2023\/09\/couple.png 512w, http:\/\/flatify-app.com\/wp-content\/uploads\/2023\/09\/couple-300x300.png 300w, http:\/\/flatify-app.com\/wp-content\/uploads\/2023\/09\/couple-150x150.png 150w, http:\/\/flatify-app.com\/wp-content\/uploads\/2023\/09\/couple-12x12.png 12w\" sizes=\"(max-width: 512px) 100vw, 512px\" \/><\/figure>\n<h3>POUR LES COUPLES<\/h3>\n<p>M\u00eame en tant que couple, il est essentiel d'organiser le m\u00e9nage ensemble. Qui est responsable de quelles t\u00e2ches et de quels achats sont n\u00e9cessaires pour le prochain d\u00eener? R\u00e9f\u00e9rences<\/p>\n<h2>T\u00e9l\u00e9charger maintenant<\/h2>\n<p>L'application de colocation et l'application de planification de nettoyage Flatify sont la solution parfaite si vous souhaitez suivre votre m\u00e9nage dans votre logement partag\u00e9. Flatify est pr\u00e9cieuse pour tous les types de m\u00e9nages, que ce soit une colocation d'\u00e9tudiants, un couple ou une famille. Avec le plan de nettoyage, vous pouvez suivre qui doit faire quelles t\u00e2ches, et le classement montre qui contribue le plus au m\u00e9nage dans votre colocation. Si vous avez des d\u00e9penses dans la colocation, entrez-les dans la section des d\u00e9penses pour vous assurer que tout est r\u00e9parti \u00e9quitablement et que personne n'oublie ses dettes. Avec la liste de courses, vous savez toujours ce qui manque actuellement dans la colocation. Le calendrier vous assure de ne jamais manquer une soir\u00e9e de colocation ou le prochain casting de colocataires. Avec Flatify, vous avez toutes les fonctionnalit\u00e9s dont vous avez besoin dans une seule application de colocation.<\/p>\n<p><a style=\"color:black;\" href=\"hhttp:\/\/flatify-app.com\/faqs\/\">En savoir plus sur les fonctionnalit\u00e9s dans les FAQ.<\/a><br \/>\n<a href=\"https:\/\/play.google.com\/store\/apps\/details?id=flatify.com.flatify\" target=\"_blank\" rel=\"noopener\"><br \/>\n<img loading=\"lazy\" width=\"564\" height=\"167\" src=\"http:\/\/flatify-app.com\/wp-content\/uploads\/2023\/09\/58623078-55c4-46dc-bf0c-44b88e4167ca.png\" alt=\"\" decoding=\"async\" srcset=\"http:\/\/flatify-app.com\/wp-content\/uploads\/2023\/09\/58623078-55c4-46dc-bf0c-44b88e4167ca.png 564w, http:\/\/flatify-app.com\/wp-content\/uploads\/2023\/09\/58623078-55c4-46dc-bf0c-44b88e4167ca-300x89.png 300w, http:\/\/flatify-app.com\/wp-content\/uploads\/2023\/09\/58623078-55c4-46dc-bf0c-44b88e4167ca-18x5.png 18w\" sizes=\"(max-width: 564px) 100vw, 564px\" \/>\t\t\t\t\t\t\t\t<\/a><br \/>\n<a href=\"https:\/\/apps.apple.com\/us\/app\/flatify-wg-haushaltsapp\/id1541584461\" target=\"_blank\" rel=\"noopener\"><br \/>\n<img loading=\"lazy\" width=\"566\" height=\"168\" src=\"http:\/\/flatify-app.com\/wp-content\/uploads\/2023\/09\/a95ea7ab-79dc-44ac-afb2-6ecdebdc9b9d.png\" alt=\"\" decoding=\"async\" srcset=\"http:\/\/flatify-app.com\/wp-content\/uploads\/2023\/09\/a95ea7ab-79dc-44ac-afb2-6ecdebdc9b9d.png 566w, http:\/\/flatify-app.com\/wp-content\/uploads\/2023\/09\/a95ea7ab-79dc-44ac-afb2-6ecdebdc9b9d-300x89.png 300w, http:\/\/flatify-app.com\/wp-content\/uploads\/2023\/09\/a95ea7ab-79dc-44ac-afb2-6ecdebdc9b9d-18x5.png 18w\" sizes=\"(max-width: 566px) 100vw, 566px\" \/>\t\t\t\t\t\t\t\t<\/a><\/p>","protected":false},"excerpt":{"rendered":"<p>Install and Invite Termine einstellen WG-Ausgaben verwalten Einkaufsliste erstellen Fairer Putzplan Gruppenchat Putzplan Die WG ist wieder nicht sauber und der Putzplan wird nicht beachtet? Teilt die Aufgaben in euer WG fair auf Wer putzt oder Aufgaben erledigt, wird mit Sternen belohnt Mit der Checkliste k\u00f6nnt ihr den Putzplan klar definieren Erinnert eure Mitbewohner, wenn [&hellip;]<\/p>","protected":false},"author":1,"featured_media":0,"parent":0,"menu_order":0,"comment_status":"closed","ping_status":"closed","template":"elementor_header_footer","meta":{"footnotes":"","iawp_total_views":85},"_links":{"self":[{"href":"https:\/\/flatify-app.com\/fr\/wp-json\/wp\/v2\/pages\/24"}],"collection":[{"href":"https:\/\/flatify-app.com\/fr\/wp-json\/wp\/v2\/pages"}],"about":[{"href":"https:\/\/flatify-app.com\/fr\/wp-json\/wp\/v2\/types\/page"}],"author":[{"embeddable":true,"href":"https:\/\/flatify-app.com\/fr\/wp-json\/wp\/v2\/users\/1"}],"replies":[{"embeddable":true,"href":"https:\/\/flatify-app.com\/fr\/wp-json\/wp\/v2\/comments?post=24"}],"version-history":[{"count":11,"href":"https:\/\/flatify-app.com\/fr\/wp-json\/wp\/v2\/pages\/24\/revisions"}],"predecessor-version":[{"id":1017,"href":"https:\/\/flatify-app.com\/fr\/wp-json\/wp\/v2\/pages\/24\/revisions\/1017"}],"wp:attachment":[{"href":"https:\/\/flatify-app.com\/fr\/wp-json\/wp\/v2\/media?parent=24"}],"curies":[{"name":"wp","href":"https:\/\/api.w.org\/{rel}","templated":true}]}}