{"id":672,"date":"2023-09-24T04:47:51","date_gmt":"2023-09-24T04:47:51","guid":{"rendered":"https:\/\/wordpress-969684-3873137.cloudwaysapps.com\/?page_id=672"},"modified":"2023-09-24T05:02:15","modified_gmt":"2023-09-24T05:02:15","slug":"agb","status":"publish","type":"page","link":"https:\/\/flatify-app.com\/fr\/agb\/","title":{"rendered":"agb"},"content":{"rendered":"<div data-elementor-type=\"wp-page\" data-elementor-id=\"672\" class=\"elementor elementor-672\" data-elementor-post-type=\"page\">\n\t\t\t\t\t\t<section class=\"elementor-section elementor-top-section elementor-element elementor-element-b8f53dd elementor-section-boxed elementor-section-height-default elementor-section-height-default\" data-id=\"b8f53dd\" data-element_type=\"section\" data-settings=\"{&quot;background_background&quot;:&quot;classic&quot;}\">\n\t\t\t\t\t\t\t<div class=\"elementor-background-overlay\"><\/div>\n\t\t\t\t\t\t\t<div class=\"elementor-container elementor-column-gap-default\">\n\t\t\t\t\t<div class=\"elementor-column elementor-col-100 elementor-top-column elementor-element elementor-element-9f0195d\" data-id=\"9f0195d\" data-element_type=\"column\">\n\t\t\t<div class=\"elementor-widget-wrap elementor-element-populated\">\n\t\t\t\t\t\t<div class=\"elementor-element elementor-element-c198a5c elementor-widget elementor-widget-heading\" data-id=\"c198a5c\" data-element_type=\"widget\" data-widget_type=\"heading.default\">\n\t\t\t\t<div class=\"elementor-widget-container\">\n\t\t\t<style>\/*! elementor - v3.22.0 - 26-06-2024 *\/\n.elementor-heading-title{padding:0;margin:0;line-height:1}.elementor-widget-heading .elementor-heading-title[class*=elementor-size-]>a{color:inherit;font-size:inherit;line-height:inherit}.elementor-widget-heading .elementor-heading-title.elementor-size-small{font-size:15px}.elementor-widget-heading .elementor-heading-title.elementor-size-medium{font-size:19px}.elementor-widget-heading .elementor-heading-title.elementor-size-large{font-size:29px}.elementor-widget-heading .elementor-heading-title.elementor-size-xl{font-size:39px}.elementor-widget-heading .elementor-heading-title.elementor-size-xxl{font-size:59px}<\/style><h2 class=\"elementor-heading-title elementor-size-default\">Conditions g\u00e9n\u00e9rales<\/h2>\t\t<\/div>\n\t\t\t\t<\/div>\n\t\t\t\t<div class=\"elementor-element elementor-element-a0f58df elementor-widget elementor-widget-text-editor\" data-id=\"a0f58df\" data-element_type=\"widget\" data-widget_type=\"text-editor.default\">\n\t\t\t\t<div class=\"elementor-widget-container\">\n\t\t\t<style>\/*! elementor - v3.22.0 - 26-06-2024 *\/\n.elementor-widget-text-editor.elementor-drop-cap-view-stacked .elementor-drop-cap{background-color:#69727d;color:#fff}.elementor-widget-text-editor.elementor-drop-cap-view-framed .elementor-drop-cap{color:#69727d;border:3px solid;background-color:transparent}.elementor-widget-text-editor:not(.elementor-drop-cap-view-default) .elementor-drop-cap{margin-top:8px}.elementor-widget-text-editor:not(.elementor-drop-cap-view-default) .elementor-drop-cap-letter{width:1em;height:1em}.elementor-widget-text-editor .elementor-drop-cap{float:left;text-align:center;line-height:1;font-size:50px}.elementor-widget-text-editor .elementor-drop-cap-letter{display:inline-block}<\/style>\t\t\t\t<div class=\"my-6 text-center\"><p class=\"font-size-xl\">Parfait ! Vous \u00eates au bon endroit.<\/p><\/div>\t\t\t\t\t\t<\/div>\n\t\t\t\t<\/div>\n\t\t\t\t\t<\/div>\n\t\t<\/div>\n\t\t\t\t\t<\/div>\n\t\t<\/section>\n\t\t\t\t<section class=\"elementor-section elementor-top-section elementor-element elementor-element-7c3b8e3 elementor-section-boxed elementor-section-height-default elementor-section-height-default\" data-id=\"7c3b8e3\" data-element_type=\"section\">\n\t\t\t\t\t\t<div class=\"elementor-container elementor-column-gap-default\">\n\t\t\t\t\t<div class=\"elementor-column elementor-col-100 elementor-top-column elementor-element elementor-element-2b64f7e\" data-id=\"2b64f7e\" data-element_type=\"column\">\n\t\t\t<div class=\"elementor-widget-wrap elementor-element-populated\">\n\t\t\t\t\t\t<div class=\"elementor-element elementor-element-de03d13 elementor-widget elementor-widget-text-editor\" data-id=\"de03d13\" data-element_type=\"widget\" data-widget_type=\"text-editor.default\">\n\t\t\t\t<div class=\"elementor-widget-container\">\n\t\t\t\t\t\t\t<h5 style=\"font-weight: var(--heading--font-weight);\"><b>CONDITIONS G\u00c9N\u00c9RALES D'UTILISATION<\/b><\/h5><h6 style=\"font-weight: var(--heading--font-weight);\"><b>01) Champ d'application<\/b><strong>\u00a0<\/strong><\/h6><p style=\"font-weight: 400;\"><span style=\"font-weight: 400;\">(1) Les pr\u00e9sentes conditions r\u00e9gissent l'utilisation de l'application Flatify. Elles s'appliquent ind\u00e9pendamment du fait que l'utilisation soit gratuite ou soumise \u00e0 des frais.<\/span><\/p><p style=\"font-weight: 400;\"><span style=\"font-weight: 400;\">(2) Dans les relations entre la soci\u00e9t\u00e9 AppMates UG (\u00e0 responsabilit\u00e9 limit\u00e9e) (ci-apr\u00e8s d\u00e9nomm\u00e9e \"le Fournisseur\") et l'utilisateur (ci-apr\u00e8s d\u00e9nomm\u00e9 \"l'Utilisateur\"), seules les pr\u00e9sentes conditions en vigueur au moment de l'utilisation ou de l'achat sont applicables.<\/span><\/p><h6 style=\"font-weight: var(--heading--font-weight);\"><b>02) D\u00e9finitions<\/b><\/h6><p style=\"font-weight: 400;\"><span style=\"font-weight: 400;\">(1) Par \"l'application Flatify\", on entend le programme distribu\u00e9 sous le nom \"Flatify\". Ce programme peut \u00eatre install\u00e9 et utilis\u00e9 sur des t\u00e9l\u00e9phones mobiles, des tablettes et d'autres appareils mobiles.<\/span><\/p><p style=\"font-weight: 400;\"><span style=\"font-weight: 400;\">(2) Les termes \"Consommateur\" et \"Entrepreneur\" sont compris ici conform\u00e9ment aux d\u00e9finitions l\u00e9gales des \u00a7\u00a7 13 et 14 du Code civil allemand (BGB). Par cons\u00e9quent, l'utilisateur est un \"Consommateur\" si l'utilisation ou l'achat de l'application Flatify ne peut pas principalement \u00eatre attribu\u00e9 \u00e0 son activit\u00e9 commerciale ou professionnelle ind\u00e9pendante. En revanche, un \"Entrepreneur\" d\u00e9signe toute personne physique ou morale ou soci\u00e9t\u00e9 dot\u00e9e de la personnalit\u00e9 juridique qui agit dans le cadre de l'utilisation de l'application Flatify ou de la conclusion du contrat dans le cadre de son activit\u00e9 commerciale ou professionnelle ind\u00e9pendante.<\/span><\/p><p style=\"font-weight: 400;\"><span style=\"font-weight: 400;\">(3) Par \"Place de march\u00e9\", on entend les boutiques (stores) des op\u00e9rateurs de places de march\u00e9 tels que Google (\"Google Play\") et Apple (\"App Store\") o\u00f9 les utilisateurs peuvent s\u00e9lectionner et t\u00e9l\u00e9charger l'application Flatify pour l'installation.<\/span><\/p><h6 style=\"font-weight: var(--heading--font-weight);\"><b>03) Options d'utilisation<\/b><\/h6><p style=\"font-weight: 400;\"><span style=\"font-weight: 400;\">L'application Flatify peut \u00eatre utilis\u00e9e gratuitement ou moyennant des frais. Lors de l'installation, par exemple, via les places de march\u00e9 de Google ou d'Apple, l'application est toujours gratuite. Une utilisation payante n\u00e9cessite toujours le consentement s\u00e9par\u00e9 et explicite de l'utilisateur au sein de l'application (\"Achat int\u00e9gr\u00e9\", voir la section 4 ci-dessous).<\/span><\/p><h6 style=\"font-weight: var(--heading--font-weight);\"><b>04) Utilisation de l'application Flatify ; Achats int\u00e9gr\u00e9s<\/b><\/h6><p style=\"font-weight: 400;\"><span style=\"font-weight: 400;\">(1) L'utilisateur a la possibilit\u00e9 de s\u00e9lectionner et d'installer l'application Flatify sur la place de march\u00e9 respective. En installant l'application, l'utilisateur d\u00e9clare accepter ces Conditions G\u00e9n\u00e9rales d'Utilisation.<\/span><\/p><p style=\"font-weight: 400;\"><span style=\"font-weight: 400;\">(2) L'utilisation de l'application Flatify n\u00e9cessite la cr\u00e9ation d'un compte utilisateur, pour lequel l'utilisateur doit saisir son adresse e-mail et un mot de passe.<\/span><\/p><p style=\"font-weight: 400;\"><span style=\"font-weight: 400;\">(3) Si l'utilisateur souhaite utiliser les fonctionnalit\u00e9s de la version payante de l'application Flatify, il peut mettre \u00e0 niveau l'application gr\u00e2ce \u00e0 un \"Achat int\u00e9gr\u00e9\". La mani\u00e8re dont cette mise \u00e0 niveau peut \u00eatre effectu\u00e9e varie d'une place de march\u00e9 \u00e0 l'autre ; la proc\u00e9dure sp\u00e9cifique peut \u00eatre trouv\u00e9e dans les conditions de l'op\u00e9rateur de la place de march\u00e9 respective. Le contrat d'achat est conclu conform\u00e9ment aux conditions de la place de march\u00e9 respective. Ces conditions d\u00e9terminent \u00e9galement si le contrat d'achat est conclu entre l'utilisateur et la place de march\u00e9 ou entre l'utilisateur et AppMates UG (\u00e0 responsabilit\u00e9 limit\u00e9e).<\/span><\/p><p style=\"font-weight: 400;\"><span style=\"font-weight: 400;\">(4) Les achats int\u00e9gr\u00e9s sont factur\u00e9s par la place de march\u00e9 respective, et les conditions de paiement sp\u00e9cifi\u00e9es par l'op\u00e9rateur de la place de march\u00e9 s'appliquent.<\/span><\/p><h6 style=\"font-weight: var(--heading--font-weight);\"><b>05) Garantie des d\u00e9fauts, garantie<\/b><\/h6><p style=\"font-weight: 400;\"><span style=\"font-weight: 400;\">Si le contrat d'achat est conclu entre le fournisseur et l'utilisateur, le fournisseur est responsable des d\u00e9fauts de l'application conform\u00e9ment aux dispositions l\u00e9gales applicables, en particulier les r\u00e8gles g\u00e9n\u00e9rales des \u00a7\u00a7 434 et suivants du Code civil allemand (BGB). Pour les entrepreneurs, la p\u00e9riode de garantie pour l'application fournie par le fournisseur est de douze mois.<\/span><\/p><p style=\"font-weight: 400;\"><span style=\"font-weight: 400;\">Nous ne garantissons pas les interruptions de serveur courantes dans l'industrie, mais nous travaillons pour fournir une nouvelle version d\u00e8s que possible.<\/span><\/p><h6 style=\"font-weight: var(--heading--font-weight);\"><b>06) Responsabilit\u00e9<\/b><\/h6><p style=\"font-weight: 400;\"><span style=\"font-weight: 400;\">(1) Les demandes de dommages et int\u00e9r\u00eats de l'utilisateur sont exclues. Sont exclus de cette exclusion les demandes de dommages et int\u00e9r\u00eats de l'utilisateur en raison de blessures \u00e0 la vie, au corps, \u00e0 la sant\u00e9 ou de la violation d'obligations contractuelles essentielles (obligations cardinales), ainsi que la responsabilit\u00e9 pour d'autres dommages r\u00e9sultant de violations intentionnelles ou gravement n\u00e9gligentes par le fournisseur, ses repr\u00e9sentants l\u00e9gaux ou agents mandat\u00e9s. Les obligations contractuelles essentielles sont celles dont l'accomplissement est n\u00e9cessaire \u00e0 la r\u00e9alisation de l'objet du contrat.<\/span><\/p><p style=\"font-weight: 400;\"><span style=\"font-weight: 400;\">(2) En cas de violation d'obligations contractuelles essentielles, le fournisseur n'est responsable que des dommages typiques et pr\u00e9visibles s'ils sont caus\u00e9s par une simple n\u00e9gligence, sauf s'il s'agit de demandes de dommages et int\u00e9r\u00eats de l'utilisateur r\u00e9sultant de blessures \u00e0 la vie, au corps ou \u00e0 la sant\u00e9.<\/span><\/p><p style=\"font-weight: 400;\"><span style=\"font-weight: 400;\">(3) Les limitations des paragraphes 1 et 2 s'appliquent \u00e9galement au profit des repr\u00e9sentants l\u00e9gaux et des agents mandat\u00e9s du fournisseur si des demandes sont formul\u00e9es directement contre eux.<\/span><\/p><h6 style=\"font-weight: var(--heading--font-weight);\"><b>07) Droit de r\u00e9tractation<\/b><\/h6><p><span style=\"font-weight: 400;\">(7.1) Si le contrat est conclu avec le fournisseur (et non avec l'op\u00e9rateur de la place de march\u00e9), l'utilisateur a un droit l\u00e9gal de r\u00e9tractation vis-\u00e0-vis du fournisseur, comme expliqu\u00e9 ci-dessous en (2). Les exceptions au droit de r\u00e9tractation sont r\u00e9gies en (3). Un formulaire de r\u00e9tractation mod\u00e8le est fourni en (4). (7.2) Droit de r\u00e9tractation<\/span><\/p><h6 style=\"font-weight: var(--heading--font-weight);\"><b>(7.2) Droit de r\u00e9tractation<\/b><\/h6><p style=\"font-weight: 400;\">Droit de r\u00e9tractation<\/p><p style=\"font-weight: 400;\"><span style=\"font-weight: 400;\">Vous avez le droit de vous r\u00e9tracter du pr\u00e9sent contrat dans un d\u00e9lai de quatorze jours sans donner de motif. Le d\u00e9lai de r\u00e9tractation expire quatorze jours apr\u00e8s le jour de la conclusion du contrat. Pour exercer votre droit de r\u00e9tractation, vous devez nous informer (AppMates UG (\u00e0 responsabilit\u00e9 limit\u00e9e), Schallmauerweg 52, 50354 H\u00fcrth, <\/span><span style=\"font-weight: 400;\"><a href=\"mailto:support@flatify.de\">support@flatify.<\/a>com<\/span><span style=\"font-weight: 400;\">de votre d\u00e9cision de vous r\u00e9tracter du pr\u00e9sent contrat au moyen d'une d\u00e9claration claire (par exemple, une lettre envoy\u00e9e par la poste, un fax ou un courrier \u00e9lectronique). Vous pouvez utiliser le mod\u00e8le de formulaire de r\u00e9tractation joint, mais ce n'est pas obligatoire. Pour que le d\u00e9lai de r\u00e9tractation soit respect\u00e9, il suffit que vous transmettiez votre communication relative \u00e0 l'exercice du droit de r\u00e9tractation avant l'expiration du d\u00e9lai de r\u00e9tractation.<\/span><\/p><p style=\"font-weight: 400;\"><span style=\"font-weight: 400;\">Effets de la r\u00e9tractation<\/span><\/p><p style=\"font-weight: 400;\"><span style=\"font-weight: 400;\">Si vous vous r\u00e9tractez du pr\u00e9sent contrat, nous vous rembourserons tous les paiements que nous avons re\u00e7us de votre part, y compris les frais de livraison (\u00e0 l'exception des frais suppl\u00e9mentaires r\u00e9sultant du choix par vos soins d'un mode de livraison autre que le mode de livraison standard le moins co\u00fbteux que nous proposons), sans retard excessif et en tout \u00e9tat de cause, au plus tard quatorze jours \u00e0 compter du jour o\u00f9 nous sommes inform\u00e9s de votre d\u00e9cision de r\u00e9tractation du pr\u00e9sent contrat. Nous proc\u00e9derons au remboursement en utilisant le m\u00eame moyen de paiement que celui que vous avez utilis\u00e9 pour la transaction initiale, sauf si vous convenez express\u00e9ment d'un moyen diff\u00e9rent ; en tout \u00e9tat de cause, ce remboursement n'entra\u00eenera pas de frais pour vous.<\/span><\/p><p style=\"font-weight: 400;\"><span style=\"font-weight: 400;\">(7.3) Le droit de r\u00e9tractation d'un achat via l'application Flatify expire si le fournisseur a commenc\u00e9 l'ex\u00e9cution du contrat, c'est-\u00e0-dire la fourniture des fonctions payantes de l'application Flatify, apr\u00e8s que l'utilisateur a express\u00e9ment consenti \u00e0 ce que le fournisseur commence l'ex\u00e9cution du contrat avant l'expiration du d\u00e9lai de r\u00e9tractation et a confirm\u00e9 sa connaissance du fait qu'en donnant son consentement, il renonce \u00e0 son droit de r\u00e9tractation.<\/span><\/p><p style=\"font-weight: 400;\"><span style=\"font-weight: 400;\">(7.4) Formulaire de r\u00e9tractation mod\u00e8le<\/span><\/p><p style=\"font-weight: 400;\"><strong>Pour exercer votre droit de r\u00e9tractation, utilisez l'option correspondante dans l'App Store et le Play Store<br \/>ou utilisez le formulaire de r\u00e9tractation suivant :<\/strong><\/p><p style=\"font-weight: 400;\"><span style=\"font-weight: 400;\">(Si vous souhaitez vous r\u00e9tracter du contrat, veuillez remplir ce formulaire et le renvoyer.)<\/span><\/p><ul><li style=\"font-weight: 400;\"><span style=\"font-weight: 400;\">\u00c0 : <\/span><a href=\"mailto:support@flatify.de\"><span style=\"font-weight: 400;\">support@flatify.de<\/span><\/a><\/li><li style=\"font-weight: 400;\"><span style=\"font-weight: 400;\">OU<\/span><\/li><li style=\"font-weight: 400;\"><span style=\"font-weight: 400;\">\u00c0 : AppMates UG (\u00e0 responsabilit\u00e9 limit\u00e9e), Schallmauerweg 52, 50354<\/span><\/li><li style=\"font-weight: 400;\"><span style=\"font-weight: 400;\">H\u00fcrth, Par la pr\u00e9sente, () je\/nous () vous notifie\/notifions () ma\/notre () r\u00e9tractation du contrat portant sur l'achat des biens suivants ()\/la fourniture des services suivants ()<\/span><\/li><li style=\"font-weight: 400;\"><span style=\"font-weight: 400;\">Command\u00e9 le ()\/re\u00e7u le ()<\/span><\/li><li style=\"font-weight: 400;\"><span style=\"font-weight: 400;\">Nom du consommateur ou des consommateurs<\/span><\/li><li style=\"font-weight: 400;\"><span style=\"font-weight: 400;\">Adresse du consommateur ou des consommateurs<\/span><\/li><li style=\"font-weight: 400;\"><span style=\"font-weight: 400;\">Adresse \u00e9lectronique du consommateur enregistr\u00e9e aupr\u00e8s de<\/span><\/li><li style=\"font-weight: 400;\"><span style=\"font-weight: 400;\">Flatify Signature du consommateur ou des consommateurs (uniquement si ce formulaire est notifi\u00e9 sur papier)<\/span><\/li><li style=\"font-weight: 400;\"><span style=\"font-weight: 400;\">Date<\/span><\/li><li style=\"font-weight: 400;\"><span style=\"font-weight: 400;\">Rayer la mention inutile<\/span><\/li><\/ul><p style=\"font-weight: 400;\"><strong>\u00a0<\/strong><\/p><h6 style=\"font-weight: var(--heading--font-weight);\"><b>08) Dispositions finales<\/b><\/h6><p style=\"font-weight: 400;\"><span style=\"font-weight: 400;\">(1) Les contrats entre le fournisseur et l'utilisateur sont r\u00e9gis par les lois de la R\u00e9publique f\u00e9d\u00e9rale d'Allemagne, \u00e0 l'exclusion de la Convention des Nations Unies sur les contrats de vente internationale de marchandises (CISG). Les dispositions l\u00e9gales concernant les restrictions au choix de la loi et l'applicabilit\u00e9 de dispositions obligatoires, en particulier les lois de l'\u00c9tat dans lequel l'utilisateur a sa r\u00e9sidence habituelle en tant que consommateur, sont exclues.<\/span><\/p><p style=\"font-weight: 400;\"><span style=\"font-weight: 400;\">(2) Si l'utilisateur est un commer\u00e7ant, une personne morale de droit public ou un fonds sp\u00e9cial de droit public, le lieu de juridiction pour tous les litiges d\u00e9coulant des relations contractuelles entre l'utilisateur et le fournisseur est le si\u00e8ge social du fournisseur.<\/span><\/p><p style=\"font-weight: 400;\"><span style=\"font-weight: 400;\">(3) Si des dispositions individuelles du pr\u00e9sent contrat sont ou deviennent inefficaces, les dispositions restantes demeurent en vigueur. En lieu et place des dispositions inefficaces, si elles sont disponibles, les dispositions l\u00e9gales correspondantes s'appliquent. Cependant, si cela constituait une charge d\u00e9raisonnable pour l'une des parties au contrat, le contrat dans son ensemble serait consid\u00e9r\u00e9 comme inefficace.<\/span><\/p>\t\t\t\t\t\t<\/div>\n\t\t\t\t<\/div>\n\t\t\t\t\t<\/div>\n\t\t<\/div>\n\t\t\t\t\t<\/div>\n\t\t<\/section>\n\t\t\t\t<section class=\"elementor-section elementor-top-section elementor-element elementor-element-5f65413 elementor-section-boxed elementor-section-height-default elementor-section-height-default\" data-id=\"5f65413\" data-element_type=\"section\">\n\t\t\t\t\t\t<div class=\"elementor-container elementor-column-gap-default\">\n\t\t\t\t\t<div class=\"elementor-column elementor-col-100 elementor-top-column elementor-element elementor-element-2eddab9\" data-id=\"2eddab9\" data-element_type=\"column\">\n\t\t\t<div class=\"elementor-widget-wrap elementor-element-populated\">\n\t\t\t\t\t\t<div class=\"elementor-element elementor-element-8e51145 elementor-widget elementor-widget-image\" data-id=\"8e51145\" data-element_type=\"widget\" data-widget_type=\"image.default\">\n\t\t\t\t<div class=\"elementor-widget-container\">\n\t\t\t<style>\/*! elementor - v3.22.0 - 26-06-2024 *\/\n.elementor-widget-image{text-align:center}.elementor-widget-image a{display:inline-block}.elementor-widget-image a img[src$=\".svg\"]{width:48px}.elementor-widget-image img{vertical-align:middle;display:inline-block}<\/style>\t\t\t\t\t\t\t\t\t\t<img fetchpriority=\"high\" decoding=\"async\" width=\"723\" height=\"353\" src=\"https:\/\/flatify-app.com\/wp-content\/uploads\/2023\/09\/Appstore_survey.jpg\" class=\"attachment-large size-large wp-image-687\" alt=\"\" srcset=\"https:\/\/flatify-app.com\/wp-content\/uploads\/2023\/09\/Appstore_survey.jpg 723w, https:\/\/flatify-app.com\/wp-content\/uploads\/2023\/09\/Appstore_survey-300x146.jpg 300w, https:\/\/flatify-app.com\/wp-content\/uploads\/2023\/09\/Appstore_survey-18x9.jpg 18w\" sizes=\"(max-width: 723px) 100vw, 723px\" \/>\t\t\t\t\t\t\t\t\t\t\t\t\t<\/div>\n\t\t\t\t<\/div>\n\t\t\t\t<div class=\"elementor-element elementor-element-2f59ec9 elementor-widget elementor-widget-image\" data-id=\"2f59ec9\" data-element_type=\"widget\" data-widget_type=\"image.default\">\n\t\t\t\t<div class=\"elementor-widget-container\">\n\t\t\t\t\t\t\t\t\t\t\t\t\t<img decoding=\"async\" width=\"310\" height=\"310\" src=\"https:\/\/flatify-app.com\/wp-content\/uploads\/2023\/09\/ms-icon-310x310-1.png\" class=\"attachment-large size-large wp-image-688\" alt=\"\" srcset=\"https:\/\/flatify-app.com\/wp-content\/uploads\/2023\/09\/ms-icon-310x310-1.png 310w, https:\/\/flatify-app.com\/wp-content\/uploads\/2023\/09\/ms-icon-310x310-1-300x300.png 300w, https:\/\/flatify-app.com\/wp-content\/uploads\/2023\/09\/ms-icon-310x310-1-150x150.png 150w, https:\/\/flatify-app.com\/wp-content\/uploads\/2023\/09\/ms-icon-310x310-1-12x12.png 12w\" sizes=\"(max-width: 310px) 100vw, 310px\" \/>\t\t\t\t\t\t\t\t\t\t\t\t\t<\/div>\n\t\t\t\t<\/div>\n\t\t\t\t\t<\/div>\n\t\t<\/div>\n\t\t\t\t\t<\/div>\n\t\t<\/section>\n\t\t\t\t<\/div>","protected":false},"excerpt":{"rendered":"<p>AGB Perfect! You\u2019re in the right place. ALLGEMEINE NUTZUNGS- UND GESCH\u00c4FTSBEDINGUNGEN 01) Geltungsbereich\u00a0 (1) Diese Bedingungen regeln die Nutzung der Flatify-App. Sie gelten unabh\u00e4ngig davon, ob die Benutzung kostenlos oder gegen Entgelt erfolgt. (2) Im Verh\u00e4ltnis zwischen der AppMates UG (haftungsbeschr\u00e4nkt) (nachfolgend \u201eAnbieter\u201c) und dem Nutzer (nachfolgend \u201eNutzer\u201c) gelten ausschlie\u00dflich die nachfolgenden Bedingungen in ihrer [&hellip;]<\/p>","protected":false},"author":1,"featured_media":0,"parent":0,"menu_order":0,"comment_status":"closed","ping_status":"closed","template":"elementor_header_footer","meta":{"footnotes":"","iawp_total_views":313},"_links":{"self":[{"href":"https:\/\/flatify-app.com\/fr\/wp-json\/wp\/v2\/pages\/672"}],"collection":[{"href":"https:\/\/flatify-app.com\/fr\/wp-json\/wp\/v2\/pages"}],"about":[{"href":"https:\/\/flatify-app.com\/fr\/wp-json\/wp\/v2\/types\/page"}],"author":[{"embeddable":true,"href":"https:\/\/flatify-app.com\/fr\/wp-json\/wp\/v2\/users\/1"}],"replies":[{"embeddable":true,"href":"https:\/\/flatify-app.com\/fr\/wp-json\/wp\/v2\/comments?post=672"}],"version-history":[{"count":13,"href":"https:\/\/flatify-app.com\/fr\/wp-json\/wp\/v2\/pages\/672\/revisions"}],"predecessor-version":[{"id":694,"href":"https:\/\/flatify-app.com\/fr\/wp-json\/wp\/v2\/pages\/672\/revisions\/694"}],"wp:attachment":[{"href":"https:\/\/flatify-app.com\/fr\/wp-json\/wp\/v2\/media?parent=672"}],"curies":[{"name":"wp","href":"https:\/\/api.w.org\/{rel}","templated":true}]}}