{"id":699,"date":"2023-09-24T05:09:32","date_gmt":"2023-09-24T05:09:32","guid":{"rendered":"https:\/\/wordpress-969684-3873137.cloudwaysapps.com\/?page_id=699"},"modified":"2023-09-24T05:10:27","modified_gmt":"2023-09-24T05:10:27","slug":"impressum","status":"publish","type":"page","link":"https:\/\/flatify-app.com\/fr\/impressum\/","title":{"rendered":"Mentions l\u00e9gales"},"content":{"rendered":"<div data-elementor-type=\"wp-page\" data-elementor-id=\"699\" class=\"elementor elementor-699\" data-elementor-post-type=\"page\">\n\t\t\t\t\t\t<section class=\"elementor-section elementor-top-section elementor-element elementor-element-d776008 elementor-section-boxed elementor-section-height-default elementor-section-height-default\" data-id=\"d776008\" data-element_type=\"section\" data-settings=\"{&quot;background_background&quot;:&quot;classic&quot;}\">\n\t\t\t\t\t\t\t<div class=\"elementor-background-overlay\"><\/div>\n\t\t\t\t\t\t\t<div class=\"elementor-container elementor-column-gap-default\">\n\t\t\t\t\t<div class=\"elementor-column elementor-col-100 elementor-top-column elementor-element elementor-element-792e864\" data-id=\"792e864\" data-element_type=\"column\">\n\t\t\t<div class=\"elementor-widget-wrap elementor-element-populated\">\n\t\t\t\t\t\t<div class=\"elementor-element elementor-element-d7c36cf elementor-widget elementor-widget-heading\" data-id=\"d7c36cf\" data-element_type=\"widget\" data-widget_type=\"heading.default\">\n\t\t\t\t<div class=\"elementor-widget-container\">\n\t\t\t<style>\/*! elementor - v3.22.0 - 26-06-2024 *\/\n.elementor-heading-title{padding:0;margin:0;line-height:1}.elementor-widget-heading .elementor-heading-title[class*=elementor-size-]>a{color:inherit;font-size:inherit;line-height:inherit}.elementor-widget-heading .elementor-heading-title.elementor-size-small{font-size:15px}.elementor-widget-heading .elementor-heading-title.elementor-size-medium{font-size:19px}.elementor-widget-heading .elementor-heading-title.elementor-size-large{font-size:29px}.elementor-widget-heading .elementor-heading-title.elementor-size-xl{font-size:39px}.elementor-widget-heading .elementor-heading-title.elementor-size-xxl{font-size:59px}<\/style><h2 class=\"elementor-heading-title elementor-size-default\">Mentions l\u00e9gales<\/h2>\t\t<\/div>\n\t\t\t\t<\/div>\n\t\t\t\t<div class=\"elementor-element elementor-element-f70bd0b elementor-widget elementor-widget-text-editor\" data-id=\"f70bd0b\" data-element_type=\"widget\" data-widget_type=\"text-editor.default\">\n\t\t\t\t<div class=\"elementor-widget-container\">\n\t\t\t<style>\/*! elementor - v3.22.0 - 26-06-2024 *\/\n.elementor-widget-text-editor.elementor-drop-cap-view-stacked .elementor-drop-cap{background-color:#69727d;color:#fff}.elementor-widget-text-editor.elementor-drop-cap-view-framed .elementor-drop-cap{color:#69727d;border:3px solid;background-color:transparent}.elementor-widget-text-editor:not(.elementor-drop-cap-view-default) .elementor-drop-cap{margin-top:8px}.elementor-widget-text-editor:not(.elementor-drop-cap-view-default) .elementor-drop-cap-letter{width:1em;height:1em}.elementor-widget-text-editor .elementor-drop-cap{float:left;text-align:center;line-height:1;font-size:50px}.elementor-widget-text-editor .elementor-drop-cap-letter{display:inline-block}<\/style>\t\t\t\t<div class=\"my-6 text-center\"><p class=\"font-size-xl\">Parfait ! Vous \u00eates au bon endroit.<\/p><\/div>\t\t\t\t\t\t<\/div>\n\t\t\t\t<\/div>\n\t\t\t\t\t<\/div>\n\t\t<\/div>\n\t\t\t\t\t<\/div>\n\t\t<\/section>\n\t\t\t\t<section class=\"elementor-section elementor-top-section elementor-element elementor-element-5381ad1 elementor-section-boxed elementor-section-height-default elementor-section-height-default\" data-id=\"5381ad1\" data-element_type=\"section\">\n\t\t\t\t\t\t<div class=\"elementor-container elementor-column-gap-default\">\n\t\t\t\t\t<div class=\"elementor-column elementor-col-100 elementor-top-column elementor-element elementor-element-7fe3940\" data-id=\"7fe3940\" data-element_type=\"column\">\n\t\t\t<div class=\"elementor-widget-wrap elementor-element-populated\">\n\t\t\t\t\t\t<div class=\"elementor-element elementor-element-6327849 elementor-widget elementor-widget-text-editor\" data-id=\"6327849\" data-element_type=\"widget\" data-widget_type=\"text-editor.default\">\n\t\t\t\t<div class=\"elementor-widget-container\">\n\t\t\t\t\t\t\t<p><strong>Mentions l\u00e9gales<\/strong><\/p><p>Informations conformes \u00e0 l'article 5 de la TMG (Loi allemande sur les m\u00e9dias en ligne)<\/p><p>AppMates UG (responsabilit\u00e9 limit\u00e9e)<br \/>Schallmauerweg 52<br \/>50354 H\u00fcrth<\/p><p><strong>Repr\u00e9sent\u00e9 par :<\/strong><br \/>Robert Freudenthal<br \/>Emil Tomaszewski<\/p><p><strong>Enregistrement :<\/strong><br \/>Inscrit au registre du commerce.<br \/>Tribunal d'enregistrement : Mannheim<br \/>Num\u00e9ro d'enregistrement : HRB 737900<\/p><p><strong>Responsable du contenu conform\u00e9ment \u00e0 l'article 55, paragraphe 2, du RStV (Traitement inter\u00e9tatique allemand sur la radiodiffusion) :<\/strong><br \/>Appmates UG (responsabilit\u00e9 limit\u00e9e)<br \/>Schallmauerweg 52<br \/>50354 H\u00fcrth<\/p><p><strong>Clause de non-responsabilit\u00e9 :<\/strong><\/p><p><strong>Responsabilit\u00e9 du contenu<\/strong><\/p><p>Les contenus de nos pages ont \u00e9t\u00e9 cr\u00e9\u00e9s avec le plus grand soin. Cependant, nous ne pouvons garantir l'exactitude, l'exhaustivit\u00e9 et l'actualit\u00e9 du contenu. En tant que prestataires de services, nous sommes responsables de notre propre contenu sur ces pages conform\u00e9ment \u00e0 l'article 7, paragraphe 1, de la TMG (Loi allemande sur les m\u00e9dias en ligne) et aux lois g\u00e9n\u00e9rales. Selon les articles 8 \u00e0 10 de la TMG, nous ne sommes cependant pas tenus de surveiller les informations de tiers transmises ou stock\u00e9es ni de rechercher des circonstances indiquant une activit\u00e9 ill\u00e9gale. Les obligations de supprimer ou de bloquer l'utilisation d'informations en vertu des lois g\u00e9n\u00e9rales restent inchang\u00e9es. Cependant, la responsabilit\u00e9 \u00e0 cet \u00e9gard n'est possible qu'\u00e0 partir du moment o\u00f9 nous avons connaissance d'une violation sp\u00e9cifique de la loi. En cas de constatation de violations l\u00e9gales correspondantes, nous supprimerons imm\u00e9diatement ces contenus.<\/p><p><strong>Responsabilit\u00e9 des liens<\/strong><\/p><p>Notre offre contient des liens vers des sites Web externes de tiers sur lesquels nous n'avons aucune influence. Par cons\u00e9quent, nous ne pouvons assumer aucune responsabilit\u00e9 pour ces contenus externes. Le fournisseur ou l'exploitant respectif des pages est toujours responsable du contenu des pages li\u00e9es. Les pages li\u00e9es ont \u00e9t\u00e9 v\u00e9rifi\u00e9es pour d'\u00e9ventuelles violations l\u00e9gales au moment de la liaison. Aucun contenu ill\u00e9gal n'\u00e9tait reconnaissable au moment de la liaison. Cependant, un contr\u00f4le permanent du contenu des pages li\u00e9es n'est pas raisonnable sans preuves concr\u00e8tes d'une violation de la loi. En cas de constatation de violations l\u00e9gales, nous supprimerons imm\u00e9diatement de tels liens.<\/p><p><strong>Droit d'auteur<\/strong><\/p><p>Le contenu et les \u0153uvres cr\u00e9\u00e9s par les op\u00e9rateurs du site sur ces pages sont soumis au droit d'auteur allemand. La reproduction, la modification, la distribution et toute forme d'exploitation en dehors des limites du droit d'auteur n\u00e9cessitent le consentement \u00e9crit de l'auteur ou du cr\u00e9ateur respectif. Les t\u00e9l\u00e9chargements et les copies de ces pages ne sont autoris\u00e9s que pour un usage priv\u00e9 et non commercial. Dans la mesure o\u00f9 le contenu de ce site n'a pas \u00e9t\u00e9 cr\u00e9\u00e9 par l'exploitant, les droits d'auteur de tiers sont respect\u00e9s. En particulier, le contenu de tiers est identifi\u00e9 comme tel. Si malgr\u00e9 cela, vous d\u00e9couvrez une violation du droit d'auteur, veuillez nous en informer. En cas de constatation de violations l\u00e9gales, nous supprimerons imm\u00e9diatement un tel contenu.<\/p>\t\t\t\t\t\t<\/div>\n\t\t\t\t<\/div>\n\t\t\t\t\t<\/div>\n\t\t<\/div>\n\t\t\t\t\t<\/div>\n\t\t<\/section>\n\t\t\t\t<\/div>","protected":false},"excerpt":{"rendered":"<p>Impressum Perfect! You\u2019re in the right place. Impressum Angaben gem\u00e4\u00df \u00a7 5 TMG AppMates UG (haftungsbeschr\u00e4nkt)Schallmauerweg 5250354 H\u00fcrth Vertreten durch:Robert FreudenthalEmil Tomaszewski Registereintrag:Eintragung im Handelsregister.Registergericht: MannheimRegisternummer: HRB 737900 Verantwortlich f\u00fcr den Inhalt nach \u00a7 55 Abs. 2 RStV:Appmates UG (haftungsbeschr\u00e4nkt)Schallmauerweg 5250354 H\u00fcrth Haftungsausschluss: Haftung f\u00fcr Inhalte Die Inhalte auf unserer Seiten wurden mit gr\u00f6\u00dfter Sorgfalt [&hellip;]<\/p>","protected":false},"author":1,"featured_media":0,"parent":0,"menu_order":0,"comment_status":"closed","ping_status":"closed","template":"elementor_header_footer","meta":{"footnotes":"","iawp_total_views":208},"_links":{"self":[{"href":"https:\/\/flatify-app.com\/fr\/wp-json\/wp\/v2\/pages\/699"}],"collection":[{"href":"https:\/\/flatify-app.com\/fr\/wp-json\/wp\/v2\/pages"}],"about":[{"href":"https:\/\/flatify-app.com\/fr\/wp-json\/wp\/v2\/types\/page"}],"author":[{"embeddable":true,"href":"https:\/\/flatify-app.com\/fr\/wp-json\/wp\/v2\/users\/1"}],"replies":[{"embeddable":true,"href":"https:\/\/flatify-app.com\/fr\/wp-json\/wp\/v2\/comments?post=699"}],"version-history":[{"count":4,"href":"https:\/\/flatify-app.com\/fr\/wp-json\/wp\/v2\/pages\/699\/revisions"}],"predecessor-version":[{"id":704,"href":"https:\/\/flatify-app.com\/fr\/wp-json\/wp\/v2\/pages\/699\/revisions\/704"}],"wp:attachment":[{"href":"https:\/\/flatify-app.com\/fr\/wp-json\/wp\/v2\/media?parent=699"}],"curies":[{"name":"wp","href":"https:\/\/api.w.org\/{rel}","templated":true}]}}