{"id":699,"date":"2023-09-24T05:09:32","date_gmt":"2023-09-24T05:09:32","guid":{"rendered":"https:\/\/wordpress-969684-3873137.cloudwaysapps.com\/?page_id=699"},"modified":"2023-09-24T05:10:27","modified_gmt":"2023-09-24T05:10:27","slug":"impressum","status":"publish","type":"page","link":"https:\/\/flatify-app.com\/it\/impressum\/","title":{"rendered":"Impressum"},"content":{"rendered":"<div data-elementor-type=\"wp-page\" data-elementor-id=\"699\" class=\"elementor elementor-699\" data-elementor-post-type=\"page\">\n\t\t\t\t\t\t<section class=\"elementor-section elementor-top-section elementor-element elementor-element-d776008 elementor-section-boxed elementor-section-height-default elementor-section-height-default\" data-id=\"d776008\" data-element_type=\"section\" data-settings=\"{&quot;background_background&quot;:&quot;classic&quot;}\">\n\t\t\t\t\t\t\t<div class=\"elementor-background-overlay\"><\/div>\n\t\t\t\t\t\t\t<div class=\"elementor-container elementor-column-gap-default\">\n\t\t\t\t\t<div class=\"elementor-column elementor-col-100 elementor-top-column elementor-element elementor-element-792e864\" data-id=\"792e864\" data-element_type=\"column\">\n\t\t\t<div class=\"elementor-widget-wrap elementor-element-populated\">\n\t\t\t\t\t\t<div class=\"elementor-element elementor-element-d7c36cf elementor-widget elementor-widget-heading\" data-id=\"d7c36cf\" data-element_type=\"widget\" data-widget_type=\"heading.default\">\n\t\t\t\t<div class=\"elementor-widget-container\">\n\t\t\t<style>\/*! elementor - v3.22.0 - 26-06-2024 *\/\n.elementor-heading-title{padding:0;margin:0;line-height:1}.elementor-widget-heading .elementor-heading-title[class*=elementor-size-]>a{color:inherit;font-size:inherit;line-height:inherit}.elementor-widget-heading .elementor-heading-title.elementor-size-small{font-size:15px}.elementor-widget-heading .elementor-heading-title.elementor-size-medium{font-size:19px}.elementor-widget-heading .elementor-heading-title.elementor-size-large{font-size:29px}.elementor-widget-heading .elementor-heading-title.elementor-size-xl{font-size:39px}.elementor-widget-heading .elementor-heading-title.elementor-size-xxl{font-size:59px}<\/style><h2 class=\"elementor-heading-title elementor-size-default\">Impressum<\/h2>\t\t<\/div>\n\t\t\t\t<\/div>\n\t\t\t\t<div class=\"elementor-element elementor-element-f70bd0b elementor-widget elementor-widget-text-editor\" data-id=\"f70bd0b\" data-element_type=\"widget\" data-widget_type=\"text-editor.default\">\n\t\t\t\t<div class=\"elementor-widget-container\">\n\t\t\t<style>\/*! elementor - v3.22.0 - 26-06-2024 *\/\n.elementor-widget-text-editor.elementor-drop-cap-view-stacked .elementor-drop-cap{background-color:#69727d;color:#fff}.elementor-widget-text-editor.elementor-drop-cap-view-framed .elementor-drop-cap{color:#69727d;border:3px solid;background-color:transparent}.elementor-widget-text-editor:not(.elementor-drop-cap-view-default) .elementor-drop-cap{margin-top:8px}.elementor-widget-text-editor:not(.elementor-drop-cap-view-default) .elementor-drop-cap-letter{width:1em;height:1em}.elementor-widget-text-editor .elementor-drop-cap{float:left;text-align:center;line-height:1;font-size:50px}.elementor-widget-text-editor .elementor-drop-cap-letter{display:inline-block}<\/style>\t\t\t\t<div class=\"my-6 text-center\"><p class=\"font-size-xl\">Perfetto! Sei nel posto giusto.<\/p><\/div>\t\t\t\t\t\t<\/div>\n\t\t\t\t<\/div>\n\t\t\t\t\t<\/div>\n\t\t<\/div>\n\t\t\t\t\t<\/div>\n\t\t<\/section>\n\t\t\t\t<section class=\"elementor-section elementor-top-section elementor-element elementor-element-5381ad1 elementor-section-boxed elementor-section-height-default elementor-section-height-default\" data-id=\"5381ad1\" data-element_type=\"section\">\n\t\t\t\t\t\t<div class=\"elementor-container elementor-column-gap-default\">\n\t\t\t\t\t<div class=\"elementor-column elementor-col-100 elementor-top-column elementor-element elementor-element-7fe3940\" data-id=\"7fe3940\" data-element_type=\"column\">\n\t\t\t<div class=\"elementor-widget-wrap elementor-element-populated\">\n\t\t\t\t\t\t<div class=\"elementor-element elementor-element-6327849 elementor-widget elementor-widget-text-editor\" data-id=\"6327849\" data-element_type=\"widget\" data-widget_type=\"text-editor.default\">\n\t\t\t\t<div class=\"elementor-widget-container\">\n\t\t\t\t\t\t\t<p><strong>Impressum<\/strong><\/p><p>Informazioni ai sensi dell'articolo 5 del TMG (Legge tedesca sui media digitali)<\/p><p>AppMates UG (a responsabilit\u00e0 limitata)<br \/>Schallmauerweg 52<br \/>50354 H\u00fcrth<\/p><p><strong>Rappresentato da:<\/strong><br \/>Robert Freudenthal<br \/>Emil Tomaszewski<\/p><p><strong>Registro:<\/strong><br \/>Iscritta al Registro delle imprese.<br \/>Tribunale di registrazione: Mannheim<br \/>Numero di registrazione: HRB 737900<\/p><p><strong>Responsabile del contenuto ai sensi dell'articolo 55, paragrafo 2, del RStV (Trattato tedesco sulla radiodiffusione interstatale):<\/strong><br \/>Appmates UG (a responsabilit\u00e0 limitata)<br \/>Schallmauerweg 52<br \/>50354 H\u00fcrth<\/p><p><strong>Disclaimer:<\/strong><\/p><p><strong>Responsabilit\u00e0 per i contenuti<\/strong><\/p><p>I contenuti delle nostre pagine sono stati creati con la massima cura. Tuttavia, non possiamo garantire l'accuratezza, la completezza e l'attualit\u00e0 dei contenuti. In quanto fornitori di servizi, siamo responsabili dei nostri contenuti su queste pagine in conformit\u00e0 all'articolo 7, paragrafo 1, del TMG (Legge tedesca sui media digitali) e alle leggi generali. Tuttavia, secondo gli articoli 8-10 del TMG, non siamo obbligati a monitorare le informazioni di terzi trasmesse o memorizzate n\u00e9 a cercare circostanze che indicano attivit\u00e0 illecita. Le obbligazioni di rimuovere o bloccare l'uso di informazioni ai sensi delle leggi generali rimangono inalterate. Tuttavia, la responsabilit\u00e0 in tal senso \u00e8 possibile solo a partire dal momento in cui siamo a conoscenza di una violazione specifica della legge. In caso di conoscenza di violazioni legali corrispondenti, rimuoveremo immediatamente tali contenuti.<\/p><p><strong>Responsabilit\u00e0 per i collegamenti<\/strong><\/p><p>La nostra offerta contiene collegamenti a siti Web esterni di terzi, sui quali non abbiamo alcuna influenza. Pertanto, non possiamo assumere alcuna responsabilit\u00e0 per questi contenuti esterni. Il rispettivo fornitore o gestore delle pagine \u00e8 sempre responsabile dei contenuti delle pagine collegate. Le pagine collegate sono state controllate per possibili violazioni legali al momento della creazione dei collegamenti. Contenuti illegali non erano riconoscibili al momento della creazione dei collegamenti. Tuttavia, un controllo permanente dei contenuti delle pagine collegate non \u00e8 ragionevole senza prove concrete di una violazione della legge. In caso di conoscenza di violazioni legali, rimuoveremo immediatamente tali collegamenti.<\/p><p><strong>Diritto d'autore<\/strong><\/p><p>I contenuti e le opere create dagli operatori del sito su queste pagine sono soggetti al diritto d'autore tedesco. La riproduzione, la modifica, la distribuzione e qualsiasi tipo di utilizzo al di fuori dei limiti del diritto d'autore richiedono il consenso scritto dell'autore o del creatore rispettivo. I download e le copie di queste pagine sono consentiti solo per uso privato e non commerciale. Nella misura in cui i contenuti di questo sito non siano stati creati dall'operatore, vengono rispettati i diritti d'autore di terzi. In particolare, i contenuti di terzi sono contrassegnati come tali. Se, nonostante ci\u00f2, si verificasse una violazione del diritto d'autore, vi preghiamo di informarci a riguardo. In caso di conoscenza di violazioni legali, rimuoveremo immediatamente tali contenuti.<\/p>\t\t\t\t\t\t<\/div>\n\t\t\t\t<\/div>\n\t\t\t\t\t<\/div>\n\t\t<\/div>\n\t\t\t\t\t<\/div>\n\t\t<\/section>\n\t\t\t\t<\/div>","protected":false},"excerpt":{"rendered":"<p>Impressum Perfect! You\u2019re in the right place. Impressum Angaben gem\u00e4\u00df \u00a7 5 TMG AppMates UG (haftungsbeschr\u00e4nkt)Schallmauerweg 5250354 H\u00fcrth Vertreten durch:Robert FreudenthalEmil Tomaszewski Registereintrag:Eintragung im Handelsregister.Registergericht: MannheimRegisternummer: HRB 737900 Verantwortlich f\u00fcr den Inhalt nach \u00a7 55 Abs. 2 RStV:Appmates UG (haftungsbeschr\u00e4nkt)Schallmauerweg 5250354 H\u00fcrth Haftungsausschluss: Haftung f\u00fcr Inhalte Die Inhalte auf unserer Seiten wurden mit gr\u00f6\u00dfter Sorgfalt [&hellip;]<\/p>","protected":false},"author":1,"featured_media":0,"parent":0,"menu_order":0,"comment_status":"closed","ping_status":"closed","template":"elementor_header_footer","meta":{"footnotes":"","iawp_total_views":204},"_links":{"self":[{"href":"https:\/\/flatify-app.com\/it\/wp-json\/wp\/v2\/pages\/699"}],"collection":[{"href":"https:\/\/flatify-app.com\/it\/wp-json\/wp\/v2\/pages"}],"about":[{"href":"https:\/\/flatify-app.com\/it\/wp-json\/wp\/v2\/types\/page"}],"author":[{"embeddable":true,"href":"https:\/\/flatify-app.com\/it\/wp-json\/wp\/v2\/users\/1"}],"replies":[{"embeddable":true,"href":"https:\/\/flatify-app.com\/it\/wp-json\/wp\/v2\/comments?post=699"}],"version-history":[{"count":4,"href":"https:\/\/flatify-app.com\/it\/wp-json\/wp\/v2\/pages\/699\/revisions"}],"predecessor-version":[{"id":704,"href":"https:\/\/flatify-app.com\/it\/wp-json\/wp\/v2\/pages\/699\/revisions\/704"}],"wp:attachment":[{"href":"https:\/\/flatify-app.com\/it\/wp-json\/wp\/v2\/media?parent=699"}],"curies":[{"name":"wp","href":"https:\/\/api.w.org\/{rel}","templated":true}]}}