{"id":1076,"date":"2024-03-05T14:57:43","date_gmt":"2024-03-05T14:57:43","guid":{"rendered":"https:\/\/flatify-app.com\/?page_id=1076"},"modified":"2024-03-05T16:22:36","modified_gmt":"2024-03-05T16:22:36","slug":"praxissemester","status":"publish","type":"page","link":"https:\/\/flatify-app.com\/nl\/praxissemester\/","title":{"rendered":""},"content":{"rendered":"<div data-elementor-type=\"wp-page\" data-elementor-id=\"1076\" class=\"elementor elementor-1076\" data-elementor-post-type=\"page\">\n\t\t\t\t\t\t<section class=\"elementor-section elementor-top-section elementor-element elementor-element-34771c3 elementor-section-boxed elementor-section-height-default elementor-section-height-default\" data-id=\"34771c3\" data-element_type=\"section\">\n\t\t\t\t\t\t<div class=\"elementor-container elementor-column-gap-default\">\n\t\t\t\t\t<div class=\"elementor-column elementor-col-100 elementor-top-column elementor-element elementor-element-5a575a7\" data-id=\"5a575a7\" data-element_type=\"column\">\n\t\t\t<div class=\"elementor-widget-wrap elementor-element-populated\">\n\t\t\t\t\t\t<div class=\"elementor-element elementor-element-a2f9647 elementor-widget elementor-widget-spacer\" data-id=\"a2f9647\" data-element_type=\"widget\" data-widget_type=\"spacer.default\">\n\t\t\t\t<div class=\"elementor-widget-container\">\n\t\t\t<style>\/*! elementor - v3.22.0 - 26-06-2024 *\/\n.elementor-column .elementor-spacer-inner{height:var(--spacer-size)}.e-con{--container-widget-width:100%}.e-con-inner>.elementor-widget-spacer,.e-con>.elementor-widget-spacer{width:var(--container-widget-width,var(--spacer-size));--align-self:var(--container-widget-align-self,initial);--flex-shrink:0}.e-con-inner>.elementor-widget-spacer>.elementor-widget-container,.e-con>.elementor-widget-spacer>.elementor-widget-container{height:100%;width:100%}.e-con-inner>.elementor-widget-spacer>.elementor-widget-container>.elementor-spacer,.e-con>.elementor-widget-spacer>.elementor-widget-container>.elementor-spacer{height:100%}.e-con-inner>.elementor-widget-spacer>.elementor-widget-container>.elementor-spacer>.elementor-spacer-inner,.e-con>.elementor-widget-spacer>.elementor-widget-container>.elementor-spacer>.elementor-spacer-inner{height:var(--container-widget-height,var(--spacer-size))}.e-con-inner>.elementor-widget-spacer.elementor-widget-empty,.e-con>.elementor-widget-spacer.elementor-widget-empty{position:relative;min-height:22px;min-width:22px}.e-con-inner>.elementor-widget-spacer.elementor-widget-empty .elementor-widget-empty-icon,.e-con>.elementor-widget-spacer.elementor-widget-empty .elementor-widget-empty-icon{position:absolute;top:0;bottom:0;left:0;right:0;margin:auto;padding:0;width:22px;height:22px}<\/style>\t\t<div class=\"elementor-spacer\">\n\t\t\t<div class=\"elementor-spacer-inner\"><\/div>\n\t\t<\/div>\n\t\t\t\t<\/div>\n\t\t\t\t<\/div>\n\t\t\t\t\t<\/div>\n\t\t<\/div>\n\t\t\t\t\t<\/div>\n\t\t<\/section>\n\t\t\t\t<section class=\"elementor-section elementor-top-section elementor-element elementor-element-a7768c6 elementor-section-boxed elementor-section-height-default elementor-section-height-default\" data-id=\"a7768c6\" data-element_type=\"section\">\n\t\t\t\t\t\t<div class=\"elementor-container elementor-column-gap-default\">\n\t\t\t\t\t<div class=\"elementor-column elementor-col-100 elementor-top-column elementor-element elementor-element-70d5e43\" data-id=\"70d5e43\" data-element_type=\"column\">\n\t\t\t<div class=\"elementor-widget-wrap elementor-element-populated\">\n\t\t\t\t\t\t<div class=\"elementor-element elementor-element-a06bcf6 elementor-widget elementor-widget-heading\" data-id=\"a06bcf6\" data-element_type=\"widget\" data-widget_type=\"heading.default\">\n\t\t\t\t<div class=\"elementor-widget-container\">\n\t\t\t<style>\/*! elementor - v3.22.0 - 26-06-2024 *\/\n.elementor-heading-title{padding:0;margin:0;line-height:1}.elementor-widget-heading .elementor-heading-title[class*=elementor-size-]>a{color:inherit;font-size:inherit;line-height:inherit}.elementor-widget-heading .elementor-heading-title.elementor-size-small{font-size:15px}.elementor-widget-heading .elementor-heading-title.elementor-size-medium{font-size:19px}.elementor-widget-heading .elementor-heading-title.elementor-size-large{font-size:29px}.elementor-widget-heading .elementor-heading-title.elementor-size-xl{font-size:39px}.elementor-widget-heading .elementor-heading-title.elementor-size-xxl{font-size:59px}<\/style><h2 class=\"elementor-heading-title elementor-size-default\">Wir suchen dich! <br>\nPraktikum um Social Media- & Content Marketing<\/h2>\t\t<\/div>\n\t\t\t\t<\/div>\n\t\t\t\t\t<\/div>\n\t\t<\/div>\n\t\t\t\t\t<\/div>\n\t\t<\/section>\n\t\t\t\t<section class=\"elementor-section elementor-top-section elementor-element elementor-element-7d08c94 elementor-section-boxed elementor-section-height-default elementor-section-height-default\" data-id=\"7d08c94\" data-element_type=\"section\" data-settings=\"{&quot;background_background&quot;:&quot;classic&quot;}\">\n\t\t\t\t\t\t<div class=\"elementor-container elementor-column-gap-default\">\n\t\t\t\t\t<div class=\"elementor-column elementor-col-100 elementor-top-column elementor-element elementor-element-3003e5c\" data-id=\"3003e5c\" data-element_type=\"column\">\n\t\t\t<div class=\"elementor-widget-wrap elementor-element-populated\">\n\t\t\t\t\t\t<div class=\"elementor-element elementor-element-80cab5a elementor-widget elementor-widget-spacer\" data-id=\"80cab5a\" data-element_type=\"widget\" data-widget_type=\"spacer.default\">\n\t\t\t\t<div class=\"elementor-widget-container\">\n\t\t\t\t\t<div class=\"elementor-spacer\">\n\t\t\t<div class=\"elementor-spacer-inner\"><\/div>\n\t\t<\/div>\n\t\t\t\t<\/div>\n\t\t\t\t<\/div>\n\t\t\t\t<div class=\"elementor-element elementor-element-400661c elementor-widget elementor-widget-text-editor\" data-id=\"400661c\" data-element_type=\"widget\" data-widget_type=\"text-editor.default\">\n\t\t\t\t<div class=\"elementor-widget-container\">\n\t\t\t<style>\/*! elementor - v3.22.0 - 26-06-2024 *\/\n.elementor-widget-text-editor.elementor-drop-cap-view-stacked .elementor-drop-cap{background-color:#69727d;color:#fff}.elementor-widget-text-editor.elementor-drop-cap-view-framed .elementor-drop-cap{color:#69727d;border:3px solid;background-color:transparent}.elementor-widget-text-editor:not(.elementor-drop-cap-view-default) .elementor-drop-cap{margin-top:8px}.elementor-widget-text-editor:not(.elementor-drop-cap-view-default) .elementor-drop-cap-letter{width:1em;height:1em}.elementor-widget-text-editor .elementor-drop-cap{float:left;text-align:center;line-height:1;font-size:50px}.elementor-widget-text-editor .elementor-drop-cap-letter{display:inline-block}<\/style>\t\t\t\t<div><div><div><div><div><div><div><p>Hey du Trendsetter, Meme-Liebhaber und kreativer Kopf!<\/p><p><b>Wer wir sind:<\/b><br \/>Wir sind Flatify, das Startup, das dein WG-Leben revolutioniert!<br \/>Flatify ist nicht nur eine App, sondern dein smarter Mitbewohner, der<br \/>den chaotischen WG-Alltag organisiert. Von Putzpl\u00e4nen \u00fcber gemeinsame<br \/>Einkaufslisten bis hin zur Finanzverwaltung \u2013 bei uns steht die WG im<br \/>Mittelpunkt!<\/p><p><b>Die Flatify-App:<\/b>\u00a0<\/p><p>Flatify ist deine WG-Zentrale<br \/>f\u00fcr ein stressfreies Zusammenleben. Mit unserer App erstellst du<br \/>spielend leicht Putzpl\u00e4ne, teilst Einkaufslisten, und beh\u00e4ltst die<br \/>Finanzen im Blick. Kein Chaos mehr, sondern pure WG-Harmonie. Flatify<br \/>sorgt daf\u00fcr, dass dein WG-Leben so l\u00e4uft, wie du es dir immer gew\u00fcnscht<br \/>hast.<\/p><p><b>Deine Aufgaben:<\/b>\u00a0<\/p><p>Du studierst und suchst ein Praktikum f\u00fcr dein Praxissemester? Als Social Media Praktikant bei Flatify bist du der<br \/>Herzschlag unserer TikTok- und Instagram-Kan\u00e4le, und das direkt aus<br \/>deinem Home Office! Deine Mission: Die WG-Vibes verbreiten und dabei<br \/>selbst der coolste WG-Vertreter sein.<\/p><p><i>Was dich erwartet:<\/i><\/p><ul><li>Kreative Content-Erstellung f\u00fcr TikTok und Instagram rund um das WG-Leben, Trends, Haushalt<\/li><li>Immer am Puls der neuesten Trends \u2013 du bist der Trendscout f\u00fcr Flatify<\/li><li>Meme-Magie: Du liebst Memes genauso sehr wie wir? Perfekt!<\/li><\/ul><p><b>\u00a0<\/b><\/p><p><b>Dein Profil:<\/b><br \/>Du bist nicht nur ein Social-Media-Experte, sondern ein echtes<br \/>Energieb\u00fcndel mit einer Vorliebe f\u00fcr das harmonische WG-Leben! Hier sind<br \/>die Must-haves f\u00fcr dein Ticket ins Flatify-Team:<\/p><ul><li>Du bist eingeschriebener Student oder Studentin und suchst ein Praktikum f\u00fcr dein Praxissemester<\/li><li><span role=\"document\">Du lebst und liebst Social Media, insbesondere TikTok und Instagram<\/span><\/li><li>Kamera? Kein Problem! Du f\u00fchlst dich vor der Linse wie zu Hause<\/li><li>Das schneiden von kurzen Videos ist f\u00fcr dich ein Kinderspiel<\/li><li>Du kennst nicht nur die neuesten WG-Trends, du bist selbst ein WG-Profi<\/li><li>Meme-Kenner: Du verstehst nicht nur, du f\u00fchlst die Meme-Kultur<\/li><li>Kreativit\u00e4t und Eigeninitiative sind f\u00fcr dich keine Fremdw\u00f6rter<\/li><li>Selbstst\u00e4ndiges Arbeiten ist f\u00fcr dich genauso normal wie dein morgendlicher Kaffee<\/li><\/ul><p><b>\u00a0<\/b><\/p><p><b>Warum Flatify?<\/b><br \/>Wir sind nicht nur ein Startup, sondern eine WG-Familie, die gemeinsam<br \/>durchstartet! Bei uns gibt es keine steifen Anz\u00fcge, nur lockere Vibes!<br \/>Du absolvierst dein Praktikum remote und gestaltest aktiv mit, wie die<br \/>Welt Flatify-WGs erlebt. Du bist hier nicht zum Kaffee kochen, sondern<br \/>m\u00f6chtest Erfahrungen sammeln und lernen. Klingt nach deinem<br \/>Traumpraktikum? Dann bewirb dich jetzt!<\/p><p><i>Ein Vorstellungsvideo oder kreatives Video ersetzt das Anschreiben. Bitte f\u00fcge deinen Lebenslauf hinzu.<\/i><\/p><p>Schicke uns deine kreativste Bewerbung und zeig uns, dass du der\/die Richtige<br \/>f\u00fcr den Job bist! Zusammen rocken wir die Social-Media-Welt und feiern<br \/>das entspannte WG-Leben.<\/p><p><strong>Schicke deinen Lebenslauf und ein kurzes Anschreiben an <\/strong><a href=\"mailto: jobs@flatify-app.com\" target=\"_blank\" rel=\"noopener\">jobs@flatify-app.com<\/a><\/p><\/div><\/div><\/div><\/div><\/div><div>\u00a0<\/div><\/div><\/div><div><div><div>\u00a0<\/div><\/div><\/div><div>\u00a0<\/div><div><div>\u00a0<\/div><\/div>\t\t\t\t\t\t<\/div>\n\t\t\t\t<\/div>\n\t\t\t\t<div class=\"elementor-element elementor-element-522bbc7 elementor-widget elementor-widget-spacer\" data-id=\"522bbc7\" data-element_type=\"widget\" data-widget_type=\"spacer.default\">\n\t\t\t\t<div class=\"elementor-widget-container\">\n\t\t\t\t\t<div class=\"elementor-spacer\">\n\t\t\t<div class=\"elementor-spacer-inner\"><\/div>\n\t\t<\/div>\n\t\t\t\t<\/div>\n\t\t\t\t<\/div>\n\t\t\t\t\t<\/div>\n\t\t<\/div>\n\t\t\t\t\t<\/div>\n\t\t<\/section>\n\t\t\t\t<\/div>","protected":false},"excerpt":{"rendered":"<p>Wir suchen dich! Praktikum um Social Media- &#038; Content Marketing Hey du Trendsetter, Meme-Liebhaber und kreativer Kopf! Wer wir sind:Wir sind Flatify, das Startup, das dein WG-Leben revolutioniert!Flatify ist nicht nur eine App, sondern dein smarter Mitbewohner, derden chaotischen WG-Alltag organisiert. Von Putzpl\u00e4nen \u00fcber gemeinsameEinkaufslisten bis hin zur Finanzverwaltung \u2013 bei uns steht die WG [&hellip;]<\/p>","protected":false},"author":3,"featured_media":0,"parent":0,"menu_order":0,"comment_status":"closed","ping_status":"closed","template":"","meta":{"footnotes":"","iawp_total_views":71},"_links":{"self":[{"href":"https:\/\/flatify-app.com\/nl\/wp-json\/wp\/v2\/pages\/1076"}],"collection":[{"href":"https:\/\/flatify-app.com\/nl\/wp-json\/wp\/v2\/pages"}],"about":[{"href":"https:\/\/flatify-app.com\/nl\/wp-json\/wp\/v2\/types\/page"}],"author":[{"embeddable":true,"href":"https:\/\/flatify-app.com\/nl\/wp-json\/wp\/v2\/users\/3"}],"replies":[{"embeddable":true,"href":"https:\/\/flatify-app.com\/nl\/wp-json\/wp\/v2\/comments?post=1076"}],"version-history":[{"count":18,"href":"https:\/\/flatify-app.com\/nl\/wp-json\/wp\/v2\/pages\/1076\/revisions"}],"predecessor-version":[{"id":1111,"href":"https:\/\/flatify-app.com\/nl\/wp-json\/wp\/v2\/pages\/1076\/revisions\/1111"}],"wp:attachment":[{"href":"https:\/\/flatify-app.com\/nl\/wp-json\/wp\/v2\/media?parent=1076"}],"curies":[{"name":"wp","href":"https:\/\/api.w.org\/{rel}","templated":true}]}}