{"id":24,"date":"2023-09-11T20:21:38","date_gmt":"2023-09-11T20:21:38","guid":{"rendered":"https:\/\/wordpress-969684-3873137.cloudwaysapps.com\/?page_id=24"},"modified":"2023-10-04T19:11:48","modified_gmt":"2023-10-04T19:11:48","slug":"install-and-invite","status":"publish","type":"page","link":"https:\/\/flatify-app.com\/nl\/install-and-invite\/","title":{"rendered":"Install and Invite"},"content":{"rendered":"<style>\/*! elementor - v3.15.0 - 20-08-2023 *\/<br \/>\n.elementor-heading-title{padding:0;margin:0;line-height:1}.elementor-widget-heading .elementor-heading-title[class*=elementor-size-]>a{color:inherit;font-size:inherit;line-height:inherit}.elementor-widget-heading .elementor-heading-title.elementor-size-small{font-size:15px}.elementor-widget-heading .elementor-heading-title.elementor-size-medium{font-size:19px}.elementor-widget-heading .elementor-heading-title.elementor-size-large{font-size:29px}.elementor-widget-heading .elementor-heading-title.elementor-size-xl{font-size:39px}.elementor-widget-heading .elementor-heading-title.elementor-size-xxl{font-size:59px}<\/style>\n<h2>Install and Invite<\/h2>\n<link rel=\"stylesheet\" href=\"http:\/\/flatify-app.com\/wp-content\/plugins\/elementor\/assets\/css\/widget-icon-list.min.css\">\n<ul>\n<li>\n\t\t\t\t\t\t\t\t\t\tAfspraken plannen<\/li>\n<li>\n\t\t\t\t\t\t\t\t\t\tGedeelde kosten beheren<\/li>\n<li>\n\t\t\t\t\t\t\t\t\t\t Een boodschappenlijst maken<\/li>\n<li>\n\t\t\t\t\t\t\t\t\t\t Eerlijke schoonmaakplanning<\/li>\n<li>\n\t\t\t\t\t\t\t\t\t\tGroepschat<\/li>\n<\/ul>\n<style>\/*! elementor - v3.15.0 - 20-08-2023 *\/<br \/>\n.elementor-widget-image{text-align:center}.elementor-widget-image a{display:inline-block}.elementor-widget-image a img[src$=\".svg\"]{width:48px}.elementor-widget-image img{vertical-align:middle;display:inline-block}<\/style>\n<p>\t\t\t\t\t\t\t\t\t\t\t\t\t<a href=\"http:\/\/flatify-app.com\/wp-content\/uploads\/2023\/09\/QR_Code.gif\" data-elementor-open-lightbox=\"yes\" data-elementor-lightbox-title=\"QR_Code\" data-e-action-hash=\"#elementor-action%3Aaction%3Dlightbox%26settings%3DeyJpZCI6MTQ0LCJ1cmwiOiJodHRwczpcL1wvd29yZHByZXNzLTk2OTY4NC0zODczMTM3LmNsb3Vkd2F5c2FwcHMuY29tXC93cC1jb250ZW50XC91cGxvYWRzXC8yMDIzXC8wOVwvUVJfQ29kZS5naWYifQ%3D%3D\"><br \/>\n<img loading=\"lazy\" width=\"125\" height=\"125\" src=\"http:\/\/flatify-app.com\/wp-content\/uploads\/2023\/09\/QR_Code.gif\" alt=\"\" decoding=\"async\" srcset=\"http:\/\/flatify-app.com\/wp-content\/uploads\/2023\/09\/QR_Code.gif 125w, http:\/\/flatify-app.com\/wp-content\/uploads\/2023\/09\/QR_Code-12x12.gif 12w\" sizes=\"(max-width: 125px) 100vw, 125px\" \/>\t\t\t\t\t\t\t\t<\/a><br \/>\n<a href=\"https:\/\/play.google.com\/store\/apps\/details?id=flatify.com.flatify\" target=\"_blank\" rel=\"noopener\"><br \/>\n<img loading=\"lazy\" width=\"564\" height=\"167\" src=\"http:\/\/flatify-app.com\/wp-content\/uploads\/2023\/09\/58623078-55c4-46dc-bf0c-44b88e4167ca.png\" alt=\"\" decoding=\"async\" srcset=\"http:\/\/flatify-app.com\/wp-content\/uploads\/2023\/09\/58623078-55c4-46dc-bf0c-44b88e4167ca.png 564w, http:\/\/flatify-app.com\/wp-content\/uploads\/2023\/09\/58623078-55c4-46dc-bf0c-44b88e4167ca-300x89.png 300w, http:\/\/flatify-app.com\/wp-content\/uploads\/2023\/09\/58623078-55c4-46dc-bf0c-44b88e4167ca-18x5.png 18w\" sizes=\"(max-width: 564px) 100vw, 564px\" \/>\t\t\t\t\t\t\t\t<\/a><br \/>\n<a href=\"https:\/\/apps.apple.com\/us\/app\/flatify-wg-haushaltsapp\/id1541584461\" target=\"_blank\" rel=\"noopener\"><br \/>\n<img loading=\"lazy\" width=\"566\" height=\"168\" src=\"http:\/\/flatify-app.com\/wp-content\/uploads\/2023\/09\/a95ea7ab-79dc-44ac-afb2-6ecdebdc9b9d.png\" alt=\"\" decoding=\"async\" srcset=\"http:\/\/flatify-app.com\/wp-content\/uploads\/2023\/09\/a95ea7ab-79dc-44ac-afb2-6ecdebdc9b9d.png 566w, http:\/\/flatify-app.com\/wp-content\/uploads\/2023\/09\/a95ea7ab-79dc-44ac-afb2-6ecdebdc9b9d-300x89.png 300w, http:\/\/flatify-app.com\/wp-content\/uploads\/2023\/09\/a95ea7ab-79dc-44ac-afb2-6ecdebdc9b9d-18x5.png 18w\" sizes=\"(max-width: 566px) 100vw, 566px\" \/>\t\t\t\t\t\t\t\t<\/a><br \/>\n<img loading=\"lazy\" width=\"800\" height=\"800\" src=\"http:\/\/flatify-app.com\/wp-content\/uploads\/2023\/09\/Uebersicht-1536x1536-1-1024x1024.png\" alt=\"\" decoding=\"async\" srcset=\"http:\/\/flatify-app.com\/wp-content\/uploads\/2023\/09\/Uebersicht-1536x1536-1-1024x1024.png 1024w, http:\/\/flatify-app.com\/wp-content\/uploads\/2023\/09\/Uebersicht-1536x1536-1-300x300.png 300w, http:\/\/flatify-app.com\/wp-content\/uploads\/2023\/09\/Uebersicht-1536x1536-1-150x150.png 150w, http:\/\/flatify-app.com\/wp-content\/uploads\/2023\/09\/Uebersicht-1536x1536-1-768x768.png 768w, http:\/\/flatify-app.com\/wp-content\/uploads\/2023\/09\/Uebersicht-1536x1536-1-12x12.png 12w, http:\/\/flatify-app.com\/wp-content\/uploads\/2023\/09\/Uebersicht-1536x1536-1.png 1536w\" sizes=\"(max-width: 800px) 100vw, 800px\" \/><br \/>\n<img loading=\"lazy\" width=\"296\" height=\"589\" src=\"http:\/\/flatify-app.com\/wp-content\/uploads\/2023\/09\/Putzplan_White-1-3-1-1-1-1-1-1-1-1-1-1-1-1.png\" alt=\"\" decoding=\"async\" srcset=\"http:\/\/flatify-app.com\/wp-content\/uploads\/2023\/09\/Putzplan_White-1-3-1-1-1-1-1-1-1-1-1-1-1-1.png 296w, http:\/\/flatify-app.com\/wp-content\/uploads\/2023\/09\/Putzplan_White-1-3-1-1-1-1-1-1-1-1-1-1-1-1-151x300.png 151w, http:\/\/flatify-app.com\/wp-content\/uploads\/2023\/09\/Putzplan_White-1-3-1-1-1-1-1-1-1-1-1-1-1-1-6x12.png 6w\" sizes=\"(max-width: 296px) 100vw, 296px\" \/><\/p>\n<h2>Eerlijke Schoonmaakplanning<\/h2>\n<p>Het gedeelde huis is weer rommelig, en de schoonmaakplanning wordt genegeerd?<\/p>\n<ul>\n<li>\n\t\t\t\t\t\t\t\t\t\tVerdeel taken eerlijk in jouw huis<\/li>\n<li>\n\t\t\t\t\t\t\t\t\t\tDegenen die schoonmaken of taken voltooien, worden beloond met sterren<\/li>\n<li>\n\t\t\t\t\t\t\t\t\t\tGebruik de checklist om het schoonmaakschema duidelijk te defini\u00ebren<\/li>\n<li>\n\t\t\t\t\t\t\t\t\t\tHerinner je huisgenoten eraan wanneer ze hun taken niet voltooien<\/li>\n<li>\n\t\t\t\t\t\t\t\t\t\tNeem taken over als je huisgenoot geen tijd heeft<\/li>\n<\/ul>\n<style>\/*! elementor - v3.15.0 - 20-08-2023 *\/<br \/>\n.elementor-widget-image-box .elementor-image-box-content{width:100%}@media (min-width:768px){.elementor-widget-image-box.elementor-position-left .elementor-image-box-wrapper,.elementor-widget-image-box.elementor-position-right .elementor-image-box-wrapper{display:flex}.elementor-widget-image-box.elementor-position-right .elementor-image-box-wrapper{text-align:right;flex-direction:row-reverse}.elementor-widget-image-box.elementor-position-left .elementor-image-box-wrapper{text-align:left;flex-direction:row}.elementor-widget-image-box.elementor-position-top .elementor-image-box-img{margin:auto}.elementor-widget-image-box.elementor-vertical-align-top .elementor-image-box-wrapper{align-items:flex-start}.elementor-widget-image-box.elementor-vertical-align-middle .elementor-image-box-wrapper{align-items:center}.elementor-widget-image-box.elementor-vertical-align-bottom .elementor-image-box-wrapper{align-items:flex-end}}@media (max-width:767px){.elementor-widget-image-box .elementor-image-box-img{margin-left:auto!important;margin-right:auto!important;margin-bottom:15px}}.elementor-widget-image-box .elementor-image-box-img{display:inline-block}.elementor-widget-image-box .elementor-image-box-title a{color:inherit}.elementor-widget-image-box .elementor-image-box-wrapper{text-align:center}.elementor-widget-image-box .elementor-image-box-description{margin:0}<\/style>\n<figure><img loading=\"lazy\" width=\"512\" height=\"512\" src=\"http:\/\/flatify-app.com\/wp-content\/uploads\/2023\/09\/roommate-1.png\" alt=\"\" decoding=\"async\" srcset=\"http:\/\/flatify-app.com\/wp-content\/uploads\/2023\/09\/roommate-1.png 512w, http:\/\/flatify-app.com\/wp-content\/uploads\/2023\/09\/roommate-1-300x300.png 300w, http:\/\/flatify-app.com\/wp-content\/uploads\/2023\/09\/roommate-1-150x150.png 150w, http:\/\/flatify-app.com\/wp-content\/uploads\/2023\/09\/roommate-1-12x12.png 12w\" sizes=\"(max-width: 512px) 100vw, 512px\" \/><\/figure>\n<h3>VOOR GEDEELDE HUIZEN<\/h3>\n<p>In gedeelde huizen woon je vaak met nieuwe mensen die je misschien nog niet goed kent. Huishoudelijke organisatie speelt een belangrijke rol in het goed met elkaar opschieten. Met Flatify wordt onnodige stress vermeden omdat je alle essenti\u00eble huishoudelijke zaken in \u00e9\u00e9n app hebt.<\/p>\n<figure><img loading=\"lazy\" width=\"512\" height=\"512\" src=\"http:\/\/flatify-app.com\/wp-content\/uploads\/2023\/09\/family-1.png\" alt=\"\" decoding=\"async\" srcset=\"http:\/\/flatify-app.com\/wp-content\/uploads\/2023\/09\/family-1.png 512w, http:\/\/flatify-app.com\/wp-content\/uploads\/2023\/09\/family-1-300x300.png 300w, http:\/\/flatify-app.com\/wp-content\/uploads\/2023\/09\/family-1-150x150.png 150w, http:\/\/flatify-app.com\/wp-content\/uploads\/2023\/09\/family-1-12x12.png 12w\" sizes=\"(max-width: 512px) 100vw, 512px\" \/><\/figure>\n<h3>VOOR GEZINNEN<\/h3>\n<p>Een goede huishoudelijke planning is ook voor gezinnen essentieel. Je kunt je kinderen motiveren om meer in huis te doen met het puntensysteem. Bovendien kan iedereen aankomende evenementen zien in de kalender.<\/p>\n<figure><img loading=\"lazy\" width=\"512\" height=\"512\" src=\"http:\/\/flatify-app.com\/wp-content\/uploads\/2023\/09\/couple.png\" alt=\"\" decoding=\"async\" srcset=\"http:\/\/flatify-app.com\/wp-content\/uploads\/2023\/09\/couple.png 512w, http:\/\/flatify-app.com\/wp-content\/uploads\/2023\/09\/couple-300x300.png 300w, http:\/\/flatify-app.com\/wp-content\/uploads\/2023\/09\/couple-150x150.png 150w, http:\/\/flatify-app.com\/wp-content\/uploads\/2023\/09\/couple-12x12.png 12w\" sizes=\"(max-width: 512px) 100vw, 512px\" \/><\/figure>\n<h3>VOOR STELLEN<\/h3>\n<p>Ook als stel is het essentieel om het huishouden samen te organiseren. Wie is verantwoordelijk voor welke taken en welke boodschappen zijn nodig voor het volgende diner? Referenties<\/p>\n<h2>Nu downloaden<\/h2>\n<p>De app voor gedeelde huizen en schoonmaakplanning app Flatify is de perfecte oplossing als je je huishouden in je gedeelde accommodatie wilt bijhouden. Flatify is waardevol voor alle soorten huishoudens, of het nu gaat om een studentenhuis, een stel of een gezin. Met het schoonmaakschema kun je bijhouden wie welke taken moet uitvoeren, en de ranglijst toont wie het meest bijdraagt aan het huishouden in je gedeelde huis. Als je kosten hebt in het huis, voer ze dan in in het gedeelte met de kosten om ervoor te zorgen dat alles eerlijk wordt verdeeld en niemand zijn schulden vergeet. Met de boodschappenlijst weet je altijd wat er op dit moment ontbreekt in het huis. De kalender zorgt ervoor dat je nooit een huisavond of de volgende casting van huisgenoten mist. Met Flatify heb je alle functies die je nodig hebt in \u00e9\u00e9n app voor gedeelde huizen.<\/p>\n<p><a style=\"color:black;\" href=\"hhttp:\/\/flatify-app.com\/faqs\/\">Mehr Informationen zu den Features findet ihr in den FAQs.<\/a><br \/>\n<a href=\"https:\/\/play.google.com\/store\/apps\/details?id=flatify.com.flatify\" target=\"_blank\" rel=\"noopener\"><br \/>\n<img loading=\"lazy\" width=\"564\" height=\"167\" src=\"http:\/\/flatify-app.com\/wp-content\/uploads\/2023\/09\/58623078-55c4-46dc-bf0c-44b88e4167ca.png\" alt=\"\" decoding=\"async\" srcset=\"http:\/\/flatify-app.com\/wp-content\/uploads\/2023\/09\/58623078-55c4-46dc-bf0c-44b88e4167ca.png 564w, http:\/\/flatify-app.com\/wp-content\/uploads\/2023\/09\/58623078-55c4-46dc-bf0c-44b88e4167ca-300x89.png 300w, http:\/\/flatify-app.com\/wp-content\/uploads\/2023\/09\/58623078-55c4-46dc-bf0c-44b88e4167ca-18x5.png 18w\" sizes=\"(max-width: 564px) 100vw, 564px\" \/>\t\t\t\t\t\t\t\t<\/a><br \/>\n<a href=\"https:\/\/apps.apple.com\/us\/app\/flatify-wg-haushaltsapp\/id1541584461\" target=\"_blank\" rel=\"noopener\"><br \/>\n<img loading=\"lazy\" width=\"566\" height=\"168\" src=\"http:\/\/flatify-app.com\/wp-content\/uploads\/2023\/09\/a95ea7ab-79dc-44ac-afb2-6ecdebdc9b9d.png\" alt=\"\" decoding=\"async\" srcset=\"http:\/\/flatify-app.com\/wp-content\/uploads\/2023\/09\/a95ea7ab-79dc-44ac-afb2-6ecdebdc9b9d.png 566w, http:\/\/flatify-app.com\/wp-content\/uploads\/2023\/09\/a95ea7ab-79dc-44ac-afb2-6ecdebdc9b9d-300x89.png 300w, http:\/\/flatify-app.com\/wp-content\/uploads\/2023\/09\/a95ea7ab-79dc-44ac-afb2-6ecdebdc9b9d-18x5.png 18w\" sizes=\"(max-width: 566px) 100vw, 566px\" \/>\t\t\t\t\t\t\t\t<\/a><\/p>","protected":false},"excerpt":{"rendered":"<p>Install and Invite Termine einstellen WG-Ausgaben verwalten Einkaufsliste erstellen Fairer Putzplan Gruppenchat Putzplan Die WG ist wieder nicht sauber und der Putzplan wird nicht beachtet? Teilt die Aufgaben in euer WG fair auf Wer putzt oder Aufgaben erledigt, wird mit Sternen belohnt Mit der Checkliste k\u00f6nnt ihr den Putzplan klar definieren Erinnert eure Mitbewohner, wenn [&hellip;]<\/p>","protected":false},"author":1,"featured_media":0,"parent":0,"menu_order":0,"comment_status":"closed","ping_status":"closed","template":"elementor_header_footer","meta":{"footnotes":"","iawp_total_views":85},"_links":{"self":[{"href":"https:\/\/flatify-app.com\/nl\/wp-json\/wp\/v2\/pages\/24"}],"collection":[{"href":"https:\/\/flatify-app.com\/nl\/wp-json\/wp\/v2\/pages"}],"about":[{"href":"https:\/\/flatify-app.com\/nl\/wp-json\/wp\/v2\/types\/page"}],"author":[{"embeddable":true,"href":"https:\/\/flatify-app.com\/nl\/wp-json\/wp\/v2\/users\/1"}],"replies":[{"embeddable":true,"href":"https:\/\/flatify-app.com\/nl\/wp-json\/wp\/v2\/comments?post=24"}],"version-history":[{"count":11,"href":"https:\/\/flatify-app.com\/nl\/wp-json\/wp\/v2\/pages\/24\/revisions"}],"predecessor-version":[{"id":1017,"href":"https:\/\/flatify-app.com\/nl\/wp-json\/wp\/v2\/pages\/24\/revisions\/1017"}],"wp:attachment":[{"href":"https:\/\/flatify-app.com\/nl\/wp-json\/wp\/v2\/media?parent=24"}],"curies":[{"name":"wp","href":"https:\/\/api.w.org\/{rel}","templated":true}]}}