{"id":672,"date":"2023-09-24T04:47:51","date_gmt":"2023-09-24T04:47:51","guid":{"rendered":"https:\/\/wordpress-969684-3873137.cloudwaysapps.com\/?page_id=672"},"modified":"2023-09-24T05:02:15","modified_gmt":"2023-09-24T05:02:15","slug":"agb","status":"publish","type":"page","link":"https:\/\/flatify-app.com\/nl\/agb\/","title":{"rendered":"agb"},"content":{"rendered":"<div data-elementor-type=\"wp-page\" data-elementor-id=\"672\" class=\"elementor elementor-672\" data-elementor-post-type=\"page\">\n\t\t\t\t\t\t<section class=\"elementor-section elementor-top-section elementor-element elementor-element-b8f53dd elementor-section-boxed elementor-section-height-default elementor-section-height-default\" data-id=\"b8f53dd\" data-element_type=\"section\" data-settings=\"{&quot;background_background&quot;:&quot;classic&quot;}\">\n\t\t\t\t\t\t\t<div class=\"elementor-background-overlay\"><\/div>\n\t\t\t\t\t\t\t<div class=\"elementor-container elementor-column-gap-default\">\n\t\t\t\t\t<div class=\"elementor-column elementor-col-100 elementor-top-column elementor-element elementor-element-9f0195d\" data-id=\"9f0195d\" data-element_type=\"column\">\n\t\t\t<div class=\"elementor-widget-wrap elementor-element-populated\">\n\t\t\t\t\t\t<div class=\"elementor-element elementor-element-c198a5c elementor-widget elementor-widget-heading\" data-id=\"c198a5c\" data-element_type=\"widget\" data-widget_type=\"heading.default\">\n\t\t\t\t<div class=\"elementor-widget-container\">\n\t\t\t<style>\/*! elementor - v3.22.0 - 26-06-2024 *\/\n.elementor-heading-title{padding:0;margin:0;line-height:1}.elementor-widget-heading .elementor-heading-title[class*=elementor-size-]>a{color:inherit;font-size:inherit;line-height:inherit}.elementor-widget-heading .elementor-heading-title.elementor-size-small{font-size:15px}.elementor-widget-heading .elementor-heading-title.elementor-size-medium{font-size:19px}.elementor-widget-heading .elementor-heading-title.elementor-size-large{font-size:29px}.elementor-widget-heading .elementor-heading-title.elementor-size-xl{font-size:39px}.elementor-widget-heading .elementor-heading-title.elementor-size-xxl{font-size:59px}<\/style><h2 class=\"elementor-heading-title elementor-size-default\">Algemene voorwaarden<\/h2>\t\t<\/div>\n\t\t\t\t<\/div>\n\t\t\t\t<div class=\"elementor-element elementor-element-a0f58df elementor-widget elementor-widget-text-editor\" data-id=\"a0f58df\" data-element_type=\"widget\" data-widget_type=\"text-editor.default\">\n\t\t\t\t<div class=\"elementor-widget-container\">\n\t\t\t<style>\/*! elementor - v3.22.0 - 26-06-2024 *\/\n.elementor-widget-text-editor.elementor-drop-cap-view-stacked .elementor-drop-cap{background-color:#69727d;color:#fff}.elementor-widget-text-editor.elementor-drop-cap-view-framed .elementor-drop-cap{color:#69727d;border:3px solid;background-color:transparent}.elementor-widget-text-editor:not(.elementor-drop-cap-view-default) .elementor-drop-cap{margin-top:8px}.elementor-widget-text-editor:not(.elementor-drop-cap-view-default) .elementor-drop-cap-letter{width:1em;height:1em}.elementor-widget-text-editor .elementor-drop-cap{float:left;text-align:center;line-height:1;font-size:50px}.elementor-widget-text-editor .elementor-drop-cap-letter{display:inline-block}<\/style>\t\t\t\t<div class=\"my-6 text-center\"><p class=\"font-size-xl\">Perfect! Je bent op de juiste plek.<\/p><\/div>\t\t\t\t\t\t<\/div>\n\t\t\t\t<\/div>\n\t\t\t\t\t<\/div>\n\t\t<\/div>\n\t\t\t\t\t<\/div>\n\t\t<\/section>\n\t\t\t\t<section class=\"elementor-section elementor-top-section elementor-element elementor-element-7c3b8e3 elementor-section-boxed elementor-section-height-default elementor-section-height-default\" data-id=\"7c3b8e3\" data-element_type=\"section\">\n\t\t\t\t\t\t<div class=\"elementor-container elementor-column-gap-default\">\n\t\t\t\t\t<div class=\"elementor-column elementor-col-100 elementor-top-column elementor-element elementor-element-2b64f7e\" data-id=\"2b64f7e\" data-element_type=\"column\">\n\t\t\t<div class=\"elementor-widget-wrap elementor-element-populated\">\n\t\t\t\t\t\t<div class=\"elementor-element elementor-element-de03d13 elementor-widget elementor-widget-text-editor\" data-id=\"de03d13\" data-element_type=\"widget\" data-widget_type=\"text-editor.default\">\n\t\t\t\t<div class=\"elementor-widget-container\">\n\t\t\t\t\t\t\t<h5 style=\"font-weight: var(--heading--font-weight);\"><b>ALGEMENE GEBRUIKS- EN VERKOOPVOORWAARDEN<\/b><\/h5><h6 style=\"font-weight: var(--heading--font-weight);\"><b>01) Toepassingsgebied<\/b><strong>\u00a0<\/strong><\/h6><p style=\"font-weight: 400;\"><span style=\"font-weight: 400;\">(1) Deze voorwaarden regelen het gebruik van de Flatify-app. Ze zijn van toepassing ongeacht of het gebruik gratis is of tegen betaling plaatsvindt.<\/span><\/p><p style=\"font-weight: 400;\"><span style=\"font-weight: 400;\">(2) In de relatie tussen AppMates UG (met beperkte aansprakelijkheid) (hierna \"Aanbieder\") en de gebruiker (hierna \"Gebruiker\") gelden uitsluitend de volgende voorwaarden in hun geldige versie op het moment van gebruik of aankoop.<\/span><\/p><h6 style=\"font-weight: var(--heading--font-weight);\"><b>02) Definities<\/b><\/h6><p style=\"font-weight: 400;\"><span style=\"font-weight: 400;\">(1) Onder \"Flatify-app\" wordt het programma verstaan dat wordt verspreid onder de naam \"Flatify\". Dit programma kan worden ge\u00efnstalleerd en gebruikt op mobiele telefoons, tablets en andere mobiele apparaten.<\/span><\/p><p style=\"font-weight: 400;\"><span style=\"font-weight: 400;\">(2) De termen \"Consument\" en \"Ondernemer\" worden hier begrepen in overeenstemming met de wettelijke definities in de \u00a7\u00a7 13 en 14 BGB (Duits Burgerlijk Wetboek). De Gebruiker is dus een \"Consument\" als het gebruik of de aankoop van de Flatify-app niet hoofdzakelijk aan zijn commerci\u00eble of zelfstandige beroepsactiviteit kan worden toegerekend. Daarentegen wordt onder \"Ondernemer\" elke natuurlijke of rechtspersoon of rechtsbekwame personenvennootschap verstaan die handelt bij het gebruik van de Flatify-app of bij het sluiten van de overeenkomst in het kader van zijn commerci\u00eble of zelfstandige beroepsactiviteit.<\/span><\/p><p style=\"font-weight: 400;\"><span style=\"font-weight: 400;\">(3) Onder \"Marktplaats\" worden de winkels (Stores) van marktplaatsbeheerders zoals Google (\"Google Play\") en Apple (\"App Store\") verstaan, waar Gebruikers de Flatify-app kunnen selecteren en downloaden om te installeren.<\/span><\/p><h6 style=\"font-weight: var(--heading--font-weight);\"><b>03) Gebruiksmogelijkheden<\/b><\/h6><p style=\"font-weight: 400;\"><span style=\"font-weight: 400;\">De Flatify-app kan gratis of tegen betaling worden gebruikt. Bij de installatie, bijvoorbeeld via de marktplaatsen van Google of Apple, is de app altijd gratis. Betalend gebruik vereist altijd de aparte en uitdrukkelijke toestemming van de Gebruiker binnen de app (\"In-app-aankoop\", zie sectie 4).<\/span><\/p><h6 style=\"font-weight: var(--heading--font-weight);\"><b>04) Gebruik van de Flatify-app; In-app-aankopen<\/b><\/h6><p style=\"font-weight: 400;\"><span style=\"font-weight: 400;\">(1) De Gebruiker heeft de mogelijkheid om de Flatify-app op de desbetreffende marktplaats te selecteren en te installeren. Door de app te installeren, verklaart de Gebruiker akkoord te gaan met deze Algemene Gebruiks- en Verkoopvoorwaarden.<\/span><\/p><p style=\"font-weight: 400;\"><span style=\"font-weight: 400;\">(2) Het gebruik van de Flatify-app vereist de aanmaak van een gebruikersaccount, waarvoor de Gebruiker zijn e-mailadres en een wachtwoord moet invoeren.<\/span><\/p><p style=\"font-weight: 400;\"><span style=\"font-weight: 400;\">(3) Als de Gebruiker de functionaliteit van de betaalde versie van de Flatify-app wil gebruiken, kan hij de app upgraden via een zogenaamde \"In-app-aankoop\". De manier waarop deze upgrade kan worden uitgevoerd, verschilt van marktplaats tot marktplaats; de specifieke procedure kan worden nagelezen in de voorwaarden van de desbetreffende marktplaatsbeheerder. De koopovereenkomst wordt gesloten onder de voorwaarden van de desbetreffende marktplaats. Deze voorwaarden bepalen ook of de koopovereenkomst tussen de Gebruiker en de marktplaats of tussen de Gebruiker en AppMates UG (met beperkte aansprakelijkheid) tot stand komt.<\/span><\/p><p style=\"font-weight: 400;\"><span style=\"font-weight: 400;\">(4) De afrekening van de In-app-aankopen gebeurt via de desbetreffende marktplaats. De door de desbetreffende marktplaatsbeheerder vastgestelde betalingsvoorwaarden zijn van toepassing.<\/span><\/p><h6 style=\"font-weight: var(--heading--font-weight);\"><b>05) Garantie voor gebreken, garantie<\/b><\/h6><p style=\"font-weight: 400;\"><span style=\"font-weight: 400;\">Voor zover de koopovereenkomst tussen de Aanbieder en de Gebruiker tot stand komt, is de Aanbieder aansprakelijk voor gebreken aan de app volgens de hiervoor geldende wettelijke voorschriften, met name volgens de algemene bepalingen van de \u00a7\u00a7 434 en volgende BGB. Voor ondernemers bedraagt de garantieperiode voor de door de Aanbieder geleverde app twaalf maanden.<\/span><\/p><p style=\"font-weight: 400;\"><span style=\"font-weight: 400;\">Voor gebruikelijke serverdowntime in de branche bieden wij geen garantie, maar we werken zo snel mogelijk aan een nieuwe versie.<\/span><\/p><h6 style=\"font-weight: var(--heading--font-weight);\"><b>06) Aansprakelijkheid<\/b><\/h6><p style=\"font-weight: 400;\"><span style=\"font-weight: 400;\">(1) Vorderingen van de Gebruiker op schadevergoeding zijn uitgesloten. Hiervan uitgezonderd zijn schadevergoedingsvorderingen van de Gebruiker wegens schending van het leven, het lichaam, de gezondheid of schending van wezenlijke contractuele verplichtingen (kardinale verplichtingen), evenals aansprakelijkheid voor andere schade die voortvloeit uit opzettelijke of grove nalatigheid van de Aanbieder, zijn wettelijke vertegenwoordigers of gemachtigden. Wezenlijke contractuele verplichtingen zijn verplichtingen waarvan de nakoming noodzakelijk is voor het bereiken van het doel van het contract.<\/span><\/p><p style=\"font-weight: 400;\"><span style=\"font-weight: 400;\">(2) In geval van schending van wezenlijke contractuele verplichtingen is de Aanbieder alleen aansprakelijk voor de voorzienbare en typische schade indien deze is veroorzaakt door eenvoudige nalatigheid, tenzij het aansprakelijkheidsvorderingen van de Gebruiker betreft wegens letsel aan leven, lichaam of gezondheid.<\/span><\/p><p style=\"font-weight: 400;\"><span style=\"font-weight: 400;\">(3) De beperkingen van de paragrafen 1 en 2 gelden ook ten gunste van de wettelijke vertegenwoordigers en gemachtigden van de Aanbieder indien er directe vorderingen tegen hen worden ingediend.<\/span><\/p><h6 style=\"font-weight: var(--heading--font-weight);\"><b>07) Herroepingsinstructie<\/b><\/h6><p><span style=\"font-weight: 400;\">(7.1) Indien de overeenkomst met de Aanbieder (en niet met de marktplaatsbeheerder) wordt gesloten, heeft de Gebruiker jegens de Aanbieder zelf een wettelijk herroepingsrecht, zoals hieronder uiteengezet in paragraaf (2). De uitzonderingen op het herroepingsrecht worden geregeld in paragraaf (3). Een model-herroepingsformulier is te vinden in paragraaf (4).<\/span><\/p><h6 style=\"font-weight: var(--heading--font-weight);\"><b>(7.2) Herroepingsinstructie<\/b><\/h6><p style=\"font-weight: 400;\">Herroepingsrecht<\/p><p style=\"font-weight: 400;\"><span style=\"font-weight: 400;\">U heeft het recht om binnen veertien dagen zonder opgave van redenen de overeenkomst te herroepen. De herroepingstermijn verstrijkt veertien dagen na de dag van de sluiting van de overeenkomst. Om het herroepingsrecht uit te oefenen, moet u ons (AppMates UG (met beperkte aansprakelijkheid), Schallmauerweg 52, 50354 H\u00fcrth, <\/span><span style=\"font-weight: 400;\"><a href=\"mailto:support@flatify.de\">support@flatify.<\/a>com<\/span><span style=\"font-weight: 400;\">middels een duidelijke verklaring (bijvoorbeeld een per post verzonden brief, fax of e-mail) informeren over uw beslissing om de overeenkomst te herroepen. U kunt hiervoor het bijgevoegde model-herroepingsformulier gebruiken, maar dit is niet verplicht. Om de herroepingstermijn na te komen, volstaat het om uw mededeling betreffende uw uitoefening van het herroepingsrecht te verzenden voordat de herroepingstermijn is verstreken.<\/span><\/p><p style=\"font-weight: 400;\"><span style=\"font-weight: 400;\">Gevolgen van de herroeping<\/span><\/p><p style=\"font-weight: 400;\"><span style=\"font-weight: 400;\">Als u de overeenkomst herroept, zullen wij u alle betalingen die wij van u hebben ontvangen, inclusief de kosten van levering (met uitzondering van de extra kosten die voortvloeien uit uw keuze voor een andere wijze van levering dan de door ons aangeboden goedkoopste standaardlevering), onverwijld en in ieder geval niet later dan veertien dagen na de dag waarop wij op de hoogte zijn gesteld van uw beslissing om de overeenkomst te herroepen, aan u terugbetalen. Wij zullen de terugbetaling verrichten met hetzelfde betaalmiddel als u voor de oorspronkelijke transactie hebt gebruikt, tenzij u uitdrukkelijk anderszins hebt ingestemd; in ieder geval zult u geen kosten in rekening worden gebracht voor een dergelijke terugbetaling.<\/span><\/p><p style=\"font-weight: 400;\"><span style=\"font-weight: 400;\">(7.3) Het recht om een aankoop via de Flatify-app te herroepen vervalt indien de Aanbieder is begonnen met de uitvoering van de overeenkomst, dat wil zeggen met de verstrekking van de betaalde functies van de Flatify-app, nadat de Gebruiker uitdrukkelijk heeft ingestemd met het begin van de uitvoering van de overeenkomst v\u00f3\u00f3r het verstrijken van de herroepingstermijn en heeft bevestigd dat hij zich ervan bewust is dat hij door zijn instemming zijn herroepingsrecht verliest.<\/span><\/p><p style=\"font-weight: 400;\"><span style=\"font-weight: 400;\">(7.4) Model-herroepingsformulier<\/span><\/p><p style=\"font-weight: 400;\"><strong>Om het herroepingsrecht uit te oefenen, kunt u de overeenkomstige optie in de App Store en de Play Store<br \/>gebruiken of het volgende model-herroepingsformulier gebruiken:<\/strong><\/p><p style=\"font-weight: 400;\"><span style=\"font-weight: 400;\">(Als u de overeenkomst wilt herroepen, verzoeken wij u dit formulier in te vullen en te retourneren.)<\/span><\/p><ul><li style=\"font-weight: 400;\"><span style=\"font-weight: 400;\">A: <\/span><a href=\"mailto:support@flatify.de\"><span style=\"font-weight: 400;\">support@flatify.de<\/span><\/a><\/li><li style=\"font-weight: 400;\"><span style=\"font-weight: 400;\">OF<\/span><\/li><li style=\"font-weight: 400;\"><span style=\"font-weight: 400;\">A: AppMates UG (met beperkte aansprakelijkheid), Schallmauerweg 52, 50354<\/span><\/li><li style=\"font-weight: 400;\"><span style=\"font-weight: 400;\">H\u00fcrth, Hierbij deel ik () mede dat ik () onze () overeenkomst betreffende de aankoop van de volgende goederen ()\/levering van de volgende dienst ()<\/span><\/li><li style=\"font-weight: 400;\"><span style=\"font-weight: 400;\">Besteld op ()\/ontvangen op (*)<\/span><\/li><li style=\"font-weight: 400;\"><span style=\"font-weight: 400;\">Naam van de consument of consumenten<\/span><\/li><li style=\"font-weight: 400;\"><span style=\"font-weight: 400;\">Adres van de consument of consumenten<\/span><\/li><li style=\"font-weight: 400;\"><span style=\"font-weight: 400;\">E-mailadres geregistreerd bij Flatify van de consument of consumenten<\/span><\/li><li style=\"font-weight: 400;\"><span style=\"font-weight: 400;\">Handtekening van de consument of consumenten (alleen indien dit formulier op papier wordt gemeld)<\/span><\/li><li style=\"font-weight: 400;\"><span style=\"font-weight: 400;\">Datum<\/span><\/li><li style=\"font-weight: 400;\"><span style=\"font-weight: 400;\">Verwijderen indien niet van toepassing<\/span><\/li><\/ul><p style=\"font-weight: 400;\"><strong>\u00a0<\/strong><\/p><h6 style=\"font-weight: var(--heading--font-weight);\"><b>08) Slotbepalingen<\/b><\/h6><p style=\"font-weight: 400;\"><span style=\"font-weight: 400;\">(1) Overeenkomsten tussen de Aanbieder en de Gebruiker worden beheerst door het recht van de Bondsrepubliek Duitsland, met uitsluiting van het VN-Verdrag inzake internationale koopovereenkomsten betreffende roerende zaken (CISG). Wettelijke voorschriften inzake beperking van de keuze van toepasselijk recht en inzake de toepasselijkheid van dwingende bepalingen, in het bijzonder van de wetten van de staat waar de Gebruiker zijn gewone verblijfplaats heeft als consument, blijven onverlet.<\/span><\/p><p style=\"font-weight: 400;\"><span style=\"font-weight: 400;\">(2) Indien de Gebruiker een handelaar, een rechtspersoon van publiek recht of een publiekrechtelijk bijzonder vermogen is, is de exclusieve bevoegde rechtbank voor alle geschillen die voortvloeien uit de contractuele betrekkingen tussen de Gebruiker en de Aanbieder de zetel van de Aanbieder.<\/span><\/p><p style=\"font-weight: 400;\"><span style=\"font-weight: 400;\">(3) Als individuele bepalingen van deze overeenkomst ongeldig zijn of worden, blijven de overige bepalingen van kracht. In plaats van de ongeldige bepalingen zijn, voor zover beschikbaar, de wettelijke bepalingen van toepassing. Niettemin wordt de overeenkomst als geheel ongeldig beschouwd als dit een onredelijke last voor een van de partijen bij de overeenkomst zou betekenen.\n\nIk hoop dat deze vertalingen nuttig voor je zijn! Als je verdere vertaalhulp nodig hebt of andere vragen hebt, sta ik tot je dienst.<\/span><\/p>\t\t\t\t\t\t<\/div>\n\t\t\t\t<\/div>\n\t\t\t\t\t<\/div>\n\t\t<\/div>\n\t\t\t\t\t<\/div>\n\t\t<\/section>\n\t\t\t\t<section class=\"elementor-section elementor-top-section elementor-element elementor-element-5f65413 elementor-section-boxed elementor-section-height-default elementor-section-height-default\" data-id=\"5f65413\" data-element_type=\"section\">\n\t\t\t\t\t\t<div class=\"elementor-container elementor-column-gap-default\">\n\t\t\t\t\t<div class=\"elementor-column elementor-col-100 elementor-top-column elementor-element elementor-element-2eddab9\" data-id=\"2eddab9\" data-element_type=\"column\">\n\t\t\t<div class=\"elementor-widget-wrap elementor-element-populated\">\n\t\t\t\t\t\t<div class=\"elementor-element elementor-element-8e51145 elementor-widget elementor-widget-image\" data-id=\"8e51145\" data-element_type=\"widget\" data-widget_type=\"image.default\">\n\t\t\t\t<div class=\"elementor-widget-container\">\n\t\t\t<style>\/*! elementor - v3.22.0 - 26-06-2024 *\/\n.elementor-widget-image{text-align:center}.elementor-widget-image a{display:inline-block}.elementor-widget-image a img[src$=\".svg\"]{width:48px}.elementor-widget-image img{vertical-align:middle;display:inline-block}<\/style>\t\t\t\t\t\t\t\t\t\t<img fetchpriority=\"high\" decoding=\"async\" width=\"723\" height=\"353\" src=\"https:\/\/flatify-app.com\/wp-content\/uploads\/2023\/09\/Appstore_survey.jpg\" class=\"attachment-large size-large wp-image-687\" alt=\"\" srcset=\"https:\/\/flatify-app.com\/wp-content\/uploads\/2023\/09\/Appstore_survey.jpg 723w, https:\/\/flatify-app.com\/wp-content\/uploads\/2023\/09\/Appstore_survey-300x146.jpg 300w, https:\/\/flatify-app.com\/wp-content\/uploads\/2023\/09\/Appstore_survey-18x9.jpg 18w\" sizes=\"(max-width: 723px) 100vw, 723px\" \/>\t\t\t\t\t\t\t\t\t\t\t\t\t<\/div>\n\t\t\t\t<\/div>\n\t\t\t\t<div class=\"elementor-element elementor-element-2f59ec9 elementor-widget elementor-widget-image\" data-id=\"2f59ec9\" data-element_type=\"widget\" data-widget_type=\"image.default\">\n\t\t\t\t<div class=\"elementor-widget-container\">\n\t\t\t\t\t\t\t\t\t\t\t\t\t<img decoding=\"async\" width=\"310\" height=\"310\" src=\"https:\/\/flatify-app.com\/wp-content\/uploads\/2023\/09\/ms-icon-310x310-1.png\" class=\"attachment-large size-large wp-image-688\" alt=\"\" srcset=\"https:\/\/flatify-app.com\/wp-content\/uploads\/2023\/09\/ms-icon-310x310-1.png 310w, https:\/\/flatify-app.com\/wp-content\/uploads\/2023\/09\/ms-icon-310x310-1-300x300.png 300w, https:\/\/flatify-app.com\/wp-content\/uploads\/2023\/09\/ms-icon-310x310-1-150x150.png 150w, https:\/\/flatify-app.com\/wp-content\/uploads\/2023\/09\/ms-icon-310x310-1-12x12.png 12w\" sizes=\"(max-width: 310px) 100vw, 310px\" \/>\t\t\t\t\t\t\t\t\t\t\t\t\t<\/div>\n\t\t\t\t<\/div>\n\t\t\t\t\t<\/div>\n\t\t<\/div>\n\t\t\t\t\t<\/div>\n\t\t<\/section>\n\t\t\t\t<\/div>","protected":false},"excerpt":{"rendered":"<p>AGB Perfect! You\u2019re in the right place. ALLGEMEINE NUTZUNGS- UND GESCH\u00c4FTSBEDINGUNGEN 01) Geltungsbereich\u00a0 (1) Diese Bedingungen regeln die Nutzung der Flatify-App. Sie gelten unabh\u00e4ngig davon, ob die Benutzung kostenlos oder gegen Entgelt erfolgt. (2) Im Verh\u00e4ltnis zwischen der AppMates UG (haftungsbeschr\u00e4nkt) (nachfolgend \u201eAnbieter\u201c) und dem Nutzer (nachfolgend \u201eNutzer\u201c) gelten ausschlie\u00dflich die nachfolgenden Bedingungen in ihrer [&hellip;]<\/p>","protected":false},"author":1,"featured_media":0,"parent":0,"menu_order":0,"comment_status":"closed","ping_status":"closed","template":"elementor_header_footer","meta":{"footnotes":"","iawp_total_views":330},"_links":{"self":[{"href":"https:\/\/flatify-app.com\/nl\/wp-json\/wp\/v2\/pages\/672"}],"collection":[{"href":"https:\/\/flatify-app.com\/nl\/wp-json\/wp\/v2\/pages"}],"about":[{"href":"https:\/\/flatify-app.com\/nl\/wp-json\/wp\/v2\/types\/page"}],"author":[{"embeddable":true,"href":"https:\/\/flatify-app.com\/nl\/wp-json\/wp\/v2\/users\/1"}],"replies":[{"embeddable":true,"href":"https:\/\/flatify-app.com\/nl\/wp-json\/wp\/v2\/comments?post=672"}],"version-history":[{"count":13,"href":"https:\/\/flatify-app.com\/nl\/wp-json\/wp\/v2\/pages\/672\/revisions"}],"predecessor-version":[{"id":694,"href":"https:\/\/flatify-app.com\/nl\/wp-json\/wp\/v2\/pages\/672\/revisions\/694"}],"wp:attachment":[{"href":"https:\/\/flatify-app.com\/nl\/wp-json\/wp\/v2\/media?parent=672"}],"curies":[{"name":"wp","href":"https:\/\/api.w.org\/{rel}","templated":true}]}}