{"id":699,"date":"2023-09-24T05:09:32","date_gmt":"2023-09-24T05:09:32","guid":{"rendered":"https:\/\/wordpress-969684-3873137.cloudwaysapps.com\/?page_id=699"},"modified":"2023-09-24T05:10:27","modified_gmt":"2023-09-24T05:10:27","slug":"impressum","status":"publish","type":"page","link":"https:\/\/flatify-app.com\/nl\/impressum\/","title":{"rendered":"Impressum"},"content":{"rendered":"<div data-elementor-type=\"wp-page\" data-elementor-id=\"699\" class=\"elementor elementor-699\" data-elementor-post-type=\"page\">\n\t\t\t\t\t\t<section class=\"elementor-section elementor-top-section elementor-element elementor-element-d776008 elementor-section-boxed elementor-section-height-default elementor-section-height-default\" data-id=\"d776008\" data-element_type=\"section\" data-settings=\"{&quot;background_background&quot;:&quot;classic&quot;}\">\n\t\t\t\t\t\t\t<div class=\"elementor-background-overlay\"><\/div>\n\t\t\t\t\t\t\t<div class=\"elementor-container elementor-column-gap-default\">\n\t\t\t\t\t<div class=\"elementor-column elementor-col-100 elementor-top-column elementor-element elementor-element-792e864\" data-id=\"792e864\" data-element_type=\"column\">\n\t\t\t<div class=\"elementor-widget-wrap elementor-element-populated\">\n\t\t\t\t\t\t<div class=\"elementor-element elementor-element-d7c36cf elementor-widget elementor-widget-heading\" data-id=\"d7c36cf\" data-element_type=\"widget\" data-widget_type=\"heading.default\">\n\t\t\t\t<div class=\"elementor-widget-container\">\n\t\t\t<style>\/*! elementor - v3.22.0 - 26-06-2024 *\/\n.elementor-heading-title{padding:0;margin:0;line-height:1}.elementor-widget-heading .elementor-heading-title[class*=elementor-size-]>a{color:inherit;font-size:inherit;line-height:inherit}.elementor-widget-heading .elementor-heading-title.elementor-size-small{font-size:15px}.elementor-widget-heading .elementor-heading-title.elementor-size-medium{font-size:19px}.elementor-widget-heading .elementor-heading-title.elementor-size-large{font-size:29px}.elementor-widget-heading .elementor-heading-title.elementor-size-xl{font-size:39px}.elementor-widget-heading .elementor-heading-title.elementor-size-xxl{font-size:59px}<\/style><h2 class=\"elementor-heading-title elementor-size-default\">Impressum<\/h2>\t\t<\/div>\n\t\t\t\t<\/div>\n\t\t\t\t<div class=\"elementor-element elementor-element-f70bd0b elementor-widget elementor-widget-text-editor\" data-id=\"f70bd0b\" data-element_type=\"widget\" data-widget_type=\"text-editor.default\">\n\t\t\t\t<div class=\"elementor-widget-container\">\n\t\t\t<style>\/*! elementor - v3.22.0 - 26-06-2024 *\/\n.elementor-widget-text-editor.elementor-drop-cap-view-stacked .elementor-drop-cap{background-color:#69727d;color:#fff}.elementor-widget-text-editor.elementor-drop-cap-view-framed .elementor-drop-cap{color:#69727d;border:3px solid;background-color:transparent}.elementor-widget-text-editor:not(.elementor-drop-cap-view-default) .elementor-drop-cap{margin-top:8px}.elementor-widget-text-editor:not(.elementor-drop-cap-view-default) .elementor-drop-cap-letter{width:1em;height:1em}.elementor-widget-text-editor .elementor-drop-cap{float:left;text-align:center;line-height:1;font-size:50px}.elementor-widget-text-editor .elementor-drop-cap-letter{display:inline-block}<\/style>\t\t\t\t<div class=\"my-6 text-center\"><p class=\"font-size-xl\">Perfect! Je bent op de juiste plek.<\/p><\/div>\t\t\t\t\t\t<\/div>\n\t\t\t\t<\/div>\n\t\t\t\t\t<\/div>\n\t\t<\/div>\n\t\t\t\t\t<\/div>\n\t\t<\/section>\n\t\t\t\t<section class=\"elementor-section elementor-top-section elementor-element elementor-element-5381ad1 elementor-section-boxed elementor-section-height-default elementor-section-height-default\" data-id=\"5381ad1\" data-element_type=\"section\">\n\t\t\t\t\t\t<div class=\"elementor-container elementor-column-gap-default\">\n\t\t\t\t\t<div class=\"elementor-column elementor-col-100 elementor-top-column elementor-element elementor-element-7fe3940\" data-id=\"7fe3940\" data-element_type=\"column\">\n\t\t\t<div class=\"elementor-widget-wrap elementor-element-populated\">\n\t\t\t\t\t\t<div class=\"elementor-element elementor-element-6327849 elementor-widget elementor-widget-text-editor\" data-id=\"6327849\" data-element_type=\"widget\" data-widget_type=\"text-editor.default\">\n\t\t\t\t<div class=\"elementor-widget-container\">\n\t\t\t\t\t\t\t<p><strong>Impressum<\/strong><\/p><p>Informatie volgens \u00a7 5 TMG (Duitse Telemediawet)<\/p><p>AppMates UG (met beperkte aansprakelijkheid)<br \/>Schallmauerweg 52<br \/>50354 H\u00fcrth<\/p><p><strong>Vertegenwoordigd door:<\/strong><br \/>Robert Freudenthal<br \/>Emil Tomaszewski<\/p><p><strong>Registratie:<\/strong><br \/>Ingeschreven in het handelsregister.<br \/>Registratiegerecht: Mannheim<br \/>Registratienummer: HRB 737900<\/p><p><strong>Verantwoordelijk voor de inhoud volgens \u00a7 55, lid 2, RStV (Duitse Interstate Broadcasting Treaty):<\/strong><br \/>Appmates UG (met beperkte aansprakelijkheid)<br \/>Schallmauerweg 52<br \/>50354 H\u00fcrth<\/p><p><strong>Disclaimer:<\/strong><\/p><p><strong>Aansprakelijkheid voor inhoud<\/strong><\/p><p>De inhoud van onze pagina's is met de grootste zorg samengesteld. Wij kunnen echter niet instaan voor de juistheid, volledigheid en actualiteit van de inhoud. Als dienstverlener zijn wij volgens \u00a7 7, lid 1, TMG verantwoordelijk voor onze eigen inhoud op deze pagina's en de algemene wetten. Volgens \u00a7\u00a7 8 tot 10 TMG zijn wij als dienstverlener echter niet verplicht om overgedragen of opgeslagen informatie van derden te controleren of omstandigheden te onderzoeken die wijzen op onwettige activiteiten. Verplichtingen tot verwijdering of blokkering van het gebruik van informatie volgens de algemene wetten blijven hierdoor onaangetast. Aansprakelijkheid in dit verband is echter pas mogelijk vanaf het moment van kennisname van een specifieke inbreuk. Bij bekendmaking van dergelijke schendingen zullen wij deze inhoud onmiddellijk verwijderen.<\/p><p><strong>Aansprakelijkheid voor links<\/strong><\/p><p>Ons aanbod bevat links naar externe websites van derden, waarover wij geen invloed hebben. Daarom kunnen wij geen verantwoordelijkheid aanvaarden voor deze externe inhoud. De respectieve aanbieder of exploitant van de pagina's is altijd verantwoordelijk voor de inhoud van de gelinkte pagina's. De gelinkte pagina's zijn gecontroleerd op mogelijke wettelijke overtredingen op het moment van koppelen. Illegale inhoud was op het moment van koppelen niet herkenbaar. Een permanente controle van de inhoud van de gelinkte pagina's is echter niet redelijk zonder concreet bewijs van een overtreding van de wet. Bij bekendmaking van wettelijke overtredingen zullen wij dergelijke links onmiddellijk verwijderen.<\/p><p><strong>Auteursrecht<\/strong><\/p><p>De inhoud en werken op deze pagina's, gemaakt door de exploitanten van de site, vallen onder het Duitse auteursrecht. Vermenigvuldiging, bewerking, verspreiding en elk ander gebruik buiten de grenzen van het auteursrecht vereisen de schriftelijke toestemming van de respectieve auteur of maker. Downloads en kopie\u00ebn van deze pagina's zijn alleen toegestaan voor priv\u00e9gebruik, niet voor commercieel gebruik. Voor zover de inhoud van deze site niet door de exploitant is gemaakt, worden de auteursrechten van derden gerespecteerd. Met name worden de inhoud van derden als zodanig gemarkeerd. Als u desondanks op de hoogte wordt gebracht van een schending van het auteursrecht, verzoeken wij u om hiervan op de hoogte te stellen. Bij bekendmaking van wettelijke overtredingen zullen wij dergelijke inhoud onmiddellijk verwijderen.<\/p>\t\t\t\t\t\t<\/div>\n\t\t\t\t<\/div>\n\t\t\t\t\t<\/div>\n\t\t<\/div>\n\t\t\t\t\t<\/div>\n\t\t<\/section>\n\t\t\t\t<\/div>","protected":false},"excerpt":{"rendered":"<p>Impressum Perfect! You\u2019re in the right place. Impressum Angaben gem\u00e4\u00df \u00a7 5 TMG AppMates UG (haftungsbeschr\u00e4nkt)Schallmauerweg 5250354 H\u00fcrth Vertreten durch:Robert FreudenthalEmil Tomaszewski Registereintrag:Eintragung im Handelsregister.Registergericht: MannheimRegisternummer: HRB 737900 Verantwortlich f\u00fcr den Inhalt nach \u00a7 55 Abs. 2 RStV:Appmates UG (haftungsbeschr\u00e4nkt)Schallmauerweg 5250354 H\u00fcrth Haftungsausschluss: Haftung f\u00fcr Inhalte Die Inhalte auf unserer Seiten wurden mit gr\u00f6\u00dfter Sorgfalt [&hellip;]<\/p>","protected":false},"author":1,"featured_media":0,"parent":0,"menu_order":0,"comment_status":"closed","ping_status":"closed","template":"elementor_header_footer","meta":{"footnotes":"","iawp_total_views":199},"_links":{"self":[{"href":"https:\/\/flatify-app.com\/nl\/wp-json\/wp\/v2\/pages\/699"}],"collection":[{"href":"https:\/\/flatify-app.com\/nl\/wp-json\/wp\/v2\/pages"}],"about":[{"href":"https:\/\/flatify-app.com\/nl\/wp-json\/wp\/v2\/types\/page"}],"author":[{"embeddable":true,"href":"https:\/\/flatify-app.com\/nl\/wp-json\/wp\/v2\/users\/1"}],"replies":[{"embeddable":true,"href":"https:\/\/flatify-app.com\/nl\/wp-json\/wp\/v2\/comments?post=699"}],"version-history":[{"count":4,"href":"https:\/\/flatify-app.com\/nl\/wp-json\/wp\/v2\/pages\/699\/revisions"}],"predecessor-version":[{"id":704,"href":"https:\/\/flatify-app.com\/nl\/wp-json\/wp\/v2\/pages\/699\/revisions\/704"}],"wp:attachment":[{"href":"https:\/\/flatify-app.com\/nl\/wp-json\/wp\/v2\/media?parent=699"}],"curies":[{"name":"wp","href":"https:\/\/api.w.org\/{rel}","templated":true}]}}