{"id":705,"date":"2023-09-24T05:11:14","date_gmt":"2023-09-24T05:11:14","guid":{"rendered":"https:\/\/wordpress-969684-3873137.cloudwaysapps.com\/?page_id=705"},"modified":"2023-09-24T05:17:28","modified_gmt":"2023-09-24T05:17:28","slug":"gewinnspiel-teilnahmebedingungen","status":"publish","type":"page","link":"https:\/\/flatify-app.com\/nl\/gewinnspiel-teilnahmebedingungen\/","title":{"rendered":"Wedstrijd - Algemene voorwaarden"},"content":{"rendered":"<div data-elementor-type=\"wp-page\" data-elementor-id=\"705\" class=\"elementor elementor-705\" data-elementor-post-type=\"page\">\n\t\t\t\t\t\t<section class=\"elementor-section elementor-top-section elementor-element elementor-element-dbf26e5 elementor-section-boxed elementor-section-height-default elementor-section-height-default\" data-id=\"dbf26e5\" data-element_type=\"section\" data-settings=\"{&quot;background_background&quot;:&quot;classic&quot;}\">\n\t\t\t\t\t\t\t<div class=\"elementor-background-overlay\"><\/div>\n\t\t\t\t\t\t\t<div class=\"elementor-container elementor-column-gap-default\">\n\t\t\t\t\t<div class=\"elementor-column elementor-col-100 elementor-top-column elementor-element elementor-element-dabda10\" data-id=\"dabda10\" data-element_type=\"column\">\n\t\t\t<div class=\"elementor-widget-wrap elementor-element-populated\">\n\t\t\t\t\t\t<div class=\"elementor-element elementor-element-41a3f68 elementor-widget elementor-widget-heading\" data-id=\"41a3f68\" data-element_type=\"widget\" data-widget_type=\"heading.default\">\n\t\t\t\t<div class=\"elementor-widget-container\">\n\t\t\t<style>\/*! elementor - v3.22.0 - 26-06-2024 *\/\n.elementor-heading-title{padding:0;margin:0;line-height:1}.elementor-widget-heading .elementor-heading-title[class*=elementor-size-]>a{color:inherit;font-size:inherit;line-height:inherit}.elementor-widget-heading .elementor-heading-title.elementor-size-small{font-size:15px}.elementor-widget-heading .elementor-heading-title.elementor-size-medium{font-size:19px}.elementor-widget-heading .elementor-heading-title.elementor-size-large{font-size:29px}.elementor-widget-heading .elementor-heading-title.elementor-size-xl{font-size:39px}.elementor-widget-heading .elementor-heading-title.elementor-size-xxl{font-size:59px}<\/style><h2 class=\"elementor-heading-title elementor-size-default\">Algemene voorwaarden<\/h2>\t\t<\/div>\n\t\t\t\t<\/div>\n\t\t\t\t<div class=\"elementor-element elementor-element-ca59dea elementor-widget elementor-widget-text-editor\" data-id=\"ca59dea\" data-element_type=\"widget\" data-widget_type=\"text-editor.default\">\n\t\t\t\t<div class=\"elementor-widget-container\">\n\t\t\t<style>\/*! elementor - v3.22.0 - 26-06-2024 *\/\n.elementor-widget-text-editor.elementor-drop-cap-view-stacked .elementor-drop-cap{background-color:#69727d;color:#fff}.elementor-widget-text-editor.elementor-drop-cap-view-framed .elementor-drop-cap{color:#69727d;border:3px solid;background-color:transparent}.elementor-widget-text-editor:not(.elementor-drop-cap-view-default) .elementor-drop-cap{margin-top:8px}.elementor-widget-text-editor:not(.elementor-drop-cap-view-default) .elementor-drop-cap-letter{width:1em;height:1em}.elementor-widget-text-editor .elementor-drop-cap{float:left;text-align:center;line-height:1;font-size:50px}.elementor-widget-text-editor .elementor-drop-cap-letter{display:inline-block}<\/style>\t\t\t\t<div class=\"my-6 text-center\"><p class=\"font-size-xl\">Perfect! Je bent op de juiste plek.<\/p><\/div>\t\t\t\t\t\t<\/div>\n\t\t\t\t<\/div>\n\t\t\t\t\t<\/div>\n\t\t<\/div>\n\t\t\t\t\t<\/div>\n\t\t<\/section>\n\t\t\t\t<section class=\"elementor-section elementor-top-section elementor-element elementor-element-7e1a623 elementor-section-boxed elementor-section-height-default elementor-section-height-default\" data-id=\"7e1a623\" data-element_type=\"section\">\n\t\t\t\t\t\t<div class=\"elementor-container elementor-column-gap-default\">\n\t\t\t\t\t<div class=\"elementor-column elementor-col-100 elementor-top-column elementor-element elementor-element-168f45c\" data-id=\"168f45c\" data-element_type=\"column\">\n\t\t\t<div class=\"elementor-widget-wrap elementor-element-populated\">\n\t\t\t\t\t\t<div class=\"elementor-element elementor-element-955e7df elementor-widget elementor-widget-text-editor\" data-id=\"955e7df\" data-element_type=\"widget\" data-widget_type=\"text-editor.default\">\n\t\t\t\t<div class=\"elementor-widget-container\">\n\t\t\t\t\t\t\t<h5>Teilnahmebedingungen zum Flatify-Gewinnspiel<\/h5>\t\t\t\t\t\t<\/div>\n\t\t\t\t<\/div>\n\t\t\t\t<div class=\"elementor-element elementor-element-a198d7f elementor-widget elementor-widget-image\" data-id=\"a198d7f\" data-element_type=\"widget\" data-widget_type=\"image.default\">\n\t\t\t\t<div class=\"elementor-widget-container\">\n\t\t\t<style>\/*! elementor - v3.22.0 - 26-06-2024 *\/\n.elementor-widget-image{text-align:center}.elementor-widget-image a{display:inline-block}.elementor-widget-image a img[src$=\".svg\"]{width:48px}.elementor-widget-image img{vertical-align:middle;display:inline-block}<\/style>\t\t\t\t\t\t\t\t\t\t\t<a href=\"https:\/\/www.instagram.com\/flatifyapp\/\" target=\"_blank\">\n\t\t\t\t\t\t\t<img fetchpriority=\"high\" decoding=\"async\" width=\"700\" height=\"200\" src=\"https:\/\/flatify-app.com\/wp-content\/uploads\/2023\/09\/3.jpg\" class=\"attachment-large size-large wp-image-708\" alt=\"\" srcset=\"https:\/\/flatify-app.com\/wp-content\/uploads\/2023\/09\/3.jpg 700w, https:\/\/flatify-app.com\/wp-content\/uploads\/2023\/09\/3-300x86.jpg 300w, https:\/\/flatify-app.com\/wp-content\/uploads\/2023\/09\/3-18x5.jpg 18w\" sizes=\"(max-width: 700px) 100vw, 700px\" \/>\t\t\t\t\t\t\t\t<\/a>\n\t\t\t\t\t\t\t\t\t\t\t\t\t<\/div>\n\t\t\t\t<\/div>\n\t\t\t\t<div class=\"elementor-element elementor-element-52c30d4 elementor-widget elementor-widget-text-editor\" data-id=\"52c30d4\" data-element_type=\"widget\" data-widget_type=\"text-editor.default\">\n\t\t\t\t<div class=\"elementor-widget-container\">\n\t\t\t\t\t\t\t<h5>Teilnahmebedingungen<\/h5><p>Die Teilnahme am Gewinnspiel von Flatify, nachfolgend Betreiber oder Veranstalter genannt, ist kostenlos und richtet sich ausschlie\u00dflich nach diesen Teilnahmebedingungen.<\/p><h5>Ablauf des Gewinnspiels<\/h5><p>Die Dauer des Gewinnspiels erstreckt sich vom 12.08.2021, 00:00 Uhr bis zum 18.09.2021, 23:59. Innerhalb dieses Zeitraums erhalten Nutzer online die M\u00f6glichkeit, am Gewinnspiel teilzunehmen.<\/p><h5>Teilnahme<\/h5><p>Um am Gewinnspiel teilzunehmen m\u00fcsst ihr der Instagram-Seite @flatifyapp folgen. Dadurch nehmt ihr automatisch an der Verlosung teil.<\/p><p>Die Teilnahme am Gewinnspiel ist kostenlos.<\/p><h5>Teilnahmeberechtigte<\/h5><p>Teilnahmeberechtigt sind nat\u00fcrliche Personen, die Ihren Wohnsitz in Deutschland, \u00d6sterreich, Schweiz und das 14. Lebensjahr vollendet haben. Die Teilnahme ist nicht auf Kunden des Veranstalters beschr\u00e4nkt und nicht vom Erwerb einer Ware oder Dienstleistung abh\u00e4ngig.<\/p><p>Sollte ein Teilnehmer in seiner Gesch\u00e4ftsf\u00e4higkeit eingeschr\u00e4nkt sein, bedarf es der Einwilligung seines gesetzlichen Vertreters.<\/p><p>Nicht teilnahmeberechtigt am Gewinnspiel sind alle an der Konzeption und Umsetzung des Gewinnspiels beteiligte Personen und Mitarbeiter des Betreibers sowie ihre Familienmitglieder. Zudem beh\u00e4lt sich der Betreiber vor, nach eigenem Ermessen Personen von der Teilnahme auszuschlie\u00dfen, wenn berechtigte Gr\u00fcnde vorliegen, beispielsweise<\/p><p>(a) bei Manipulationen im Zusammenhang mit Zugang zum oder Durchf\u00fchrung des Gewinnspiels, (b) bei Verst\u00f6\u00dfen gegen diese Teilnahmebedingungen, (c) bei unlauterem Handeln oder (d) bei falschen oder irref\u00fchrenden Angaben im Zusammenhang mit der Teilnahme an dem Gewinnspiel.<\/p><h5>Gewinn, Benachrichtigung und \u00dcbermittlung des Gewinns<\/h5><p>Folgende Preise werden vergeben:<br \/>1. \u2013 10. Platz: 1 Jahresabo f\u00fcr dich und deine gesamte WG\/Familie (Bis max. 8 Personen)<\/p><p>11. \u2013 20. Platz: Jeweils 1 Jahresabo<\/p><p>21. \u2013 30. Platz: Jeweils 1 Monatsabo<\/p><p>Die Ermittlung der Gewinner erfolgt nach Teilnahmeschluss im Rahmen einer auf dem Zufallsprinzip beruhenden Verlosung unter allen Teilnehmern. Ist das Gewinnspiel mit einer Aufgabe verkn\u00fcpft, kommen ausschlie\u00dflich diejenigen Teilnehmer in die Verlosung, welche die Aufgabe korrekt durchgef\u00fchrt haben.<\/p><p>Die Gewinner der Verlosung werden zeitnah \u00fcber eine gesonderte Email oder private Nachricht \u00fcber den Gewinn informiert.<\/p><p>Die Aush\u00e4ndigung des Gewinns erfolgt ausschlie\u00dflich an den Gewinner oder an den gesetzlichen Vertreter des minderj\u00e4hrigen Gewinners. Ein Umtausch, eine Selbstabholung sowie eine Barauszahlung des Gewinns sind nicht m\u00f6glich.<\/p><p>Eventuell f\u00fcr den Versand der Gewinne anfallende Kosten \u00fcbernimmt der Betreiber. Mit der Inanspruchnahme des Gewinns verbundene Zusatzkosten gehen zu Lasten des Gewinners. F\u00fcr eine etwaige Versteuerung des Gewinns ist der Gewinner selbst verantwortlich.<\/p><p>Meldet sich der Gewinner nach zweifacher Aufforderung innerhalb einer Frist von 3 Wochen nicht, kann der Gewinn auf einen anderen Teilnehmer \u00fcbertragen werden.<\/p><h5>Beendigung des Gewinnspiels<\/h5><p>Der Veranstalter beh\u00e4lt sich ausdr\u00fccklich vor, das Gewinnspiel ohne vorherige Ank\u00fcndigung und ohne Mitteilung von Gr\u00fcnden zu beenden. Dies gilt insbesondere f\u00fcr jegliche Gr\u00fcnde, die einen planm\u00e4\u00dfigen Ablauf des Gewinnspiels st\u00f6ren oder verhindern w\u00fcrden.<\/p><h5>Privacybeleid<\/h5><p>F\u00fcr die Teilnahme am Gewinnspiel ist die Angabe von pers\u00f6nlichen Daten notwendig. Der Teilnehmer versichert, dass die von ihm gemachten Angaben zur Person, insbesondere Vor-, Nachname und Emailadresse wahrheitsgem\u00e4\u00df und richtig sind.<\/p><p>Der Veranstalter weist darauf hin, dass s\u00e4mtliche personenbezogenen Daten des Teilnehmers ohne Einverst\u00e4ndnis weder an Dritte weitergegeben noch diesen zur Nutzung \u00fcberlassen werden.<\/p><p>Im Falle eines Gewinns, erkl\u00e4rt sich der Gewinner mit der Ver\u00f6ffentlichung seines Namens und Wohnorts in den vom Veranstalter genutzten Werbemedien einverstanden. Dies schlie\u00dft die Bekanntgabe des Gewinners auf der Webseite des Betreibers und seinen Social Media Plattformen mit ein.<\/p><p>Der Teilnehmer kann seine erkl\u00e4rte Einwilligung jederzeit widerrufen. Der Widerruf ist schriftlich an die im Impressumsbereich der Gewinnspiel App angegebenen Kontaktdaten des Veranstalters zu richten. Nach Widerruf der Einwilligung werden die erhobenen und gespeicherten personenbezogenen Daten des Teilnehmers umgehend gel\u00f6scht.<\/p><h5>Facebook\/Instagram Disclaimer<\/h5><p>Diese Aktion steht in keiner Verbindung zu Facebook und wird in keiner Weise von Facebook gesponsert, unterst\u00fctzt oder organisiert.<\/p><h5>Anwendbares Recht<\/h5><p>Fragen oder Beanstandungen im Zusammenhang mit dem Gewinnspiel sind an den Betreiber zu richten. Kontaktm\u00f6glichkeiten finden sich im Impressum.<\/p><p>Das Gewinnspiel des Betreibers unterliegt ausschlie\u00dflich dem Recht der Bundesrepublik Deutschland. Der Rechtsweg ist ausgeschlossen.<\/p><h5>Salvatorische Klausel<\/h5><p>Sollte eine Bestimmung dieser Teilnahmebedingungen ganz oder teilweise unwirksam sein oder werden, so wird dadurch die G\u00fcltigkeit dieser Teilnahmebedingungen im \u00dcbrigen nicht ber\u00fchrt. Statt der unwirksamen Bestimmung gilt diejenige gesetzlich zul\u00e4ssige Regelung, die dem in der unwirksamen Bestimmung zum Ausdruck gekommenen Sinn und Zweck wirtschaftlich am n\u00e4chsten kommt. Entsprechendes gilt f\u00fcr den Fall des Vorliegens einer Regelungsl\u00fccke in diesen Teilnahmebedingungen.<\/p><p>Viel Gl\u00fcck und Erfolg w\u00fcnscht das Team von Flatify.<\/p>\t\t\t\t\t\t<\/div>\n\t\t\t\t<\/div>\n\t\t\t\t\t<\/div>\n\t\t<\/div>\n\t\t\t\t\t<\/div>\n\t\t<\/section>\n\t\t\t\t<\/div>","protected":false},"excerpt":{"rendered":"<p>AGB Perfect! You\u2019re in the right place. Teilnahmebedingungen zum Flatify-Gewinnspiel Teilnahmebedingungen Die Teilnahme am Gewinnspiel von Flatify, nachfolgend Betreiber oder Veranstalter genannt, ist kostenlos und richtet sich ausschlie\u00dflich nach diesen Teilnahmebedingungen. Ablauf des Gewinnspiels Die Dauer des Gewinnspiels erstreckt sich vom 12.08.2021, 00:00 Uhr bis zum 18.09.2021, 23:59. Innerhalb dieses Zeitraums erhalten Nutzer online die [&hellip;]<\/p>","protected":false},"author":1,"featured_media":0,"parent":0,"menu_order":0,"comment_status":"closed","ping_status":"closed","template":"elementor_header_footer","meta":{"footnotes":"","iawp_total_views":102},"_links":{"self":[{"href":"https:\/\/flatify-app.com\/nl\/wp-json\/wp\/v2\/pages\/705"}],"collection":[{"href":"https:\/\/flatify-app.com\/nl\/wp-json\/wp\/v2\/pages"}],"about":[{"href":"https:\/\/flatify-app.com\/nl\/wp-json\/wp\/v2\/types\/page"}],"author":[{"embeddable":true,"href":"https:\/\/flatify-app.com\/nl\/wp-json\/wp\/v2\/users\/1"}],"replies":[{"embeddable":true,"href":"https:\/\/flatify-app.com\/nl\/wp-json\/wp\/v2\/comments?post=705"}],"version-history":[{"count":4,"href":"https:\/\/flatify-app.com\/nl\/wp-json\/wp\/v2\/pages\/705\/revisions"}],"predecessor-version":[{"id":711,"href":"https:\/\/flatify-app.com\/nl\/wp-json\/wp\/v2\/pages\/705\/revisions\/711"}],"wp:attachment":[{"href":"https:\/\/flatify-app.com\/nl\/wp-json\/wp\/v2\/media?parent=705"}],"curies":[{"name":"wp","href":"https:\/\/api.w.org\/{rel}","templated":true}]}}